{"id":503,"date":"2022-09-02T15:47:26","date_gmt":"2022-09-02T13:47:26","guid":{"rendered":"https:\/\/algobeauty.buffetitservices.ch\/carrera-profesional\/"},"modified":"2022-09-09T11:20:30","modified_gmt":"2022-09-09T09:20:30","slug":"carrera-profesional","status":"publish","type":"page","link":"https:\/\/algo.swiss\/es\/carrera-profesional\/","title":{"rendered":"Carrera profesional"},"content":{"rendered":"\t\t<div data-elementor-type=\"wp-page\" data-elementor-id=\"503\" class=\"elementor elementor-503 elementor-343\" data-elementor-post-type=\"page\">\n\t\t\t\t\t\t<section class=\"elementor-section elementor-top-section elementor-element elementor-element-a05cc88 elementor-section-boxed elementor-section-height-default elementor-section-height-default\" data-id=\"a05cc88\" data-element_type=\"section\" data-e-type=\"section\">\n\t\t\t\t\t\t<div class=\"elementor-container elementor-column-gap-default\">\n\t\t\t\t\t<div class=\"elementor-column elementor-col-100 elementor-top-column elementor-element elementor-element-f5297ba\" data-id=\"f5297ba\" data-element_type=\"column\" data-e-type=\"column\">\n\t\t\t<div class=\"elementor-widget-wrap elementor-element-populated\">\n\t\t\t\t\t\t<div class=\"elementor-element elementor-element-dc5cc68 elementor-widget elementor-widget-text-editor\" data-id=\"dc5cc68\" data-element_type=\"widget\" data-e-type=\"widget\" data-widget_type=\"text-editor.default\">\n\t\t\t\t<div class=\"elementor-widget-container\">\n\t\t\t\t\t\t\t\t\t<p>Buscamos agentes comerciales que quieran aprender el concepto ALGO Figura Bella como trabajo a tiempo parcial o como trabajo principal y que quieran planificar una carrera a largo plazo con nosotros. Si eres positivo, comunicativo y presente, eres bienvenido con nosotros. <\/p>\t\t\t\t\t\t\t\t<\/div>\n\t\t\t\t<\/div>\n\t\t\t\t<div class=\"elementor-element elementor-element-4136e1d elementor-widget elementor-widget-image-carousel\" data-id=\"4136e1d\" data-element_type=\"widget\" data-e-type=\"widget\" data-settings=\"{&quot;slides_to_show&quot;:&quot;1&quot;,&quot;navigation&quot;:&quot;none&quot;,&quot;pause_on_hover&quot;:&quot;no&quot;,&quot;pause_on_interaction&quot;:&quot;no&quot;,&quot;autoplay_speed&quot;:2500,&quot;speed&quot;:1000,&quot;autoplay&quot;:&quot;yes&quot;,&quot;infinite&quot;:&quot;yes&quot;,&quot;effect&quot;:&quot;slide&quot;}\" data-widget_type=\"image-carousel.default\">\n\t\t\t\t<div class=\"elementor-widget-container\">\n\t\t\t\t\t\t\t<div class=\"elementor-image-carousel-wrapper swiper\" role=\"region\" aria-roledescription=\"carousel\" aria-label=\"Carrusel de im\u00e1genes\" dir=\"ltr\">\n\t\t\t<div class=\"elementor-image-carousel swiper-wrapper\" aria-live=\"off\">\n\t\t\t\t\t\t\t\t<div class=\"swiper-slide\" role=\"group\" aria-roledescription=\"slide\" aria-label=\"1 de 2\"><figure class=\"swiper-slide-inner\"><img decoding=\"async\" class=\"swiper-slide-image\" src=\"https:\/\/algo.swiss\/wp-content\/uploads\/2022\/09\/Team_2022.png\" alt=\"Team_2022\" \/><\/figure><\/div><div class=\"swiper-slide\" role=\"group\" aria-roledescription=\"slide\" aria-label=\"2 de 2\"><figure class=\"swiper-slide-inner\"><img decoding=\"async\" class=\"swiper-slide-image\" src=\"https:\/\/algo.swiss\/wp-content\/uploads\/2022\/09\/Studio.png\" alt=\"Studio\" \/><\/figure><\/div>\t\t\t<\/div>\n\t\t\t\t\t\t\t\n\t\t\t\t\t\t\t\t\t<\/div>\n\t\t\t\t\t\t<\/div>\n\t\t\t\t<\/div>\n\t\t\t\t\t<\/div>\n\t\t<\/div>\n\t\t\t\t\t<\/div>\n\t\t<\/section>\n\t\t\t\t<section class=\"elementor-section elementor-top-section elementor-element elementor-element-b7141de elementor-section-boxed elementor-section-height-default elementor-section-height-default\" data-id=\"b7141de\" data-element_type=\"section\" data-e-type=\"section\">\n\t\t\t\t\t\t<div class=\"elementor-container elementor-column-gap-default\">\n\t\t\t\t\t<div class=\"elementor-column elementor-col-50 elementor-top-column elementor-element elementor-element-8d0249c\" data-id=\"8d0249c\" data-element_type=\"column\" data-e-type=\"column\">\n\t\t\t<div class=\"elementor-widget-wrap elementor-element-populated\">\n\t\t\t\t\t\t<div class=\"elementor-element elementor-element-d290a33 elementor-widget elementor-widget-text-editor\" data-id=\"d290a33\" data-element_type=\"widget\" data-e-type=\"widget\" data-widget_type=\"text-editor.default\">\n\t\t\t\t<div class=\"elementor-widget-container\">\n\t\t\t\t\t\t\t\t\t<p><strong>Formaci\u00f3n en ALGO Beauty Academy<\/strong><\/p><p>Formaci\u00f3n como terapeuta corporal, consultor en 3 d\u00edas<br>Contenido del programa de formaci\u00f3n:<br>\u2013 8 tratamientos corporales diferentes (teor\u00eda y pr\u00e1ctica)<br>\u2013 M\u00e1rketing de ventas<br>\u2013 Fundaci\u00f3n y gesti\u00f3n de su propio sal\u00f3n de belleza.<br>\u2013 Tratamientos a domicilio \u2013 \u00abBelleza m\u00f3vil\u00bb<br>\u2013 Apoyo durante y despu\u00e9s del entrenamiento<\/p><p>grupo objetivo<br>Adultos mayores de 18 a\u00f1os \u2013 precio info: CHF 790.-<\/p><p>Fechas: Lun-Sab (cerrado el domingo)<\/p>\t\t\t\t\t\t\t\t<\/div>\n\t\t\t\t<\/div>\n\t\t\t\t<div class=\"elementor-element elementor-element-3dc971f elementor-widget elementor-widget-image\" data-id=\"3dc971f\" data-element_type=\"widget\" data-e-type=\"widget\" data-widget_type=\"image.default\">\n\t\t\t\t<div class=\"elementor-widget-container\">\n\t\t\t\t\t\t\t\t\t\t\t\t\t\t\t<img fetchpriority=\"high\" decoding=\"async\" width=\"600\" height=\"600\" src=\"https:\/\/algo.swiss\/wp-content\/uploads\/2022\/09\/Studio_klein_V2.png\" class=\"attachment-full size-full wp-image-375\" alt=\"\" srcset=\"https:\/\/algo.swiss\/wp-content\/uploads\/2022\/09\/Studio_klein_V2.png 600w, https:\/\/algo.swiss\/wp-content\/uploads\/2022\/09\/Studio_klein_V2-300x300.png 300w, https:\/\/algo.swiss\/wp-content\/uploads\/2022\/09\/Studio_klein_V2-100x100.png 100w, https:\/\/algo.swiss\/wp-content\/uploads\/2022\/09\/Studio_klein_V2-150x150.png 150w\" sizes=\"(max-width: 600px) 100vw, 600px\" \/>\t\t\t\t\t\t\t\t\t\t\t\t\t\t\t<\/div>\n\t\t\t\t<\/div>\n\t\t\t\t\t<\/div>\n\t\t<\/div>\n\t\t\t\t<div class=\"elementor-column elementor-col-50 elementor-top-column elementor-element elementor-element-276a150\" data-id=\"276a150\" data-element_type=\"column\" data-e-type=\"column\">\n\t\t\t<div class=\"elementor-widget-wrap elementor-element-populated\">\n\t\t\t\t\t\t<div class=\"elementor-element elementor-element-130f2eb elementor-widget elementor-widget-text-editor\" data-id=\"130f2eb\" data-element_type=\"widget\" data-e-type=\"widget\" data-widget_type=\"text-editor.default\">\n\t\t\t\t<div class=\"elementor-widget-container\">\n\t\t\t\t\t\t\t\t\t<p><strong>Independencia<\/strong><\/p><p>GESTIONA TU PROPIO CENTRO DE BELLEZA Y SALUD!<\/p><p>ALGO Beauty es una empresa de \u00e9xito en el sector de la belleza y la salud y te ofrece la oportunidad exclusiva de adquirir uno de nuestros centros.<br>\u00a1Comienza con un negocio llave en mano y amueblado profesionalmente y est\u00e1 en n\u00fameros positivos desde el primer d\u00eda de trabajo!<br>\u00a1Con nuestra experiencia y apoyo lo llevaremos al \u00e9xito!<\/p><p><strong>Nuestro rango<\/strong><\/p><ul><li>Centro de belleza llave en mano en su regi\u00f3n<\/li><li>M\u00e9todos de tratamiento innovadores para el cuerpo y la cara.<\/li><li>Diversos dispositivos de \u00faltima generaci\u00f3n para Body &amp; Face.<\/li><li>Gama de productos de alta calidad<\/li><li>Oferta de marketing dirigida<\/li><li>Apoyo y formaci\u00f3n durante los primeros 6 meses<\/li><li>Asesoramiento ilimitado de nuestro personal especializado<\/li><\/ul><p>Precio desde CHF 30.000.-<\/p>\t\t\t\t\t\t\t\t<\/div>\n\t\t\t\t<\/div>\n\t\t\t\t\t<\/div>\n\t\t<\/div>\n\t\t\t\t\t<\/div>\n\t\t<\/section>\n\t\t\t\t<\/div>\n\t\t","protected":false},"excerpt":{"rendered":"<p>Buscamos agentes comerciales que quieran aprender el concepto ALGO Figura Bella como trabajo a tiempo parcial o como trabajo principal y que quieran planificar una carrera a largo plazo con nosotros. Si eres positivo, comunicativo y presente, eres bienvenido con nosotros. Formaci\u00f3n en ALGO Beauty Academy Formaci\u00f3n como terapeuta corporal, consultor en 3 d\u00edasContenido del [&hellip;]<\/p>\n","protected":false},"author":1,"featured_media":0,"parent":0,"menu_order":0,"comment_status":"closed","ping_status":"closed","template":"","meta":{"footnotes":""},"class_list":["post-503","page","type-page","status-publish","hentry"],"_links":{"self":[{"href":"https:\/\/algo.swiss\/es\/wp-json\/wp\/v2\/pages\/503","targetHints":{"allow":["GET"]}}],"collection":[{"href":"https:\/\/algo.swiss\/es\/wp-json\/wp\/v2\/pages"}],"about":[{"href":"https:\/\/algo.swiss\/es\/wp-json\/wp\/v2\/types\/page"}],"author":[{"embeddable":true,"href":"https:\/\/algo.swiss\/es\/wp-json\/wp\/v2\/users\/1"}],"replies":[{"embeddable":true,"href":"https:\/\/algo.swiss\/es\/wp-json\/wp\/v2\/comments?post=503"}],"version-history":[{"count":1,"href":"https:\/\/algo.swiss\/es\/wp-json\/wp\/v2\/pages\/503\/revisions"}],"predecessor-version":[{"id":504,"href":"https:\/\/algo.swiss\/es\/wp-json\/wp\/v2\/pages\/503\/revisions\/504"}],"wp:attachment":[{"href":"https:\/\/algo.swiss\/es\/wp-json\/wp\/v2\/media?parent=503"}],"curies":[{"name":"wp","href":"https:\/\/api.w.org\/{rel}","templated":true}]}}