{"id":524,"date":"2022-09-01T00:38:15","date_gmt":"2022-08-31T22:38:15","guid":{"rendered":"https:\/\/algobeauty.buffetitservices.ch\/concepto-algo-figura-bella\/"},"modified":"2025-10-01T16:29:43","modified_gmt":"2025-10-01T14:29:43","slug":"concepto-algo-figura-bella","status":"publish","type":"page","link":"https:\/\/algo.swiss\/es\/","title":{"rendered":"concepto ALGO Figura Bella"},"content":{"rendered":"\t\t<div data-elementor-type=\"wp-page\" data-elementor-id=\"524\" class=\"elementor elementor-524 elementor-68\" data-elementor-post-type=\"page\">\n\t\t\t\t\t\t<section class=\"elementor-section elementor-top-section elementor-element elementor-element-48ef5c5 elementor-section-full_width elementor-section-height-default elementor-section-height-default\" data-id=\"48ef5c5\" data-element_type=\"section\" data-e-type=\"section\">\n\t\t\t\t\t\t<div class=\"elementor-container elementor-column-gap-default\">\n\t\t\t\t\t<div class=\"elementor-column elementor-col-33 elementor-top-column elementor-element elementor-element-9b07b5f\" data-id=\"9b07b5f\" data-element_type=\"column\" data-e-type=\"column\">\n\t\t\t<div class=\"elementor-widget-wrap elementor-element-populated\">\n\t\t\t\t\t\t<div class=\"elementor-element elementor-element-eed317b elementor-widget elementor-widget-price-table\" data-id=\"eed317b\" data-element_type=\"widget\" data-e-type=\"widget\" data-widget_type=\"price-table.default\">\n\t\t\t\t<div class=\"elementor-widget-container\">\n\t\t\t\t\t\n\t\t<div class=\"elementor-price-table\">\n\t\t\t\t\t\t\t<div class=\"elementor-price-table__header\">\n\t\t\t\t\t\t\t\t\t\t\t<h3 class=\"elementor-price-table__heading\">\n\t\t\t\t\t\ttraje de spa ALGO\t\t\t\t\t\t<\/h3>\n\t\t\t\t\t\n\t\t\t\t\t\t\t\t\t\t\t<span class=\"elementor-price-table__subheading\">\n\t\t\t\t\t\t\tahora con descuento introductorio\t\t\t\t\t\t<\/span>\n\t\t\t\t\t\t\t\t\t<\/div>\n\t\t\t\n\t\t\t<div class=\"elementor-price-table__price\">\n\t\t\t\t\t\t\t\t\t\t\t\t\n\t\t\t\t\n\t\t\t\t\n\t\t\t\t\t\t\t<\/div>\n\n\t\t\t\t\t\t\t<ul class=\"elementor-price-table__features-list\">\n\t\t\t\t\t\t\t\t\t\t\t<li class=\"elementor-repeater-item-13875bf\">\n\t\t\t\t\t\t\t<div class=\"elementor-price-table__feature-inner\">\n\t\t\t\t\t\t\t\t<i aria-hidden=\"true\" class=\"far fa-check-circle\"><\/i>\t\t\t\t\t\t\t\t\t\t\t\t\t\t\t\t\t<span >\n\t\t\t\t\t\t\t\t\t\t1x Crema DETOX\t\t\t\t\t\t\t\t\t<\/span>\n\t\t\t\t\t\t\t\t\t\t\t\t\t\t\t\t<\/div>\n\t\t\t\t\t\t<\/li>\n\t\t\t\t\t\t\t\t\t\t\t<li class=\"elementor-repeater-item-b635a49\">\n\t\t\t\t\t\t\t<div class=\"elementor-price-table__feature-inner\">\n\t\t\t\t\t\t\t\t<i aria-hidden=\"true\" class=\"far fa-check-circle\"><\/i>\t\t\t\t\t\t\t\t\t\t\t\t\t\t\t\t\t<span >\n\t\t\t\t\t\t\t\t\t\t1x Crema FRESH\t\t\t\t\t\t\t\t\t<\/span>\n\t\t\t\t\t\t\t\t\t\t\t\t\t\t\t\t<\/div>\n\t\t\t\t\t\t<\/li>\n\t\t\t\t\t\t\t\t\t\t\t<li class=\"elementor-repeater-item-e54d208\">\n\t\t\t\t\t\t\t<div class=\"elementor-price-table__feature-inner\">\n\t\t\t\t\t\t\t\t<i aria-hidden=\"true\" class=\"far fa-check-circle\"><\/i>\t\t\t\t\t\t\t\t\t\t\t\t\t\t\t\t\t<span >\n\t\t\t\t\t\t\t\t\t\t1x traje de higiene lavable\t\t\t\t\t\t\t\t\t<\/span>\n\t\t\t\t\t\t\t\t\t\t\t\t\t\t\t\t<\/div>\n\t\t\t\t\t\t<\/li>\n\t\t\t\t\t\t\t\t\t\t\t<li class=\"elementor-repeater-item-7751573\">\n\t\t\t\t\t\t\t<div class=\"elementor-price-table__feature-inner\">\n\t\t\t\t\t\t\t\t<i aria-hidden=\"true\" class=\"far fa-check-circle\"><\/i>\t\t\t\t\t\t\t\t\t\t\t\t\t\t\t\t\t<span >\n\t\t\t\t\t\t\t\t\t\t1x traje de spa ALGO dorado\t\t\t\t\t\t\t\t\t<\/span>\n\t\t\t\t\t\t\t\t\t\t\t\t\t\t\t\t<\/div>\n\t\t\t\t\t\t<\/li>\n\t\t\t\t\t\t\t\t\t\t\t<li class=\"elementor-repeater-item-800f117\">\n\t\t\t\t\t\t\t<div class=\"elementor-price-table__feature-inner\">\n\t\t\t\t\t\t\t\t<i aria-hidden=\"true\" class=\"far fa-check-circle\"><\/i>\t\t\t\t\t\t\t\t\t\t\t\t\t\t\t\t\t<span >\n\t\t\t\t\t\t\t\t\t\tIncl. Gastos de env\u00edo en Suiza \t\t\t\t\t\t\t\t\t<\/span>\n\t\t\t\t\t\t\t\t\t\t\t\t\t\t\t\t<\/div>\n\t\t\t\t\t\t<\/li>\n\t\t\t\t\t\t\t\t\t\t\t<li class=\"elementor-repeater-item-de035fd\">\n\t\t\t\t\t\t\t<div class=\"elementor-price-table__feature-inner\">\n\t\t\t\t\t\t\t\t<i aria-hidden=\"true\" class=\"far fa-check-circle\"><\/i>\t\t\t\t\t\t\t\t\t\t\t\t\t\t\t\t\t<span >\n\t\t\t\t\t\t\t\t\t\tIncl. IVA. \t\t\t\t\t\t\t\t\t<\/span>\n\t\t\t\t\t\t\t\t\t\t\t\t\t\t\t\t<\/div>\n\t\t\t\t\t\t<\/li>\n\t\t\t\t\t\t\t\t\t<\/ul>\n\t\t\t\n\t\t\t\t\t\t\t<div class=\"elementor-price-table__footer\">\n\t\t\t\t\t\t\t\t\t\t\t<a class=\"elementor-price-table__button elementor-button elementor-size-md\" href=\"https:\/\/algo.swiss\/es\/tienda\/algo-spa-energie-live\/\">\n\t\t\t\t\t\t\ta la tienda\t\t\t\t\t\t<\/a>\n\t\t\t\t\t\n\t\t\t\t\t\t\t\t\t\t\t<div class=\"elementor-price-table__additional_info\">\n\t\t\t\t\t\t\tSolicite descuento por volumen y tratamiento de muestras en nuestro estudio.\t\t\t\t\t\t<\/div>\n\t\t\t\t\t\t\t\t\t<\/div>\n\t\t\t\t\t<\/div>\n\n\t\t\t\t\t\t<\/div>\n\t\t\t\t<\/div>\n\t\t\t\t\t<\/div>\n\t\t<\/div>\n\t\t\t\t<div class=\"elementor-column elementor-col-33 elementor-top-column elementor-element elementor-element-44699c2\" data-id=\"44699c2\" data-element_type=\"column\" data-e-type=\"column\">\n\t\t\t<div class=\"elementor-widget-wrap elementor-element-populated\">\n\t\t\t\t\t\t<div class=\"elementor-element elementor-element-b9b339c elementor-widget elementor-widget-heading\" data-id=\"b9b339c\" data-element_type=\"widget\" data-e-type=\"widget\" data-widget_type=\"heading.default\">\n\t\t\t\t<div class=\"elementor-widget-container\">\n\t\t\t\t\t<h2 class=\"elementor-heading-title elementor-size-default\">Sobre el concepto ALGO Figura Bella<\/h2>\t\t\t\t<\/div>\n\t\t\t\t<\/div>\n\t\t\t\t<div class=\"elementor-element elementor-element-fcfa63a elementor-widget elementor-widget-text-editor\" data-id=\"fcfa63a\" data-element_type=\"widget\" data-e-type=\"widget\" data-widget_type=\"text-editor.default\">\n\t\t\t\t<div class=\"elementor-widget-container\">\n\t\t\t\t\t\t\t\t\t<p style=\"text-align: center;\"><strong>Derecho de Propiedad Industrial Nr. 147203<\/strong><\/p>\t\t\t\t\t\t\t\t<\/div>\n\t\t\t\t<\/div>\n\t\t\t\t<div class=\"elementor-element elementor-element-f519f9e elementor-widget elementor-widget-text-editor\" data-id=\"f519f9e\" data-element_type=\"widget\" data-e-type=\"widget\" data-widget_type=\"text-editor.default\">\n\t\t\t\t<div class=\"elementor-widget-container\">\n\t\t\t\t\t\t\t\t\t<p><br>El concepto ALGO Figura Bella est\u00e1 dise\u00f1ado para combatir eficazmente los problemas de salud modernos como <strong>la celulitis, el edema, la acumulaci\u00f3n de grasa <\/strong>y <strong>las manchas<\/strong> . El ALGO Spa es, por lo tanto, un sistema moderno de alta tecnolog\u00eda ideal y eficaz, que a menudo se utiliza de forma privada en salones de belleza, gimnasios o centros con fines terap\u00e9uticos. Ahora puede utilizar el ALGO Spa con productos en la comodidad de su hogar, mientras viaja o para otras necesidades sin ninguna experiencia. La aplicaci\u00f3n para su cuerpo est\u00e1 lista para usar en 1 a 2 minutos. Ya sea sentado, tumbado o de pie, el ALGO Spa funciona de forma inmediata, r\u00e1pida y segura. El proceso patentado se basa en un sistema de infrarrojos y est\u00e1 exento de la nueva ley NISSG desde junio de 2024. Esto hace que el uso del ALGO Spa en cualquier gimnasio, cl\u00ednica, hotel, centro de bienestar o estudio sea sencillo, pr\u00e1ctico y bienvenido.<br>El ALGO Spa tambi\u00e9n se utiliza cada vez m\u00e1s como una fuente de calor que simplemente puede colocar sobre su ropa y calentar a diferentes temperaturas e intervalos de tiempo. Este tipo de aplicaci\u00f3n es eficaz para la tensi\u00f3n muscular, el dolor de espalda, el dolor articular y los trastornos circulatorios. El consumo m\u00e1ximo de energ\u00eda es de 320 vatios. El consumo de energ\u00eda es comparable al de una bombilla de 320 vatios, que requiere 0,320 kilovatios (kW) por hora. Por ejemplo, si la bombilla se enciende durante cuatro horas al d\u00eda, el consumo anual de energ\u00eda de una bombilla es de 1.280 horas. Por lo tanto, los costes de electricidad de la bombilla de 320 vatios son de aprox. 140,15 \u20ac al a\u00f1o. (Los precios de la electricidad var\u00edan seg\u00fan el pa\u00eds). Recomendamos usar ALGO Spa dos o tres veces por semana durante 45 minutos cada una para obtener resultados r\u00e1pidos.           <\/p>\t\t\t\t\t\t\t\t<\/div>\n\t\t\t\t<\/div>\n\t\t\t\t<div class=\"elementor-element elementor-element-1a63e31 elementor-widget elementor-widget-html\" data-id=\"1a63e31\" data-element_type=\"widget\" data-e-type=\"widget\" data-widget_type=\"html.default\">\n\t\t\t\t<div class=\"elementor-widget-container\">\n\t\t\t\t\t<script> \r\njQuery(document).ready(function($) { \r\nvar delay = 100; setTimeout(function() { \r\n$('.elementor-tab-title').removeClass('elementor-active');\r\n $('.elementor-tab-content').css('display', 'none'); }, delay); \r\n}); \r\n<\/script>\t\t\t\t<\/div>\n\t\t\t\t<\/div>\n\t\t\t\t<div class=\"elementor-element elementor-element-a57270f elementor-widget elementor-widget-accordion\" data-id=\"a57270f\" data-element_type=\"widget\" data-e-type=\"widget\" data-widget_type=\"accordion.default\">\n\t\t\t\t<div class=\"elementor-widget-container\">\n\t\t\t\t\t\t\t<div class=\"elementor-accordion\">\n\t\t\t\t\t\t\t<div class=\"elementor-accordion-item\">\n\t\t\t\t\t<div id=\"elementor-tab-title-1731\" class=\"elementor-tab-title\" data-tab=\"1\" role=\"button\" aria-controls=\"elementor-tab-content-1731\" aria-expanded=\"false\">\n\t\t\t\t\t\t\t\t\t\t\t\t\t<span class=\"elementor-accordion-icon elementor-accordion-icon-left\" aria-hidden=\"true\">\n\t\t\t\t\t\t\t\t\t\t\t\t\t\t\t<span class=\"elementor-accordion-icon-closed\"><i class=\"fas fa-chevron-down\"><\/i><\/span>\n\t\t\t\t\t\t\t\t<span class=\"elementor-accordion-icon-opened\"><i class=\"fas fa-chevron-up\"><\/i><\/span>\n\t\t\t\t\t\t\t\t\t\t\t\t\t\t<\/span>\n\t\t\t\t\t\t\t\t\t\t\t\t<a class=\"elementor-accordion-title\" tabindex=\"0\">Passo 1: aplicaci\u00f3n DETOX<\/a>\n\t\t\t\t\t<\/div>\n\t\t\t\t\t<div id=\"elementor-tab-content-1731\" class=\"elementor-tab-content elementor-clearfix\" data-tab=\"1\" role=\"region\" aria-labelledby=\"elementor-tab-title-1731\"><p><strong>Desintoxicaci\u00f3n corporal con DETOX de sal de los Alpes suizos<\/strong><\/p>\n<p>Crema eficaz contra la celulitis, los dep\u00f3sitos de grasa, los edemas y las imperfecciones. La f\u00f3rmula contiene una mezcla de ingredientes activos que aborda las dolencias en m\u00faltiples frentes. extracto de espirulina,<\/p>\n<p>La carnitina y la cafe\u00edna estimulan la lip\u00f3lisis. Espirulina Fortalece y reestructura, mientras que la carnitina ejerce una actividad vascular protectora. Los sals alpinos suizos aceleran el metabolismo de la piel, por lo que es adecuado para el uso diario con una desintoxicaci\u00f3n m\u00e1s intensa y suave.  <\/p>\n<p><strong>Aplicaci\u00f3n<\/strong>: Cremarse con DETOX No.1 y pasar al PASO.2<\/p>\n<p>200 ml son suficientes para 15-20 tratamientos corporales Precio CHF <strong>95.00<\/strong><\/p>\n<\/div>\n\t\t\t\t<\/div>\n\t\t\t\t\t\t\t<div class=\"elementor-accordion-item\">\n\t\t\t\t\t<div id=\"elementor-tab-title-1732\" class=\"elementor-tab-title\" data-tab=\"2\" role=\"button\" aria-controls=\"elementor-tab-content-1732\" aria-expanded=\"false\">\n\t\t\t\t\t\t\t\t\t\t\t\t\t<span class=\"elementor-accordion-icon elementor-accordion-icon-left\" aria-hidden=\"true\">\n\t\t\t\t\t\t\t\t\t\t\t\t\t\t\t<span class=\"elementor-accordion-icon-closed\"><i class=\"fas fa-chevron-down\"><\/i><\/span>\n\t\t\t\t\t\t\t\t<span class=\"elementor-accordion-icon-opened\"><i class=\"fas fa-chevron-up\"><\/i><\/span>\n\t\t\t\t\t\t\t\t\t\t\t\t\t\t<\/span>\n\t\t\t\t\t\t\t\t\t\t\t\t<a class=\"elementor-accordion-title\" tabindex=\"0\">Passo 2: aplicaci\u00f3n ALGO SPA<\/a>\n\t\t\t\t\t<\/div>\n\t\t\t\t\t<div id=\"elementor-tab-content-1732\" class=\"elementor-tab-content elementor-clearfix\" data-tab=\"2\" role=\"region\" aria-labelledby=\"elementor-tab-title-1732\"><p><strong>ALGO SPA \u2013 ENERG\u00cdA EN VIVO <\/strong><\/p>\n<p>P\u00f3ngase el traje de PVC higi\u00e9nico negro de dos piezas y luego el traje de spa ALGO dorado (este proceso dura 1-2 minutos). Encienda el tiempo (30-60 min) para la aplicaci\u00f3n deseada: <\/p>\n<ul>\n<li>Purificaci\u00f3n y desintoxicaci\u00f3n<\/li>\n<li>drenaje corporal<\/li>\n<li>Aceleraci\u00f3n del metabolismo<\/li>\n<li>Reducci\u00f3n de la circunferencia y estiramiento de la piel<\/li>\n<li>Contra la tensi\u00f3n muscular y de la espalda<\/li>\n<li>Contra denuncias conjuntas<\/li>\n<li>Fortalecimiento del sistema inmunol\u00f3gico<\/li>\n<li>Regulaci\u00f3n en caso de problemas circulatorios<\/li>\n<li>Reducci\u00f3n de peso y anticelul\u00edtico<\/li>\n<\/ul>\n<p>\u00bfQui\u00e9n puede utilizar ALGO Spa?<\/p>\n<ul>\n<li>Privado &#8211; todos los hombres, todas las mujeres hasta 135 kg y todos los ni\u00f1os a partir de 10 a\u00f1os<\/li>\n<li>salones de belleza<\/li>\n<li>Estudios de masaje<\/li>\n<li>Hoteles y SPA<\/li>\n<li>Gimnasios<\/li>\n<li>Fisioterapeutas<\/li>\n<li>casas de retiro<\/li>\n<li>hospitales<\/li>\n<li>rehabilitaci\u00f3n<\/li>\n<li>Doctores<\/li>\n<li>ba\u00f1os termales<\/li>\n<li>Ej\u00e9rcito militar<\/li>\n<\/ul>\n<\/div>\n\t\t\t\t<\/div>\n\t\t\t\t\t\t\t<div class=\"elementor-accordion-item\">\n\t\t\t\t\t<div id=\"elementor-tab-title-1733\" class=\"elementor-tab-title\" data-tab=\"3\" role=\"button\" aria-controls=\"elementor-tab-content-1733\" aria-expanded=\"false\">\n\t\t\t\t\t\t\t\t\t\t\t\t\t<span class=\"elementor-accordion-icon elementor-accordion-icon-left\" aria-hidden=\"true\">\n\t\t\t\t\t\t\t\t\t\t\t\t\t\t\t<span class=\"elementor-accordion-icon-closed\"><i class=\"fas fa-chevron-down\"><\/i><\/span>\n\t\t\t\t\t\t\t\t<span class=\"elementor-accordion-icon-opened\"><i class=\"fas fa-chevron-up\"><\/i><\/span>\n\t\t\t\t\t\t\t\t\t\t\t\t\t\t<\/span>\n\t\t\t\t\t\t\t\t\t\t\t\t<a class=\"elementor-accordion-title\" tabindex=\"0\">Passo 3: aplicaci\u00f3n FRESH<\/a>\n\t\t\t\t\t<\/div>\n\t\t\t\t\t<div id=\"elementor-tab-content-1733\" class=\"elementor-tab-content elementor-clearfix\" data-tab=\"3\" role=\"region\" aria-labelledby=\"elementor-tab-title-1733\"><p><strong>Bienestar, frescor y tensado con FRESCO de sal alpinos suizos<\/strong><\/p>\n<p>Despu\u00e9s del PASO 2 D\u00fachese y s\u00e9quese. Ya puedes aplicar la crema FRESH No. 2 en las zonas problem\u00e1ticas o en todo el cuerpo si quieres un efecto m\u00e1s intenso. La crema gelificada FRESH No. 2 que, estimulando los receptores del fr\u00edo, seguida de un efecto astringente superficial, provoca un aumento local de la actividad metab\u00f3lica a trav\u00e9s de una reacci\u00f3n. Por estos motivos, es el producto \u00f3ptimo contra la celulitis, las impurezas, la aton\u00eda tisular y la pesadez provocada por los edemas. Gracias a los efectos de los sals alpinos suizos, usted y todo su organismo se volver\u00e1n m\u00e1s eficientes y las reservas se acumular\u00e1n nuevamente.    <\/p>\n<p>200 ml son suficientes para 15-20 tratamientos corporales Precio CHF <strong>95.00<\/strong><\/p>\n<\/div>\n\t\t\t\t<\/div>\n\t\t\t\t\t\t\t\t<\/div>\n\t\t\t\t\t\t<\/div>\n\t\t\t\t<\/div>\n\t\t\t\t\t<\/div>\n\t\t<\/div>\n\t\t\t\t<div class=\"elementor-column elementor-col-33 elementor-top-column elementor-element elementor-element-92937c1\" data-id=\"92937c1\" data-element_type=\"column\" data-e-type=\"column\">\n\t\t\t<div class=\"elementor-widget-wrap elementor-element-populated\">\n\t\t\t\t\t\t<div class=\"elementor-element elementor-element-c67fce7 elementor-widget elementor-widget-image-carousel\" data-id=\"c67fce7\" data-element_type=\"widget\" data-e-type=\"widget\" data-settings=\"{&quot;slides_to_show&quot;:&quot;1&quot;,&quot;navigation&quot;:&quot;none&quot;,&quot;lazyload&quot;:&quot;yes&quot;,&quot;pause_on_hover&quot;:&quot;no&quot;,&quot;pause_on_interaction&quot;:&quot;no&quot;,&quot;autoplay_speed&quot;:2500,&quot;speed&quot;:1000,&quot;autoplay&quot;:&quot;yes&quot;,&quot;infinite&quot;:&quot;yes&quot;,&quot;effect&quot;:&quot;slide&quot;}\" data-widget_type=\"image-carousel.default\">\n\t\t\t\t<div class=\"elementor-widget-container\">\n\t\t\t\t\t\t\t<div class=\"elementor-image-carousel-wrapper swiper\" role=\"region\" aria-roledescription=\"carousel\" aria-label=\"Bild Karussell\" dir=\"ltr\">\n\t\t\t<div class=\"elementor-image-carousel swiper-wrapper\" aria-live=\"off\">\n\t\t\t\t\t\t\t\t<div class=\"swiper-slide\" role=\"group\" aria-roledescription=\"slide\" aria-label=\"1 de 6\"><figure class=\"swiper-slide-inner\"><img class=\"swiper-slide-image swiper-lazy\" data-src=\"https:\/\/algo.swiss\/wp-content\/uploads\/2022\/09\/Dana_Sprung.png\" alt=\"Dana_Sprung\" \/><div class=\"swiper-lazy-preloader\"><\/div><\/figure><\/div><div class=\"swiper-slide\" role=\"group\" aria-roledescription=\"slide\" aria-label=\"2 de 6\"><figure class=\"swiper-slide-inner\"><img class=\"swiper-slide-image swiper-lazy\" data-src=\"https:\/\/algo.swiss\/wp-content\/uploads\/2022\/09\/FBK_Koffer.png\" alt=\"FBK_Koffer\" \/><div class=\"swiper-lazy-preloader\"><\/div><\/figure><\/div><div class=\"swiper-slide\" role=\"group\" aria-roledescription=\"slide\" aria-label=\"3 de 6\"><figure class=\"swiper-slide-inner\"><img class=\"swiper-slide-image swiper-lazy\" data-src=\"https:\/\/algo.swiss\/wp-content\/uploads\/2022\/09\/FBK_Vreni.png\" alt=\"FBK_Vreni\" \/><div class=\"swiper-lazy-preloader\"><\/div><\/figure><\/div><div class=\"swiper-slide\" role=\"group\" aria-roledescription=\"slide\" aria-label=\"4 de 6\"><figure class=\"swiper-slide-inner\"><img class=\"swiper-slide-image swiper-lazy\" data-src=\"https:\/\/algo.swiss\/wp-content\/uploads\/2022\/09\/Figura_Bella_Detox_Tube.png\" alt=\"Figura_Bella_Detox_Tube\" \/><div class=\"swiper-lazy-preloader\"><\/div><\/figure><\/div><div class=\"swiper-slide\" role=\"group\" aria-roledescription=\"slide\" aria-label=\"5 de 6\"><figure class=\"swiper-slide-inner\"><img class=\"swiper-slide-image swiper-lazy\" data-src=\"https:\/\/algo.swiss\/wp-content\/uploads\/2022\/09\/Dana_Lukas_Umfang.png\" alt=\"Dana_Lukas_Umfang\" \/><div class=\"swiper-lazy-preloader\"><\/div><\/figure><\/div><div class=\"swiper-slide\" role=\"group\" aria-roledescription=\"slide\" aria-label=\"6 de 6\"><figure class=\"swiper-slide-inner\"><img class=\"swiper-slide-image swiper-lazy\" data-src=\"https:\/\/algo.swiss\/wp-content\/uploads\/2022\/09\/Figura_Bella_Fresh_Tube.png\" alt=\"Figura_Bella_Fresh_Tube\" \/><div class=\"swiper-lazy-preloader\"><\/div><\/figure><\/div>\t\t\t<\/div>\n\t\t\t\t\t\t\t\n\t\t\t\t\t\t\t\t\t<\/div>\n\t\t\t\t\t\t<\/div>\n\t\t\t\t<\/div>\n\t\t\t\t\t<\/div>\n\t\t<\/div>\n\t\t\t\t\t<\/div>\n\t\t<\/section>\n\t\t\t\t<\/div>\n\t\t","protected":false},"excerpt":{"rendered":"<p>traje de spa ALGO ahora con descuento introductorio 1x Crema DETOX 1x Crema FRESH 1x traje de higiene lavable 1x traje de spa ALGO dorado Incl. Gastos de env\u00edo en Suiza Incl. IVA. a la tienda Solicite descuento por volumen y tratamiento de muestras en nuestro estudio. Sobre el concepto ALGO Figura Bella Derecho de [&hellip;]<\/p>\n","protected":false},"author":1,"featured_media":0,"parent":0,"menu_order":0,"comment_status":"closed","ping_status":"closed","template":"","meta":{"footnotes":""},"class_list":["post-524","page","type-page","status-publish","hentry"],"_links":{"self":[{"href":"https:\/\/algo.swiss\/es\/wp-json\/wp\/v2\/pages\/524","targetHints":{"allow":["GET"]}}],"collection":[{"href":"https:\/\/algo.swiss\/es\/wp-json\/wp\/v2\/pages"}],"about":[{"href":"https:\/\/algo.swiss\/es\/wp-json\/wp\/v2\/types\/page"}],"author":[{"embeddable":true,"href":"https:\/\/algo.swiss\/es\/wp-json\/wp\/v2\/users\/1"}],"replies":[{"embeddable":true,"href":"https:\/\/algo.swiss\/es\/wp-json\/wp\/v2\/comments?post=524"}],"version-history":[{"count":23,"href":"https:\/\/algo.swiss\/es\/wp-json\/wp\/v2\/pages\/524\/revisions"}],"predecessor-version":[{"id":1467,"href":"https:\/\/algo.swiss\/es\/wp-json\/wp\/v2\/pages\/524\/revisions\/1467"}],"wp:attachment":[{"href":"https:\/\/algo.swiss\/es\/wp-json\/wp\/v2\/media?parent=524"}],"curies":[{"name":"wp","href":"https:\/\/api.w.org\/{rel}","templated":true}]}}