{"id":534,"date":"2022-09-01T08:39:27","date_gmt":"2022-09-01T06:39:27","guid":{"rendered":"https:\/\/algobeauty.buffetitservices.ch\/cara\/"},"modified":"2022-09-09T13:24:16","modified_gmt":"2022-09-09T11:24:16","slug":"cara","status":"publish","type":"page","link":"https:\/\/algo.swiss\/es\/cara\/","title":{"rendered":"Cara"},"content":{"rendered":"\t\t<div data-elementor-type=\"wp-page\" data-elementor-id=\"534\" class=\"elementor elementor-534 elementor-80\" data-elementor-post-type=\"page\">\n\t\t\t\t\t\t<section class=\"elementor-section elementor-top-section elementor-element elementor-element-e66b6ce elementor-section-full_width elementor-section-height-default elementor-section-height-default\" data-id=\"e66b6ce\" data-element_type=\"section\" data-e-type=\"section\">\n\t\t\t\t\t\t<div class=\"elementor-container elementor-column-gap-default\">\n\t\t\t\t\t<div class=\"elementor-column elementor-col-50 elementor-top-column elementor-element elementor-element-6884daa\" data-id=\"6884daa\" data-element_type=\"column\" data-e-type=\"column\">\n\t\t\t<div class=\"elementor-widget-wrap elementor-element-populated\">\n\t\t\t\t\t\t<div class=\"elementor-element elementor-element-fedad6f elementor-widget elementor-widget-heading\" data-id=\"fedad6f\" data-element_type=\"widget\" data-e-type=\"widget\" data-widget_type=\"heading.default\">\n\t\t\t\t<div class=\"elementor-widget-container\">\n\t\t\t\t\t<h2 class=\"elementor-heading-title elementor-size-default\">Ofrecemos 3 opciones diferentes aqu\u00ed:<\/h2>\t\t\t\t<\/div>\n\t\t\t\t<\/div>\n\t\t\t\t<div class=\"elementor-element elementor-element-724fcae elementor-widget elementor-widget-accordion\" data-id=\"724fcae\" data-element_type=\"widget\" data-e-type=\"widget\" data-widget_type=\"accordion.default\">\n\t\t\t\t<div class=\"elementor-widget-container\">\n\t\t\t\t\t\t\t<div class=\"elementor-accordion\">\n\t\t\t\t\t\t\t<div class=\"elementor-accordion-item\">\n\t\t\t\t\t<div id=\"elementor-tab-title-1191\" class=\"elementor-tab-title\" data-tab=\"1\" role=\"button\" aria-controls=\"elementor-tab-content-1191\" aria-expanded=\"false\">\n\t\t\t\t\t\t\t\t\t\t\t\t\t<span class=\"elementor-accordion-icon elementor-accordion-icon-left\" aria-hidden=\"true\">\n\t\t\t\t\t\t\t\t\t\t\t\t\t\t\t<span class=\"elementor-accordion-icon-closed\"><i class=\"fas fa-chevron-down\"><\/i><\/span>\n\t\t\t\t\t\t\t\t<span class=\"elementor-accordion-icon-opened\"><i class=\"fas fa-chevron-up\"><\/i><\/span>\n\t\t\t\t\t\t\t\t\t\t\t\t\t\t<\/span>\n\t\t\t\t\t\t\t\t\t\t\t\t<a class=\"elementor-accordion-title\" tabindex=\"0\">Limpieza profunda para aclarar tu piel<\/a>\n\t\t\t\t\t<\/div>\n\t\t\t\t\t<div id=\"elementor-tab-content-1191\" class=\"elementor-tab-content elementor-clearfix\" data-tab=\"1\" role=\"region\" aria-labelledby=\"elementor-tab-title-1191\"><p>Combate los poros dilatados, los puntos negros, las manchas y las estructuras irregulares de la piel de forma eficaz y r\u00e1pida.<\/p><p><strong>Contiene:<\/strong><br>Limpieza, compresa calmante facial (rostro, cuello, escote), peeling, t\u00f3nico, limpieza de impurezas, masaje, mascarilla seg\u00fan tipo de piel, depilaci\u00f3n de cejas, coloraci\u00f3n (si se desea) cuidado final.<\/p><p><strong>Precio: desde CHF 90.00<\/strong><\/p><\/div>\n\t\t\t\t<\/div>\n\t\t\t\t\t\t\t<div class=\"elementor-accordion-item\">\n\t\t\t\t\t<div id=\"elementor-tab-title-1192\" class=\"elementor-tab-title\" data-tab=\"2\" role=\"button\" aria-controls=\"elementor-tab-content-1192\" aria-expanded=\"false\">\n\t\t\t\t\t\t\t\t\t\t\t\t\t<span class=\"elementor-accordion-icon elementor-accordion-icon-left\" aria-hidden=\"true\">\n\t\t\t\t\t\t\t\t\t\t\t\t\t\t\t<span class=\"elementor-accordion-icon-closed\"><i class=\"fas fa-chevron-down\"><\/i><\/span>\n\t\t\t\t\t\t\t\t<span class=\"elementor-accordion-icon-opened\"><i class=\"fas fa-chevron-up\"><\/i><\/span>\n\t\t\t\t\t\t\t\t\t\t\t\t\t\t<\/span>\n\t\t\t\t\t\t\t\t\t\t\t\t<a class=\"elementor-accordion-title\" tabindex=\"0\">DMT (terapia de punci\u00f3n)<\/a>\n\t\t\t\t\t<\/div>\n\t\t\t\t\t<div id=\"elementor-tab-content-1192\" class=\"elementor-tab-content elementor-clearfix\" data-tab=\"2\" role=\"region\" aria-labelledby=\"elementor-tab-title-1192\"><ul><li>Tratamiento contra el acn\u00e9<\/li><li>Rejuvenecimiento de piel<\/li><li>Contra las manchas de pigmento<\/li><li>alisado de arrugas<\/li><\/ul><p>Sin embargo, puede ser incluso mejor, incluso m\u00e1s eficaz contra las arrugas, las cicatrices, el acn\u00e9 y las manchas de pigmento.<br>Con Derma-Mesoterapia (DMT), la piel problem\u00e1tica se trata con el llamado Derma Roller, que est\u00e1 equipado con agujas muy finas y cortas. Cuando perforan la capa superior de la piel, la epidermis, irritan ciertos receptores de nuestra piel, por lo que se debe liberar m\u00e1s col\u00e1geno, elastina y \u00e1cido hialur\u00f3nico, sustancias end\u00f3genas que son esenciales para la elasticidad y la fuerza del tejido conectivo. Como resultado, la piel ya deber\u00eda verse m\u00e1s firme, m\u00e1s joven y m\u00e1s fresca despu\u00e9s del primer tratamiento. Otro efecto secundario positivo del tratamiento es el aumento de la capacidad de absorci\u00f3n de la piel, por ejemplo, para rejuvenecer los ingredientes activos que pueden penetrar m\u00e1s profundamente en el tejido. Durante la terapia con DMT, las c\u00e9lulas de la piel, principalmente los fibroblastos, estimulan la divisi\u00f3n celular y se ha demostrado que no dejan cicatrices. Los fibroblastos, tambi\u00e9n puede llamarlos los arquitectos de la piel, sintetizan nuevas fibras de col\u00e1geno hasta una profundidad de la piel de aproximadamente 0,6 mm, que se integran en la estructura de la piel existente y protegen la piel desde el interior. Varios dermat\u00f3logos han comprobado que, con DMT, el aumento medio de col\u00e1geno es del 206%. Aunque toma algunas semanas construir nuevas capas de col\u00e1geno, tambi\u00e9n dura mucho m\u00e1s. La Derma-Mesoterapia (DMT) tiene un EFECTO A LARGO PLAZO.<br>Por ello, el tratamiento finaliza con la administraci\u00f3n de una ampolla de hialur\u00f3n para estimular la circulaci\u00f3n. Su objetivo es aumentar de forma sostenible la resiliencia y la elasticidad de la piel del rostro. La tez tambi\u00e9n puede parecer m\u00e1s radiante con este tratamiento.<\/p><p><strong>Precio: desde CHF 159,00<\/strong><\/p><\/div>\n\t\t\t\t<\/div>\n\t\t\t\t\t\t\t<div class=\"elementor-accordion-item\">\n\t\t\t\t\t<div id=\"elementor-tab-title-1193\" class=\"elementor-tab-title\" data-tab=\"3\" role=\"button\" aria-controls=\"elementor-tab-content-1193\" aria-expanded=\"false\">\n\t\t\t\t\t\t\t\t\t\t\t\t\t<span class=\"elementor-accordion-icon elementor-accordion-icon-left\" aria-hidden=\"true\">\n\t\t\t\t\t\t\t\t\t\t\t\t\t\t\t<span class=\"elementor-accordion-icon-closed\"><i class=\"fas fa-chevron-down\"><\/i><\/span>\n\t\t\t\t\t\t\t\t<span class=\"elementor-accordion-icon-opened\"><i class=\"fas fa-chevron-up\"><\/i><\/span>\n\t\t\t\t\t\t\t\t\t\t\t\t\t\t<\/span>\n\t\t\t\t\t\t\t\t\t\t\t\t<a class=\"elementor-accordion-title\" tabindex=\"0\">Apriete sin cirug\u00eda con terapia de radiofrecuencia<\/a>\n\t\t\t\t\t<\/div>\n\t\t\t\t\t<div id=\"elementor-tab-content-1193\" class=\"elementor-tab-content elementor-clearfix\" data-tab=\"3\" role=\"region\" aria-labelledby=\"elementor-tab-title-1193\"><p>Con la terapia de radiofrecuencia es posible contrarrestar el proceso natural de envejecimiento sin intervenci\u00f3n quir\u00fargica. Una de las ventajas de este m\u00e9todo es que es completamente indoloro y no tiene efectos secundarios. En radiofrecuencia, la energ\u00eda se env\u00eda a la superficie de la piel y\/o tejido subcut\u00e1neo en forma de calor. El calor estimula nuevamente la formaci\u00f3n de col\u00e1geno en la piel, lo que puede contrarrestar el envejecimiento de la piel de una manera suave. Combinamos este tratamiento con BIO Hyaluron, que se introduce en el tejido.<\/p><p><strong>Precio: desde CHF 159,00<\/strong><\/p><\/div>\n\t\t\t\t<\/div>\n\t\t\t\t\t\t\t\t<\/div>\n\t\t\t\t\t\t<\/div>\n\t\t\t\t<\/div>\n\t\t\t\t\t<\/div>\n\t\t<\/div>\n\t\t\t\t<div class=\"elementor-column elementor-col-50 elementor-top-column elementor-element elementor-element-6afe632\" data-id=\"6afe632\" data-element_type=\"column\" data-e-type=\"column\">\n\t\t\t<div class=\"elementor-widget-wrap elementor-element-populated\">\n\t\t\t\t\t\t<div class=\"elementor-element elementor-element-f8931f2 elementor-widget elementor-widget-image-carousel\" data-id=\"f8931f2\" data-element_type=\"widget\" data-e-type=\"widget\" data-settings=\"{&quot;slides_to_show&quot;:&quot;1&quot;,&quot;navigation&quot;:&quot;none&quot;,&quot;lazyload&quot;:&quot;yes&quot;,&quot;pause_on_hover&quot;:&quot;no&quot;,&quot;pause_on_interaction&quot;:&quot;no&quot;,&quot;autoplay_speed&quot;:2500,&quot;speed&quot;:1000,&quot;autoplay&quot;:&quot;yes&quot;,&quot;infinite&quot;:&quot;yes&quot;,&quot;effect&quot;:&quot;slide&quot;}\" data-widget_type=\"image-carousel.default\">\n\t\t\t\t<div class=\"elementor-widget-container\">\n\t\t\t\t\t\t\t<div class=\"elementor-image-carousel-wrapper swiper\" role=\"region\" aria-roledescription=\"carousel\" aria-label=\"Carrusel de im\u00e1genes\" dir=\"ltr\">\n\t\t\t<div class=\"elementor-image-carousel swiper-wrapper\" aria-live=\"off\">\n\t\t\t\t\t\t\t\t<div class=\"swiper-slide\" role=\"group\" aria-roledescription=\"slide\" aria-label=\"1 de 5\"><figure class=\"swiper-slide-inner\"><img class=\"swiper-slide-image swiper-lazy\" data-src=\"https:\/\/algo.swiss\/wp-content\/uploads\/2022\/09\/Face_Dana.png\" alt=\"Face_Dana\" \/><div class=\"swiper-lazy-preloader\"><\/div><\/figure><\/div><div class=\"swiper-slide\" role=\"group\" aria-roledescription=\"slide\" aria-label=\"2 de 5\"><figure class=\"swiper-slide-inner\"><img class=\"swiper-slide-image swiper-lazy\" data-src=\"https:\/\/algo.swiss\/wp-content\/uploads\/2022\/09\/Face_Lukas.png\" alt=\"Face_Lukas\" \/><div class=\"swiper-lazy-preloader\"><\/div><\/figure><\/div><div class=\"swiper-slide\" role=\"group\" aria-roledescription=\"slide\" aria-label=\"3 de 5\"><figure class=\"swiper-slide-inner\"><img class=\"swiper-slide-image swiper-lazy\" data-src=\"https:\/\/algo.swiss\/wp-content\/uploads\/2022\/09\/Face_Sasa.png\" alt=\"Face_Sasa\" \/><div class=\"swiper-lazy-preloader\"><\/div><\/figure><\/div><div class=\"swiper-slide\" role=\"group\" aria-roledescription=\"slide\" aria-label=\"4 de 5\"><figure class=\"swiper-slide-inner\"><img class=\"swiper-slide-image swiper-lazy\" data-src=\"https:\/\/algo.swiss\/wp-content\/uploads\/2022\/09\/Face_Sonja.png\" alt=\"Face_Sonja\" \/><div class=\"swiper-lazy-preloader\"><\/div><\/figure><\/div><div class=\"swiper-slide\" role=\"group\" aria-roledescription=\"slide\" aria-label=\"5 de 5\"><figure class=\"swiper-slide-inner\"><img class=\"swiper-slide-image swiper-lazy\" data-src=\"https:\/\/algo.swiss\/wp-content\/uploads\/2022\/09\/Face_Algo.png\" alt=\"Face_Algo\" \/><div class=\"swiper-lazy-preloader\"><\/div><\/figure><\/div>\t\t\t<\/div>\n\t\t\t\t\t\t\t\n\t\t\t\t\t\t\t\t\t<\/div>\n\t\t\t\t\t\t<\/div>\n\t\t\t\t<\/div>\n\t\t\t\t\t<\/div>\n\t\t<\/div>\n\t\t\t\t\t<\/div>\n\t\t<\/section>\n\t\t\t\t<\/div>\n\t\t","protected":false},"excerpt":{"rendered":"<p>Ofrecemos 3 opciones diferentes aqu\u00ed: Limpieza profunda para aclarar tu piel Combate los poros dilatados, los puntos negros, las manchas y las estructuras irregulares de la piel de forma eficaz y r\u00e1pida. Contiene:Limpieza, compresa calmante facial (rostro, cuello, escote), peeling, t\u00f3nico, limpieza de impurezas, masaje, mascarilla seg\u00fan tipo de piel, depilaci\u00f3n de cejas, coloraci\u00f3n (si [&hellip;]<\/p>\n","protected":false},"author":1,"featured_media":0,"parent":0,"menu_order":0,"comment_status":"closed","ping_status":"closed","template":"","meta":{"footnotes":""},"class_list":["post-534","page","type-page","status-publish","hentry"],"_links":{"self":[{"href":"https:\/\/algo.swiss\/es\/wp-json\/wp\/v2\/pages\/534","targetHints":{"allow":["GET"]}}],"collection":[{"href":"https:\/\/algo.swiss\/es\/wp-json\/wp\/v2\/pages"}],"about":[{"href":"https:\/\/algo.swiss\/es\/wp-json\/wp\/v2\/types\/page"}],"author":[{"embeddable":true,"href":"https:\/\/algo.swiss\/es\/wp-json\/wp\/v2\/users\/1"}],"replies":[{"embeddable":true,"href":"https:\/\/algo.swiss\/es\/wp-json\/wp\/v2\/comments?post=534"}],"version-history":[{"count":1,"href":"https:\/\/algo.swiss\/es\/wp-json\/wp\/v2\/pages\/534\/revisions"}],"predecessor-version":[{"id":535,"href":"https:\/\/algo.swiss\/es\/wp-json\/wp\/v2\/pages\/534\/revisions\/535"}],"wp:attachment":[{"href":"https:\/\/algo.swiss\/es\/wp-json\/wp\/v2\/media?parent=534"}],"curies":[{"name":"wp","href":"https:\/\/api.w.org\/{rel}","templated":true}]}}