{"id":859,"date":"2022-09-09T19:26:41","date_gmt":"2022-09-09T17:26:41","guid":{"rendered":"https:\/\/algo-beauty.ch\/impresion-original-en-aleman-esta-es-una-traduccion-automatica\/"},"modified":"2022-09-27T15:25:24","modified_gmt":"2022-09-27T13:25:24","slug":"impresion","status":"publish","type":"page","link":"https:\/\/algo.swiss\/es\/impresion\/","title":{"rendered":"Impresi\u00f3n"},"content":{"rendered":"\t\t<div data-elementor-type=\"wp-page\" data-elementor-id=\"859\" class=\"elementor elementor-859 elementor-664\" data-elementor-post-type=\"page\">\n\t\t\t\t\t\t<section class=\"elementor-section elementor-top-section elementor-element elementor-element-b59346d elementor-section-boxed elementor-section-height-default elementor-section-height-default\" data-id=\"b59346d\" data-element_type=\"section\" data-e-type=\"section\">\n\t\t\t\t\t\t<div class=\"elementor-container elementor-column-gap-default\">\n\t\t\t\t\t<div class=\"elementor-column elementor-col-100 elementor-top-column elementor-element elementor-element-8c12c98\" data-id=\"8c12c98\" data-element_type=\"column\" data-e-type=\"column\">\n\t\t\t<div class=\"elementor-widget-wrap elementor-element-populated\">\n\t\t\t\t\t\t<div class=\"elementor-element elementor-element-dd0a722 elementor-widget elementor-widget-heading\" data-id=\"dd0a722\" data-element_type=\"widget\" data-e-type=\"widget\" data-widget_type=\"heading.default\">\n\t\t\t\t<div class=\"elementor-widget-container\">\n\t\t\t\t\t<h2 class=\"elementor-heading-title elementor-size-default\">Impresi\u00f3n (original en alem\u00e1n, esta es una traducci\u00f3n autom\u00e1tica)<\/h2>\t\t\t\t<\/div>\n\t\t\t\t<\/div>\n\t\t\t\t<div class=\"elementor-element elementor-element-2ba73b7 elementor-widget elementor-widget-html\" data-id=\"2ba73b7\" data-element_type=\"widget\" data-e-type=\"widget\" data-widget_type=\"html.default\">\n\t\t\t\t<div class=\"elementor-widget-container\">\n\t\t\t\t\t<p><strong><i>Direcci\u00f3n de contacto<\/i><\/strong><\/p><p>Algo Beauty AVESTA<br>Ostring 44<br>8105 Regensdorf<br>Suiza<\/p><p>Correo electr\u00f3nico:<br>info@algo-beauty.ch \/ info@algo.swiss<\/p><br><br><p><strong><i>Representante(s) autorizado(s)<\/i><\/strong><\/p>Dana Aleksendric, Directora General<br><br><p><strong><i>Inscripci\u00f3n en el registro mercantil<\/i><\/strong><\/p>Nombre de la empresa registrada:<br><strong>Algo Beauty AVESTA<\/strong><br><br>N\u00famero de empresa (UID):<br><strong>CHE-206.165.037<\/strong><br><br><p>N\u00famero de IVA<br><strong>CHE-206.165.037 IVA<\/strong><br><br><br><\/p><p><strong><i>Renuncia<\/i><\/strong><\/p>El autor no asume ninguna responsabilidad con respecto a la exactitud, exactitud, puntualidad, fiabilidad e integridad de la informaci\u00f3n.<p>Se excluyen las reclamaciones de responsabilidad contra el autor debido a da\u00f1os materiales o inmateriales resultantes del acceso o uso o no uso de la informaci\u00f3n publicada, mal uso de la conexi\u00f3n o fallas t\u00e9cnicas.<\/p><p>Todas las ofertas no son vinculantes. El autor se reserva expresamente el derecho de cambiar, complementar o eliminar partes de las p\u00e1ginas o la oferta completa sin previo aviso o de cesar la publicaci\u00f3n temporal o permanentemente.<\/p><br><br><p><strong><i>Descargo de responsabilidad para enlaces<\/i><\/strong><\/p><p>Las referencias y enlaces a sitios web de terceros est\u00e1n fuera de nuestra \u00e1rea de responsabilidad. Se rechaza cualquier responsabilidad por dichos sitios web. El acceso y uso de dichos sitios web es bajo el propio riesgo del usuario.<\/p><br><br><p><strong><i>Autor<\/i><\/strong><\/p><p>Los derechos de autor y todos los dem\u00e1s derechos sobre el contenido, im\u00e1genes, fotos u otros archivos en este sitio web pertenecen exclusivamente a <strong>la empresa Algo Beauty AVESTA<\/strong> o a los titulares de derechos espec\u00edficamente nombrados. Para la reproducci\u00f3n de cualquier elemento, el consentimiento por escrito del titular de los derechos de autor debe obtenerse por adelantado.<\/p><br><!--ACHTUNG: Wenn Sie die Quelle ohne Erlaubnis von SwissAnwalt entfernen, dann begehen Sie eine Urheberrechtsverletzung welche in jedem Fall geahndet wird.-->Fuente: <a href=\"https:\/\/www.swissanwalt.ch\" target=\"_blank\" rel=\"noopener\">SwissAnwalt<\/a><!--Bitte beachten Sie die AGB von SwissAnwalt betreffend allf&auml;llig anfallenden Kosten bei Weglassen der Quelle!-->\t\t\t\t<\/div>\n\t\t\t\t<\/div>\n\t\t\t\t\t<\/div>\n\t\t<\/div>\n\t\t\t\t\t<\/div>\n\t\t<\/section>\n\t\t\t\t<\/div>\n\t\t","protected":false},"excerpt":{"rendered":"<p>Impresi\u00f3n (original en alem\u00e1n, esta es una traducci\u00f3n autom\u00e1tica) Direcci\u00f3n de contacto Algo Beauty AVESTAOstring 448105 RegensdorfSuiza Correo electr\u00f3nico:info@algo-beauty.ch \/ info@algo.swiss Representante(s) autorizado(s) Dana Aleksendric, Directora General Inscripci\u00f3n en el registro mercantil Nombre de la empresa registrada:Algo Beauty AVESTA N\u00famero de empresa (UID):CHE-206.165.037 N\u00famero de IVACHE-206.165.037 IVA Renuncia El autor no asume ninguna responsabilidad con [&hellip;]<\/p>\n","protected":false},"author":1,"featured_media":0,"parent":0,"menu_order":0,"comment_status":"closed","ping_status":"closed","template":"","meta":{"footnotes":""},"class_list":["post-859","page","type-page","status-publish","hentry"],"_links":{"self":[{"href":"https:\/\/algo.swiss\/es\/wp-json\/wp\/v2\/pages\/859","targetHints":{"allow":["GET"]}}],"collection":[{"href":"https:\/\/algo.swiss\/es\/wp-json\/wp\/v2\/pages"}],"about":[{"href":"https:\/\/algo.swiss\/es\/wp-json\/wp\/v2\/types\/page"}],"author":[{"embeddable":true,"href":"https:\/\/algo.swiss\/es\/wp-json\/wp\/v2\/users\/1"}],"replies":[{"embeddable":true,"href":"https:\/\/algo.swiss\/es\/wp-json\/wp\/v2\/comments?post=859"}],"version-history":[{"count":4,"href":"https:\/\/algo.swiss\/es\/wp-json\/wp\/v2\/pages\/859\/revisions"}],"predecessor-version":[{"id":902,"href":"https:\/\/algo.swiss\/es\/wp-json\/wp\/v2\/pages\/859\/revisions\/902"}],"wp:attachment":[{"href":"https:\/\/algo.swiss\/es\/wp-json\/wp\/v2\/media?parent=859"}],"curies":[{"name":"wp","href":"https:\/\/api.w.org\/{rel}","templated":true}]}}