{"id":1501,"date":"2025-10-15T18:36:23","date_gmt":"2025-10-15T16:36:23","guid":{"rendered":"https:\/\/algo.swiss\/shop\/voucher-aceleracion-metabolica-y-recuperacion-muscular\/"},"modified":"2025-10-15T18:36:23","modified_gmt":"2025-10-15T16:36:23","slug":"voucher-aceleracion-metabolica-y-recuperacion-muscular","status":"publish","type":"product","link":"https:\/\/algo.swiss\/es\/tienda\/voucher-aceleracion-metabolica-y-recuperacion-muscular\/","title":{"rendered":"Voucher Aceleraci\u00f3n Metab\u00f3lica y Recuperaci\u00f3n Muscular"},"content":{"rendered":"","protected":false},"excerpt":{"rendered":"","protected":false},"featured_media":1545,"template":"","meta":[],"product_brand":[],"product_cat":[41],"product_tag":[],"class_list":{"0":"post-1501","1":"product","2":"type-product","3":"status-publish","4":"has-post-thumbnail","6":"product_cat-unkategorisiert-es","8":"first","9":"instock","10":"taxable","11":"shipping-taxable","12":"purchasable","13":"product-type-simple"},"_links":{"self":[{"href":"https:\/\/algo.swiss\/es\/wp-json\/wp\/v2\/product\/1501","targetHints":{"allow":["GET"]}}],"collection":[{"href":"https:\/\/algo.swiss\/es\/wp-json\/wp\/v2\/product"}],"about":[{"href":"https:\/\/algo.swiss\/es\/wp-json\/wp\/v2\/types\/product"}],"wp:featuredmedia":[{"embeddable":true,"href":"https:\/\/algo.swiss\/es\/wp-json\/wp\/v2\/media\/1545"}],"wp:attachment":[{"href":"https:\/\/algo.swiss\/es\/wp-json\/wp\/v2\/media?parent=1501"}],"wp:term":[{"taxonomy":"product_brand","embeddable":true,"href":"https:\/\/algo.swiss\/es\/wp-json\/wp\/v2\/product_brand?post=1501"},{"taxonomy":"product_cat","embeddable":true,"href":"https:\/\/algo.swiss\/es\/wp-json\/wp\/v2\/product_cat?post=1501"},{"taxonomy":"product_tag","embeddable":true,"href":"https:\/\/algo.swiss\/es\/wp-json\/wp\/v2\/product_tag?post=1501"}],"curies":[{"name":"wp","href":"https:\/\/api.w.org\/{rel}","templated":true}]}}