{"id":569,"date":"2022-09-01T18:32:59","date_gmt":"2022-09-01T16:32:59","guid":{"rendered":"https:\/\/algobeauty.buffetitservices.ch\/shop\/detox-no-1-200-ml\/"},"modified":"2025-01-14T16:10:39","modified_gmt":"2025-01-14T15:10:39","slug":"detox-no-1-200-ml","status":"publish","type":"product","link":"https:\/\/algo.swiss\/es\/tienda\/detox-no-1-200-ml\/","title":{"rendered":"DETOX No. 1 (200 ml)"},"content":{"rendered":"","protected":false},"excerpt":{"rendered":"<p><strong>Desintoxicaci\u00f3n corporal con DETOX de sal de los Alpes suizos<\/strong><\/p>\n<p>Crema eficaz contra la celulitis, los dep\u00f3sitos de grasa, los edemas y las imperfecciones. La f\u00f3rmula contiene una mezcla de ingredientes activos que aborda las dolencias en m\u00faltiples frentes. Extracto de espirulina, la carnitina y la cafe\u00edna estimulan la lip\u00f3lisis. Espirulina Fortalece y reestructura, mientras que la carnitina ejerce una actividad vascular protectora. Los sals alpinos suizos aceleran el metabolismo de la piel, por lo que es adecuado para el uso diario con una desintoxicaci\u00f3n m\u00e1s intensa y suave.<\/p>\n<p><strong>Aplicaci\u00f3n:<\/strong><br \/>\nAplicar sobre la piel limpia de todo el cuerpo excepto el rostro y masajear hasta la completa absorci\u00f3n de la crema.<br \/>\n200 ml son suficientes para aprox. 15 &#8211; 20 aplicaciones corporales<\/p>\n","protected":false},"featured_media":787,"template":"","meta":[],"product_brand":[],"product_cat":[41],"product_tag":[],"class_list":{"0":"post-569","1":"product","2":"type-product","3":"status-publish","4":"has-post-thumbnail","6":"product_cat-unkategorisiert-es","7":"product_shipping_class-paqueteria-postal","9":"first","10":"instock","11":"taxable","12":"shipping-taxable","13":"purchasable","14":"product-type-simple"},"_links":{"self":[{"href":"https:\/\/algo.swiss\/es\/wp-json\/wp\/v2\/product\/569","targetHints":{"allow":["GET"]}}],"collection":[{"href":"https:\/\/algo.swiss\/es\/wp-json\/wp\/v2\/product"}],"about":[{"href":"https:\/\/algo.swiss\/es\/wp-json\/wp\/v2\/types\/product"}],"wp:featuredmedia":[{"embeddable":true,"href":"https:\/\/algo.swiss\/es\/wp-json\/wp\/v2\/media\/787"}],"wp:attachment":[{"href":"https:\/\/algo.swiss\/es\/wp-json\/wp\/v2\/media?parent=569"}],"wp:term":[{"taxonomy":"product_brand","embeddable":true,"href":"https:\/\/algo.swiss\/es\/wp-json\/wp\/v2\/product_brand?post=569"},{"taxonomy":"product_cat","embeddable":true,"href":"https:\/\/algo.swiss\/es\/wp-json\/wp\/v2\/product_cat?post=569"},{"taxonomy":"product_tag","embeddable":true,"href":"https:\/\/algo.swiss\/es\/wp-json\/wp\/v2\/product_tag?post=569"}],"curies":[{"name":"wp","href":"https:\/\/api.w.org\/{rel}","templated":true}]}}