{"id":596,"date":"2022-09-09T08:37:43","date_gmt":"2022-09-09T06:37:43","guid":{"rendered":"https:\/\/algobeauty.buffetitservices.ch\/shop\/suscripcion-al-cuerpo-8-procedimientos\/"},"modified":"2025-01-19T20:22:29","modified_gmt":"2025-01-19T19:22:29","slug":"body-abo-8-procedimientos","status":"publish","type":"product","link":"https:\/\/algo.swiss\/es\/tienda\/body-abo-8-procedimientos\/","title":{"rendered":"Suscripci\u00f3n al cuerpo (8 procedimientos)"},"content":{"rendered":"","protected":false},"excerpt":{"rendered":"<p><strong>\u00a1PURIFICA, DESINTOXICA, PIERDE PESO Y TEJIDO FIRMEZA!<\/strong><\/p>\n<p>En la b\u00fasqueda de un sistema \u00f3ptimo para purificar, desintoxicar, tensar y adelgazar de forma selectiva, presentamos <strong>m\u00e1s de 25 tratamientos corporales diferentes<\/strong> y encontramos la respuesta: Nuestras diversas aplicaciones t\u00e9cnicas en combinaci\u00f3n con tratamientos corporales desintoxicantes naturales consiguen los mejores resultados y de forma completamente natural. Esto implica p\u00e9rdida de peso espec\u00edfica y \u00e1reas problem\u00e1ticas como el est\u00f3mago, las caderas, las nalgas y los muslos, la reducci\u00f3n de la celulitis y la promoci\u00f3n de la circulaci\u00f3n sangu\u00ednea. Las aplicaciones tienen un efecto relajante, diur\u00e9tico, estimulante del metabolismo, tensor de los tejidos, anticonvulsivo y fortalecen el sistema inmunol\u00f3gico.<\/p>\n<p>El asesoramiento y los tratamientos gratuitos se llevan a cabo en ALGO Beauty, Tramstrasse 3, 8050 Z\u00farich. Info + citas en 044 558 80 88, <a href=\"mailto:info@algo-beauty.ch\">info@algo-beauty.ch<\/a>.<\/p>\n","protected":false},"featured_media":48,"template":"","meta":[],"product_brand":[],"product_cat":[41],"product_tag":[],"class_list":{"0":"post-596","1":"product","2":"type-product","3":"status-publish","4":"has-post-thumbnail","6":"product_cat-unkategorisiert-es","7":"product_shipping_class-paqueteria-postal","9":"first","10":"instock","11":"virtual","12":"taxable","13":"purchasable","14":"product-type-simple"},"_links":{"self":[{"href":"https:\/\/algo.swiss\/es\/wp-json\/wp\/v2\/product\/596","targetHints":{"allow":["GET"]}}],"collection":[{"href":"https:\/\/algo.swiss\/es\/wp-json\/wp\/v2\/product"}],"about":[{"href":"https:\/\/algo.swiss\/es\/wp-json\/wp\/v2\/types\/product"}],"wp:featuredmedia":[{"embeddable":true,"href":"https:\/\/algo.swiss\/es\/wp-json\/wp\/v2\/media\/48"}],"wp:attachment":[{"href":"https:\/\/algo.swiss\/es\/wp-json\/wp\/v2\/media?parent=596"}],"wp:term":[{"taxonomy":"product_brand","embeddable":true,"href":"https:\/\/algo.swiss\/es\/wp-json\/wp\/v2\/product_brand?post=596"},{"taxonomy":"product_cat","embeddable":true,"href":"https:\/\/algo.swiss\/es\/wp-json\/wp\/v2\/product_cat?post=596"},{"taxonomy":"product_tag","embeddable":true,"href":"https:\/\/algo.swiss\/es\/wp-json\/wp\/v2\/product_tag?post=596"}],"curies":[{"name":"wp","href":"https:\/\/api.w.org\/{rel}","templated":true}]}}