{"id":605,"date":"2022-09-09T08:52:54","date_gmt":"2022-09-09T06:52:54","guid":{"rendered":"https:\/\/algobeauty.buffetitservices.ch\/shop\/combi-de-bienestar\/"},"modified":"2025-01-19T20:23:23","modified_gmt":"2025-01-19T19:23:23","slug":"combi-bienestar","status":"publish","type":"product","link":"https:\/\/algo.swiss\/es\/tienda\/combi-bienestar\/","title":{"rendered":"Combi de Bienestar"},"content":{"rendered":"","protected":false},"excerpt":{"rendered":"<p><strong> 1x DETOX No.1 + 1x traje de higiene + 1x FRESH No.2 <\/strong><\/p>\n<p> <strong> Desintoxicaci\u00f3n corporal DETOX con sales de los Alpes suizos<\/strong><br \/>\nCrema con acci\u00f3n contra la celulitis, los dep\u00f3sitos de grasa, el edema y las impurezas. La f\u00f3rmula contiene una mezcla de ingredientes activos que aborda las dolencias en m\u00faltiples frentes. Extracto de espirulina, la carnitina y la cafe\u00edna estimulan la lip\u00f3lisis. Espirulina Fortalece y reestructura mientras que la carnitina ejerce una actividad vascular protectora. <strong>Las sales alpinas suizas<\/strong> aceleran el metabolismo de la piel, por lo que es adecuado para el uso diario con una desintoxicaci\u00f3n m\u00e1s intensa y suave.<\/p>\n<p><strong>Aplicaci\u00f3n:<\/strong> Cremarse con DETOX No.1 y ponerse un traje de higiene. Tiempo de efecto 30 a 60 minutos.<\/p>\n<p><strong>Bienestar, frescura y tonificaci\u00f3n FRESCO con sales de los Alpes suizos<\/strong><br \/>\nD\u00fachate y s\u00e9cate. Ya puedes aplicar la crema FRESH No.2 en las zonas problem\u00e1ticas, o en todo el cuerpo si quieres un efecto m\u00e1s intenso. La crema gelificada FRESH No.2 que, estimulando los receptores del fr\u00edo, seguida de un efecto astringente superficial, provoca un aumento local de la actividad metab\u00f3lica a trav\u00e9s de una reacci\u00f3n. Por estos motivos, es el producto \u00f3ptimo contra la celulitis, las impurezas, la aton\u00eda tisular y la pesadez provocada por los edemas. A trav\u00e9s de la acci\u00f3n de los sals alpinos suizos, usted y todo su organismo se volver\u00e1n m\u00e1s eficientes y se reconstruir\u00e1n las reservas.<\/p>\n","protected":false},"featured_media":601,"template":"","meta":[],"product_brand":[],"product_cat":[41],"product_tag":[],"class_list":{"0":"post-605","1":"product","2":"type-product","3":"status-publish","4":"has-post-thumbnail","6":"product_cat-unkategorisiert-es","7":"product_shipping_class-paqueteria-postal","9":"first","10":"instock","11":"taxable","12":"shipping-taxable","13":"purchasable","14":"product-type-simple"},"_links":{"self":[{"href":"https:\/\/algo.swiss\/es\/wp-json\/wp\/v2\/product\/605","targetHints":{"allow":["GET"]}}],"collection":[{"href":"https:\/\/algo.swiss\/es\/wp-json\/wp\/v2\/product"}],"about":[{"href":"https:\/\/algo.swiss\/es\/wp-json\/wp\/v2\/types\/product"}],"wp:featuredmedia":[{"embeddable":true,"href":"https:\/\/algo.swiss\/es\/wp-json\/wp\/v2\/media\/601"}],"wp:attachment":[{"href":"https:\/\/algo.swiss\/es\/wp-json\/wp\/v2\/media?parent=605"}],"wp:term":[{"taxonomy":"product_brand","embeddable":true,"href":"https:\/\/algo.swiss\/es\/wp-json\/wp\/v2\/product_brand?post=605"},{"taxonomy":"product_cat","embeddable":true,"href":"https:\/\/algo.swiss\/es\/wp-json\/wp\/v2\/product_cat?post=605"},{"taxonomy":"product_tag","embeddable":true,"href":"https:\/\/algo.swiss\/es\/wp-json\/wp\/v2\/product_tag?post=605"}],"curies":[{"name":"wp","href":"https:\/\/api.w.org\/{rel}","templated":true}]}}