{"id":989,"date":"2022-11-30T21:35:46","date_gmt":"2022-11-30T20:35:46","guid":{"rendered":"https:\/\/algo.swiss\/shop\/semillas-de-moringa\/"},"modified":"2022-11-30T21:47:47","modified_gmt":"2022-11-30T20:47:47","slug":"semillas-de-moringa","status":"publish","type":"product","link":"https:\/\/algo.swiss\/es\/tienda\/semillas-de-moringa\/","title":{"rendered":"Semillas de Moringa"},"content":{"rendered":"","protected":false},"excerpt":{"rendered":"<p><a href=\"https:\/\/www.facebook.com\/1023412924369951\/videos\/239185696993996\/?extid=NS-UNK-UNK-UNK-AN_GK0T-GK1C\" target=\"_blank\" rel=\"noopener\">Ir al v\u00eddeo de GALILEO sobre las semillas de Moringa<\/a><\/p>\n<p><strong>Efecto y dosificaci\u00f3n:<\/strong><\/p>\n<ul>\n<li>Certificaci\u00f3n BIO FSSC 22000<\/li>\n<li>Vegano<\/li>\n<li>Certificaci\u00f3n Kosher<\/li>\n<\/ul>\n<p>Las semillas del \u00e1rbol de r\u00e1bano picante (Moringa oleifera) son originarias de Sud\u00e1frica. Las semillas de Moringa son adecuadas para cultivar su propio \u00e1rbol de Moringa. Las semillas tambi\u00e9n se pueden comer crudas, tostadas, cocidas o como pl\u00e1ntulas. Incluso molidos, enriquecen muchas preparaciones. El sabor de las semillas es intensamente agridulce. Las semillas de Moringa son la \u00fanica maravilla natural que hace que el agua sucia sea potable. Laboratorios independientes y 700 estudios han demostrado que pueden filtrar medio litro de agua sucia con una o dos semillas de Moringa molidas y hacerla potable despu\u00e9s de solo una hora. Tambi\u00e9n puede comer estas semillas peladas y regenerar y sanar todo su cuerpo.<\/p>\n<p><strong>Los efectos sobre la salud de las semillas de Moringa:<\/strong><br \/>\nEl alto contenido de fibra en las semillas de Moringa te hace sentir lleno, ocupado y limpia el sistema digestivo. Del mismo modo, las semillas secas tambi\u00e9n ayudan a influir positivamente en el metabolismo: los ingredientes bioactivos ayudan, por ejemplo,<\/p>\n<ul>\n<li>para reducir el az\u00facar en la sangre y los niveles de l\u00edpidos en la sangre e incluso apoyar la terapia en el caso de la diabetes,<\/li>\n<li>compensar las deficiencias de minerales y oligoelementos, como zinc, hierro o calcio,<\/li>\n<li>Enfermedades inflamatorias degenerativas y dolorosas del sistema musculoesquel\u00e9tico y hay evidencia de que<\/li>\n<li>Los ingredientes causan la muerte celular de las c\u00e9lulas tumorales.<\/li>\n<\/ul>\n<p>Vitaminas, minerales y casi 30 antioxidantes diferentes hacen de las semillas una verdadera bomba antienvejecimiento. Las propiedades antiinflamatorias, antioxidantes y antis\u00e9pticas de la semilla de Moringa tambi\u00e9n ayudan con enfermedades de la piel como eczema, neurodermatitis, psoriasis: la piel puede almacenar m\u00e1s humedad y recuperarse.<\/p>\n<p><strong>\u00bfC\u00f3mo se toman las semillas de Moringa?<\/strong><br \/>\nLas semillas de Moringa, cuando est\u00e1n frescas, deben considerarse como un tipo de verdura de frijol o guisante. Pero hay otras formas de usarlos. Tienen un sabor completamente diferente al de las nueces o semillas.<\/p>\n<p>La alta proporci\u00f3n de fibra y sustancias como los gluc\u00f3sidos del aceite de mostaza junto con algunos otros ingredientes lo convierten en un alimento con un fuerte efecto \u00ablimpiador\u00bb. Adem\u00e1s, hay algunos otros ingredientes, prote\u00ednas solubles en agua cargadas positivamente que se unen a los contaminantes en el agua. Adem\u00e1s, hay sustancias antibacterianas. Todo esto hace que las semillas sean un poderoso filtro para el agua contaminada. Las semillas tambi\u00e9n se unen a todo tipo de toxinas, microorganismos y \u00abproductos de desecho\u00bb en el cuerpo.<\/p>\n<p>Por lo tanto, cualquiera que coma demasiado de ellos justo al principio se somete a una limpieza interior \u00e1spera.<\/p>\n<p>Por lo tanto, se recomienda encarecidamente una habituaci\u00f3n lenta al nuevo alimento. Una vez que el sistema digestivo se ha acostumbrado a ellos, dan una nota picante en sopas, guisos o salsas. Secos y molidos, tambi\u00e9n son adecuados para hornear pasteles, panes o galletas. Debido al intenso sabor del r\u00e1bano, cantidades relativamente peque\u00f1as siempre son suficientes.<\/p>\n<p>Algunos testimonios sugieren que incluso dos o tres semillas de Moringa por d\u00eda son capaces de regular el metabolismo del az\u00facar, incluso en la diabetes. Los experimentos sin consultar a un m\u00e9dico no son aconsejables, pero un intento cauteloso con una dosis muy baja no deber\u00eda ser perjudicial.<\/p>\n<p><strong>Dosis de semillas de Moringa:<\/strong><br \/>\nSi desea utilizar semillas de Moringa, debe, como ya se ha descrito, comenzar con una dosis extremadamente baja: en el estado fundamental, la cantidad diaria recomendada para la entrada ser\u00eda de aproximadamente una cucharadita, o de dos a tres semillas peladas enteras.<\/p>\n<p><strong>Nuestra recomendaci\u00f3n:<\/strong><br \/>\nCuando haya tomado las semillas peladas, aplaste las semillas con las decenas antes de tragarlas. Al final, por favor beba un poco de agua. El final es dulce y sabroso.<\/p>\n","protected":false},"featured_media":955,"template":"","meta":[],"product_brand":[],"product_cat":[41],"product_tag":[],"class_list":{"0":"post-989","1":"product","2":"type-product","3":"status-publish","4":"has-post-thumbnail","6":"product_cat-unkategorisiert-es","7":"product_shipping_class-correo","9":"first","10":"instock","11":"taxable","12":"shipping-taxable","13":"purchasable","14":"product-type-variable"},"_links":{"self":[{"href":"https:\/\/algo.swiss\/es\/wp-json\/wp\/v2\/product\/989","targetHints":{"allow":["GET"]}}],"collection":[{"href":"https:\/\/algo.swiss\/es\/wp-json\/wp\/v2\/product"}],"about":[{"href":"https:\/\/algo.swiss\/es\/wp-json\/wp\/v2\/types\/product"}],"wp:featuredmedia":[{"embeddable":true,"href":"https:\/\/algo.swiss\/es\/wp-json\/wp\/v2\/media\/955"}],"wp:attachment":[{"href":"https:\/\/algo.swiss\/es\/wp-json\/wp\/v2\/media?parent=989"}],"wp:term":[{"taxonomy":"product_brand","embeddable":true,"href":"https:\/\/algo.swiss\/es\/wp-json\/wp\/v2\/product_brand?post=989"},{"taxonomy":"product_cat","embeddable":true,"href":"https:\/\/algo.swiss\/es\/wp-json\/wp\/v2\/product_cat?post=989"},{"taxonomy":"product_tag","embeddable":true,"href":"https:\/\/algo.swiss\/es\/wp-json\/wp\/v2\/product_tag?post=989"}],"curies":[{"name":"wp","href":"https:\/\/api.w.org\/{rel}","templated":true}]}}