{"id":499,"date":"2022-09-02T15:47:26","date_gmt":"2022-09-02T13:47:26","guid":{"rendered":"https:\/\/algobeauty.buffetitservices.ch\/carriere\/"},"modified":"2022-09-09T11:10:04","modified_gmt":"2022-09-09T09:10:04","slug":"carriere","status":"publish","type":"page","link":"https:\/\/algo.swiss\/fr\/carriere\/","title":{"rendered":"Carri\u00e8re"},"content":{"rendered":"\t\t<div data-elementor-type=\"wp-page\" data-elementor-id=\"499\" class=\"elementor elementor-499 elementor-343\" data-elementor-post-type=\"page\">\n\t\t\t\t\t\t<section class=\"elementor-section elementor-top-section elementor-element elementor-element-a05cc88 elementor-section-boxed elementor-section-height-default elementor-section-height-default\" data-id=\"a05cc88\" data-element_type=\"section\" data-e-type=\"section\">\n\t\t\t\t\t\t<div class=\"elementor-container elementor-column-gap-default\">\n\t\t\t\t\t<div class=\"elementor-column elementor-col-100 elementor-top-column elementor-element elementor-element-f5297ba\" data-id=\"f5297ba\" data-element_type=\"column\" data-e-type=\"column\">\n\t\t\t<div class=\"elementor-widget-wrap elementor-element-populated\">\n\t\t\t\t\t\t<div class=\"elementor-element elementor-element-dc5cc68 elementor-widget elementor-widget-text-editor\" data-id=\"dc5cc68\" data-element_type=\"widget\" data-e-type=\"widget\" data-widget_type=\"text-editor.default\">\n\t\t\t\t<div class=\"elementor-widget-container\">\n\t\t\t\t\t\t\t\t\t<p>Nous recherchons des agents commerciaux qui souhaitent apprendre le concept ALGO Figura Bella comme travail \u00e0 temps partiel ou comme travail principal et qui souhaitent planifier une carri\u00e8re \u00e0 long terme avec nous. Si vous \u00eates positif, communicatif et pr\u00e9sent, alors vous \u00eates les bienvenus chez nous. <\/p>\t\t\t\t\t\t\t\t<\/div>\n\t\t\t\t<\/div>\n\t\t\t\t<div class=\"elementor-element elementor-element-4136e1d elementor-widget elementor-widget-image-carousel\" data-id=\"4136e1d\" data-element_type=\"widget\" data-e-type=\"widget\" data-settings=\"{&quot;slides_to_show&quot;:&quot;1&quot;,&quot;navigation&quot;:&quot;none&quot;,&quot;pause_on_hover&quot;:&quot;no&quot;,&quot;pause_on_interaction&quot;:&quot;no&quot;,&quot;autoplay_speed&quot;:2500,&quot;speed&quot;:1000,&quot;autoplay&quot;:&quot;yes&quot;,&quot;infinite&quot;:&quot;yes&quot;,&quot;effect&quot;:&quot;slide&quot;}\" data-widget_type=\"image-carousel.default\">\n\t\t\t\t<div class=\"elementor-widget-container\">\n\t\t\t\t\t\t\t<div class=\"elementor-image-carousel-wrapper swiper\" role=\"region\" aria-roledescription=\"carousel\" aria-label=\"Carrousel d\u2019images\" dir=\"ltr\">\n\t\t\t<div class=\"elementor-image-carousel swiper-wrapper\" aria-live=\"off\">\n\t\t\t\t\t\t\t\t<div class=\"swiper-slide\" role=\"group\" aria-roledescription=\"slide\" aria-label=\"1 sur 2\"><figure class=\"swiper-slide-inner\"><img decoding=\"async\" class=\"swiper-slide-image\" src=\"https:\/\/algo.swiss\/wp-content\/uploads\/2022\/09\/Team_2022.png\" alt=\"Team_2022\" \/><\/figure><\/div><div class=\"swiper-slide\" role=\"group\" aria-roledescription=\"slide\" aria-label=\"2 sur 2\"><figure class=\"swiper-slide-inner\"><img decoding=\"async\" class=\"swiper-slide-image\" src=\"https:\/\/algo.swiss\/wp-content\/uploads\/2022\/09\/Studio.png\" alt=\"Studio\" \/><\/figure><\/div>\t\t\t<\/div>\n\t\t\t\t\t\t\t\n\t\t\t\t\t\t\t\t\t<\/div>\n\t\t\t\t\t\t<\/div>\n\t\t\t\t<\/div>\n\t\t\t\t\t<\/div>\n\t\t<\/div>\n\t\t\t\t\t<\/div>\n\t\t<\/section>\n\t\t\t\t<section class=\"elementor-section elementor-top-section elementor-element elementor-element-b7141de elementor-section-boxed elementor-section-height-default elementor-section-height-default\" data-id=\"b7141de\" data-element_type=\"section\" data-e-type=\"section\">\n\t\t\t\t\t\t<div class=\"elementor-container elementor-column-gap-default\">\n\t\t\t\t\t<div class=\"elementor-column elementor-col-50 elementor-top-column elementor-element elementor-element-8d0249c\" data-id=\"8d0249c\" data-element_type=\"column\" data-e-type=\"column\">\n\t\t\t<div class=\"elementor-widget-wrap elementor-element-populated\">\n\t\t\t\t\t\t<div class=\"elementor-element elementor-element-d290a33 elementor-widget elementor-widget-text-editor\" data-id=\"d290a33\" data-element_type=\"widget\" data-e-type=\"widget\" data-widget_type=\"text-editor.default\">\n\t\t\t\t<div class=\"elementor-widget-container\">\n\t\t\t\t\t\t\t\t\t<p><strong>Formation \u00e0 l&rsquo;ALGO Beauty Academy<\/strong><\/p><p>Formation de th\u00e9rapeute corporel, consultant en 3 jours<br>Contenu du programme de formation:<br>\u2013 8 soins corporels diff\u00e9rents (th\u00e9orie &amp; pratique)<br>\u2013 Ventes marketing<br>\u2013 Fondation et gestion de votre propre salon de beaut\u00e9<br>\u2013 Soins \u00e0 domicile \u2013 \u00abMobile Beauty\u00bb<br>\u2013 Accompagnement pendant et apr\u00e8s la formation<\/p><p>groupe cibl\u00e9<br>Adultes \u00e0 partir de 18 ans \u2013 info prix : CHF 790.-<\/p><p>Dates : du lundi au samedi (ferm\u00e9 le dimanche)<\/p>\t\t\t\t\t\t\t\t<\/div>\n\t\t\t\t<\/div>\n\t\t\t\t<div class=\"elementor-element elementor-element-3dc971f elementor-widget elementor-widget-image\" data-id=\"3dc971f\" data-element_type=\"widget\" data-e-type=\"widget\" data-widget_type=\"image.default\">\n\t\t\t\t<div class=\"elementor-widget-container\">\n\t\t\t\t\t\t\t\t\t\t\t\t\t\t\t<img fetchpriority=\"high\" decoding=\"async\" width=\"600\" height=\"600\" src=\"https:\/\/algo.swiss\/wp-content\/uploads\/2022\/09\/Studio_klein_V2.png\" class=\"attachment-full size-full wp-image-373\" alt=\"\" srcset=\"https:\/\/algo.swiss\/wp-content\/uploads\/2022\/09\/Studio_klein_V2.png 600w, https:\/\/algo.swiss\/wp-content\/uploads\/2022\/09\/Studio_klein_V2-300x300.png 300w, https:\/\/algo.swiss\/wp-content\/uploads\/2022\/09\/Studio_klein_V2-100x100.png 100w, https:\/\/algo.swiss\/wp-content\/uploads\/2022\/09\/Studio_klein_V2-150x150.png 150w\" sizes=\"(max-width: 600px) 100vw, 600px\" \/>\t\t\t\t\t\t\t\t\t\t\t\t\t\t\t<\/div>\n\t\t\t\t<\/div>\n\t\t\t\t\t<\/div>\n\t\t<\/div>\n\t\t\t\t<div class=\"elementor-column elementor-col-50 elementor-top-column elementor-element elementor-element-276a150\" data-id=\"276a150\" data-element_type=\"column\" data-e-type=\"column\">\n\t\t\t<div class=\"elementor-widget-wrap elementor-element-populated\">\n\t\t\t\t\t\t<div class=\"elementor-element elementor-element-130f2eb elementor-widget elementor-widget-text-editor\" data-id=\"130f2eb\" data-element_type=\"widget\" data-e-type=\"widget\" data-widget_type=\"text-editor.default\">\n\t\t\t\t<div class=\"elementor-widget-container\">\n\t\t\t\t\t\t\t\t\t<p><strong>Ind\u00e9pendance<\/strong><\/p><p>G\u00c9REZ VOTRE PROPRE CENTRE DE BEAUT\u00c9 ET DE SANT\u00c9!<\/p><p>ALGO Beauty est une entreprise prosp\u00e8re dans le secteur de la beaut\u00e9 et de la sant\u00e9 et vous offre l&rsquo;opportunit\u00e9 exclusive d&rsquo;acheter l&rsquo;un de nos centres.<br>Vous d\u00e9marrez avec un commerce cl\u00e9 en main et am\u00e9nag\u00e9 professionnellement et \u00eates dans le noir d\u00e8s le premier jour de travail!<br>Gr\u00e2ce \u00e0 notre exp\u00e9rience et \u00e0 notre soutien, nous vous m\u00e8nerons au succ\u00e8s!<\/p><p><strong>Notre gamme<\/strong><\/p><ul><li>Centre de beaut\u00e9 cl\u00e9 en main dans votre r\u00e9gion<\/li><li>M\u00e9thodes de traitement innovantes pour le corps et le visage.<\/li><li>Divers appareils de pointe pour le corps et le visage.<\/li><li>Gamme de produits de haute qualit\u00e9<\/li><li>Offre marketing cibl\u00e9e<\/li><li>Accompagnement et formation durant les 6 premiers mois<\/li><li>Assistance consultative illimit\u00e9e de notre personnel sp\u00e9cialis\u00e9<\/li><\/ul><p>Prix \u00e0 partir de CHF 30&rsquo;000.-<\/p>\t\t\t\t\t\t\t\t<\/div>\n\t\t\t\t<\/div>\n\t\t\t\t\t<\/div>\n\t\t<\/div>\n\t\t\t\t\t<\/div>\n\t\t<\/section>\n\t\t\t\t<\/div>\n\t\t","protected":false},"excerpt":{"rendered":"<p>Nous recherchons des agents commerciaux qui souhaitent apprendre le concept ALGO Figura Bella comme travail \u00e0 temps partiel ou comme travail principal et qui souhaitent planifier une carri\u00e8re \u00e0 long terme avec nous. Si vous \u00eates positif, communicatif et pr\u00e9sent, alors vous \u00eates les bienvenus chez nous. Formation \u00e0 l&rsquo;ALGO Beauty Academy Formation de th\u00e9rapeute [&hellip;]<\/p>\n","protected":false},"author":1,"featured_media":0,"parent":0,"menu_order":0,"comment_status":"closed","ping_status":"closed","template":"","meta":{"footnotes":""},"class_list":["post-499","page","type-page","status-publish","hentry"],"_links":{"self":[{"href":"https:\/\/algo.swiss\/fr\/wp-json\/wp\/v2\/pages\/499","targetHints":{"allow":["GET"]}}],"collection":[{"href":"https:\/\/algo.swiss\/fr\/wp-json\/wp\/v2\/pages"}],"about":[{"href":"https:\/\/algo.swiss\/fr\/wp-json\/wp\/v2\/types\/page"}],"author":[{"embeddable":true,"href":"https:\/\/algo.swiss\/fr\/wp-json\/wp\/v2\/users\/1"}],"replies":[{"embeddable":true,"href":"https:\/\/algo.swiss\/fr\/wp-json\/wp\/v2\/comments?post=499"}],"version-history":[{"count":1,"href":"https:\/\/algo.swiss\/fr\/wp-json\/wp\/v2\/pages\/499\/revisions"}],"predecessor-version":[{"id":500,"href":"https:\/\/algo.swiss\/fr\/wp-json\/wp\/v2\/pages\/499\/revisions\/500"}],"wp:attachment":[{"href":"https:\/\/algo.swiss\/fr\/wp-json\/wp\/v2\/media?parent=499"}],"curies":[{"name":"wp","href":"https:\/\/api.w.org\/{rel}","templated":true}]}}