{"id":514,"date":"2022-09-01T00:38:15","date_gmt":"2022-08-31T22:38:15","guid":{"rendered":"https:\/\/algobeauty.buffetitservices.ch\/algo-figura-bella-concept\/"},"modified":"2025-09-07T18:53:40","modified_gmt":"2025-09-07T16:53:40","slug":"algo-figura-bella-concept","status":"publish","type":"page","link":"https:\/\/algo.swiss\/fr\/","title":{"rendered":"ALGO Figura Bella Concept"},"content":{"rendered":"\t\t<div data-elementor-type=\"wp-page\" data-elementor-id=\"514\" class=\"elementor elementor-514 elementor-68\" data-elementor-post-type=\"page\">\n\t\t\t\t\t\t<section class=\"elementor-section elementor-top-section elementor-element elementor-element-48ef5c5 elementor-section-full_width elementor-section-height-default elementor-section-height-default\" data-id=\"48ef5c5\" data-element_type=\"section\" data-e-type=\"section\">\n\t\t\t\t\t\t<div class=\"elementor-container elementor-column-gap-default\">\n\t\t\t\t\t<div class=\"elementor-column elementor-col-33 elementor-top-column elementor-element elementor-element-9b07b5f\" data-id=\"9b07b5f\" data-element_type=\"column\" data-e-type=\"column\">\n\t\t\t<div class=\"elementor-widget-wrap elementor-element-populated\">\n\t\t\t\t\t\t<div class=\"elementor-element elementor-element-eed317b elementor-widget elementor-widget-price-table\" data-id=\"eed317b\" data-element_type=\"widget\" data-e-type=\"widget\" data-widget_type=\"price-table.default\">\n\t\t\t\t<div class=\"elementor-widget-container\">\n\t\t\t\t\t\n\t\t<div class=\"elementor-price-table\">\n\t\t\t\t\t\t\t<div class=\"elementor-price-table__header\">\n\t\t\t\t\t\t\t\t\t\t\t<h3 class=\"elementor-price-table__heading\">\n\t\t\t\t\t\tcombinaison de spa ALGO\t\t\t\t\t\t<\/h3>\n\t\t\t\t\t\n\t\t\t\t\t\t\t\t\t\t\t<span class=\"elementor-price-table__subheading\">\n\t\t\t\t\t\t\tmaintenant avec remise de lancement\t\t\t\t\t\t<\/span>\n\t\t\t\t\t\t\t\t\t<\/div>\n\t\t\t\n\t\t\t<div class=\"elementor-price-table__price\">\n\t\t\t\t\t\t\t\t\t\t\t\t\n\t\t\t\t\n\t\t\t\t\n\t\t\t\t\t\t\t<\/div>\n\n\t\t\t\t\t\t\t<ul class=\"elementor-price-table__features-list\">\n\t\t\t\t\t\t\t\t\t\t\t<li class=\"elementor-repeater-item-13875bf\">\n\t\t\t\t\t\t\t<div class=\"elementor-price-table__feature-inner\">\n\t\t\t\t\t\t\t\t<i aria-hidden=\"true\" class=\"far fa-check-circle\"><\/i>\t\t\t\t\t\t\t\t\t\t\t\t\t\t\t\t\t<span >\n\t\t\t\t\t\t\t\t\t\t1x Cr\u00e8me DETOX\t\t\t\t\t\t\t\t\t<\/span>\n\t\t\t\t\t\t\t\t\t\t\t\t\t\t\t\t<\/div>\n\t\t\t\t\t\t<\/li>\n\t\t\t\t\t\t\t\t\t\t\t<li class=\"elementor-repeater-item-b635a49\">\n\t\t\t\t\t\t\t<div class=\"elementor-price-table__feature-inner\">\n\t\t\t\t\t\t\t\t<i aria-hidden=\"true\" class=\"far fa-check-circle\"><\/i>\t\t\t\t\t\t\t\t\t\t\t\t\t\t\t\t\t<span >\n\t\t\t\t\t\t\t\t\t\t1x Cr\u00e8me FRESH\t\t\t\t\t\t\t\t\t<\/span>\n\t\t\t\t\t\t\t\t\t\t\t\t\t\t\t\t<\/div>\n\t\t\t\t\t\t<\/li>\n\t\t\t\t\t\t\t\t\t\t\t<li class=\"elementor-repeater-item-e54d208\">\n\t\t\t\t\t\t\t<div class=\"elementor-price-table__feature-inner\">\n\t\t\t\t\t\t\t\t<i aria-hidden=\"true\" class=\"far fa-check-circle\"><\/i>\t\t\t\t\t\t\t\t\t\t\t\t\t\t\t\t\t<span >\n\t\t\t\t\t\t\t\t\t\t1x combinaison d\u2019hygi\u00e8ne lavable\t\t\t\t\t\t\t\t\t<\/span>\n\t\t\t\t\t\t\t\t\t\t\t\t\t\t\t\t<\/div>\n\t\t\t\t\t\t<\/li>\n\t\t\t\t\t\t\t\t\t\t\t<li class=\"elementor-repeater-item-7751573\">\n\t\t\t\t\t\t\t<div class=\"elementor-price-table__feature-inner\">\n\t\t\t\t\t\t\t\t<i aria-hidden=\"true\" class=\"far fa-check-circle\"><\/i>\t\t\t\t\t\t\t\t\t\t\t\t\t\t\t\t\t<span >\n\t\t\t\t\t\t\t\t\t\t1x combinaison de spa dor\u00e9e ALGO\t\t\t\t\t\t\t\t\t<\/span>\n\t\t\t\t\t\t\t\t\t\t\t\t\t\t\t\t<\/div>\n\t\t\t\t\t\t<\/li>\n\t\t\t\t\t\t\t\t\t\t\t<li class=\"elementor-repeater-item-800f117\">\n\t\t\t\t\t\t\t<div class=\"elementor-price-table__feature-inner\">\n\t\t\t\t\t\t\t\t<i aria-hidden=\"true\" class=\"far fa-check-circle\"><\/i>\t\t\t\t\t\t\t\t\t\t\t\t\t\t\t\t\t<span >\n\t\t\t\t\t\t\t\t\t\tIncl. Frais de livraison en Suisse \t\t\t\t\t\t\t\t\t<\/span>\n\t\t\t\t\t\t\t\t\t\t\t\t\t\t\t\t<\/div>\n\t\t\t\t\t\t<\/li>\n\t\t\t\t\t\t\t\t\t\t\t<li class=\"elementor-repeater-item-de035fd\">\n\t\t\t\t\t\t\t<div class=\"elementor-price-table__feature-inner\">\n\t\t\t\t\t\t\t\t<i aria-hidden=\"true\" class=\"far fa-check-circle\"><\/i>\t\t\t\t\t\t\t\t\t\t\t\t\t\t\t\t\t<span >\n\t\t\t\t\t\t\t\t\t\tIncl. TVA. \t\t\t\t\t\t\t\t\t<\/span>\n\t\t\t\t\t\t\t\t\t\t\t\t\t\t\t\t<\/div>\n\t\t\t\t\t\t<\/li>\n\t\t\t\t\t\t\t\t\t<\/ul>\n\t\t\t\n\t\t\t\t\t\t\t<div class=\"elementor-price-table__footer\">\n\t\t\t\t\t\t\t\t\t\t\t<a class=\"elementor-price-table__button elementor-button elementor-size-md\" href=\"https:\/\/algo.swiss\/fr\/boutique\/algo-spa-energie-live\/\">\n\t\t\t\t\t\t\t\u00e0 la boutique\t\t\t\t\t\t<\/a>\n\t\t\t\t\t\n\t\t\t\t\t\t\t\t\t\t\t<div class=\"elementor-price-table__additional_info\">\n\t\t\t\t\t\t\tDemandez une remise sur le volume et un \u00e9chantillon de traitement dans notre studio.\t\t\t\t\t\t<\/div>\n\t\t\t\t\t\t\t\t\t<\/div>\n\t\t\t\t\t<\/div>\n\n\t\t\t\t\t\t<\/div>\n\t\t\t\t<\/div>\n\t\t\t\t\t<\/div>\n\t\t<\/div>\n\t\t\t\t<div class=\"elementor-column elementor-col-33 elementor-top-column elementor-element elementor-element-44699c2\" data-id=\"44699c2\" data-element_type=\"column\" data-e-type=\"column\">\n\t\t\t<div class=\"elementor-widget-wrap elementor-element-populated\">\n\t\t\t\t\t\t<div class=\"elementor-element elementor-element-b9b339c elementor-widget elementor-widget-heading\" data-id=\"b9b339c\" data-element_type=\"widget\" data-e-type=\"widget\" data-widget_type=\"heading.default\">\n\t\t\t\t<div class=\"elementor-widget-container\">\n\t\t\t\t\t<h2 class=\"elementor-heading-title elementor-size-default\">\u00c0 propos du concept ALGO Figura Bella<\/h2>\t\t\t\t<\/div>\n\t\t\t\t<\/div>\n\t\t\t\t<div class=\"elementor-element elementor-element-fcfa63a elementor-widget elementor-widget-text-editor\" data-id=\"fcfa63a\" data-element_type=\"widget\" data-e-type=\"widget\" data-widget_type=\"text-editor.default\">\n\t\t\t\t<div class=\"elementor-widget-container\">\n\t\t\t\t\t\t\t\t\t<p style=\"text-align: center;\"><strong>Droit de propri\u00e9t\u00e9 industrielle n\u00b0 147203<\/strong><\/p>\t\t\t\t\t\t\t\t<\/div>\n\t\t\t\t<\/div>\n\t\t\t\t<div class=\"elementor-element elementor-element-f519f9e elementor-widget elementor-widget-text-editor\" data-id=\"f519f9e\" data-element_type=\"widget\" data-e-type=\"widget\" data-widget_type=\"text-editor.default\">\n\t\t\t\t<div class=\"elementor-widget-container\">\n\t\t\t\t\t\t\t\t\t<p><br>Le concept ALGO Figura Bella est con\u00e7u pour lutter efficacement contre les probl\u00e8mes de sant\u00e9 modernes tels que <strong>la cellulite, l\u2019\u0153d\u00e8me, l\u2019accumulation de graisse <\/strong>et <strong>les imperfections<\/strong> . Le Spa ALGO est donc un syst\u00e8me high-tech moderne id\u00e9al et efficace, souvent utilis\u00e9 en priv\u00e9 dans les salons de beaut\u00e9, les centres de remise en forme ou les centres \u00e0 des fins th\u00e9rapeutiques. Vous pouvez maintenant utiliser le Spa ALGO avec des produits dans le confort de votre maison, en voyage ou pour d\u2019autres besoins sans aucune expertise. L\u2019application pour votre corps est pr\u00eate \u00e0 l\u2019emploi en 1 \u00e0 2 minutes. Que vous soyez assis, allong\u00e9 ou debout, le spa ALGO agit imm\u00e9diatement, rapidement et en toute s\u00e9curit\u00e9. Le proc\u00e9d\u00e9 brevet\u00e9 est bas\u00e9 sur un syst\u00e8me infrarouge et est exempt\u00e9 de la nouvelle loi NISSG depuis juin 2024. L\u2019utilisation du spa ALGO dans n\u2019importe quelle salle de sport, clinique, h\u00f4tel, centre de bien-\u00eatre ou studio est donc simple, pratique et bienvenue.<br>Le spa ALGO est \u00e9galement de plus en plus utilis\u00e9 comme source de chaleur que vous pouvez simplement placer sur vos v\u00eatements et r\u00e9chauffer \u00e0 diff\u00e9rentes temp\u00e9ratures et intervalles de temps. Ce type d\u2019application est efficace pour les tensions musculaires, les maux de dos, les douleurs articulaires et les troubles circulatoires. La consommation \u00e9lectrique maximale est de 320 watts. La consommation d\u2019\u00e9nergie est comparable \u00e0 celle d\u2019une ampoule de 320 watts, qui n\u00e9cessite 0,320 kilowatt (kW) par heure. Par exemple, si l\u2019ampoule est allum\u00e9e quatre heures par jour, la consommation annuelle d\u2019\u00e9nergie d\u2019une ampoule est de 1 280 heures. Les co\u00fbts d\u2019\u00e9lectricit\u00e9 de l\u2019ampoule de 320 watts s\u2019\u00e9l\u00e8vent donc \u00e0 environ 140,15 \u20ac par an. (Les prix de l\u2019\u00e9lectricit\u00e9 varient selon les pays.) Nous vous recommandons d\u2019utiliser ALGO Spa deux \u00e0 trois fois par semaine pendant 45 minutes chacune pour des r\u00e9sultats rapides.           <\/p>\t\t\t\t\t\t\t\t<\/div>\n\t\t\t\t<\/div>\n\t\t\t\t<div class=\"elementor-element elementor-element-1a63e31 elementor-widget elementor-widget-html\" data-id=\"1a63e31\" data-element_type=\"widget\" data-e-type=\"widget\" data-widget_type=\"html.default\">\n\t\t\t\t<div class=\"elementor-widget-container\">\n\t\t\t\t\t<script> \r\njQuery(document).ready(function($) { \r\nvar delay = 100; setTimeout(function() { \r\n$('.elementor-tab-title').removeClass('elementor-active');\r\n $('.elementor-tab-content').css('display', 'none'); }, delay); \r\n}); \r\n<\/script>\t\t\t\t<\/div>\n\t\t\t\t<\/div>\n\t\t\t\t<div class=\"elementor-element elementor-element-a57270f elementor-widget elementor-widget-accordion\" data-id=\"a57270f\" data-element_type=\"widget\" data-e-type=\"widget\" data-widget_type=\"accordion.default\">\n\t\t\t\t<div class=\"elementor-widget-container\">\n\t\t\t\t\t\t\t<div class=\"elementor-accordion\">\n\t\t\t\t\t\t\t<div class=\"elementor-accordion-item\">\n\t\t\t\t\t<div id=\"elementor-tab-title-1731\" class=\"elementor-tab-title\" data-tab=\"1\" role=\"button\" aria-controls=\"elementor-tab-content-1731\" aria-expanded=\"false\">\n\t\t\t\t\t\t\t\t\t\t\t\t\t<span class=\"elementor-accordion-icon elementor-accordion-icon-left\" aria-hidden=\"true\">\n\t\t\t\t\t\t\t\t\t\t\t\t\t\t\t<span class=\"elementor-accordion-icon-closed\"><i class=\"fas fa-chevron-down\"><\/i><\/span>\n\t\t\t\t\t\t\t\t<span class=\"elementor-accordion-icon-opened\"><i class=\"fas fa-chevron-up\"><\/i><\/span>\n\t\t\t\t\t\t\t\t\t\t\t\t\t\t<\/span>\n\t\t\t\t\t\t\t\t\t\t\t\t<a class=\"elementor-accordion-title\" tabindex=\"0\">\u00c9tape 1: Application D\u00c9TOX<\/a>\n\t\t\t\t\t<\/div>\n\t\t\t\t\t<div id=\"elementor-tab-content-1731\" class=\"elementor-tab-content elementor-clearfix\" data-tab=\"1\" role=\"region\" aria-labelledby=\"elementor-tab-title-1731\"><p><strong>D\u00e9toxification du corps avec DETOX \u00e0 partir des sels des Alpes suisses<\/strong><\/p>\n<p>Cr\u00e8me efficace contre la cellulite, les amas graisseux, les \u0153d\u00e8mes et les imperfections. La formule contient un m\u00e9lange d&rsquo;ingr\u00e9dients actifs qui s&rsquo;attaque aux maux sur plusieurs fronts. extrait de spiruline,<\/p>\n<p>La carnitine et la caf\u00e9ine stimulent la lipolyse. La spiruline renforce et restructure, tandis que la carnitine exerce une activit\u00e9 vasculaire protectrice. Les sels alpins suisses acc\u00e9l\u00e8rent le m\u00e9tabolisme de la peau, ce qui convient \u00e0 un usage quotidien avec une d\u00e9toxification plus intensive et douce.  <\/p>\n<p><strong>Application<\/strong>: Cr\u00e8me-vous avec DETOX No.1 et passez \u00e0 STEP.2<\/p>\n<p>200 ml suffisent pour 15 \u00e0 20 soins corporels <strong>Prix CHF 95.00<\/strong><\/p>\n<\/div>\n\t\t\t\t<\/div>\n\t\t\t\t\t\t\t<div class=\"elementor-accordion-item\">\n\t\t\t\t\t<div id=\"elementor-tab-title-1732\" class=\"elementor-tab-title\" data-tab=\"2\" role=\"button\" aria-controls=\"elementor-tab-content-1732\" aria-expanded=\"false\">\n\t\t\t\t\t\t\t\t\t\t\t\t\t<span class=\"elementor-accordion-icon elementor-accordion-icon-left\" aria-hidden=\"true\">\n\t\t\t\t\t\t\t\t\t\t\t\t\t\t\t<span class=\"elementor-accordion-icon-closed\"><i class=\"fas fa-chevron-down\"><\/i><\/span>\n\t\t\t\t\t\t\t\t<span class=\"elementor-accordion-icon-opened\"><i class=\"fas fa-chevron-up\"><\/i><\/span>\n\t\t\t\t\t\t\t\t\t\t\t\t\t\t<\/span>\n\t\t\t\t\t\t\t\t\t\t\t\t<a class=\"elementor-accordion-title\" tabindex=\"0\">\u00c9tape 2: Application ALGO SPA<\/a>\n\t\t\t\t\t<\/div>\n\t\t\t\t\t<div id=\"elementor-tab-content-1732\" class=\"elementor-tab-content elementor-clearfix\" data-tab=\"2\" role=\"region\" aria-labelledby=\"elementor-tab-title-1732\"><p><strong>ALGO Spa \u2013 \u00c9NERGIE en direct <\/strong><\/p>\n<p>Enfilez la combinaison en PVC hygi\u00e9nique noire en deux pi\u00e8ces, puis la combinaison de spa dor\u00e9e ALGO (ce processus prend 1 \u00e0 2 minutes). Allumez le temps (30-60 min) pour l&rsquo;application souhait\u00e9e: <\/p>\n<ul>\n<li>Purification &amp; d\u00e9toxification<\/li>\n<li>drainage corporel<\/li>\n<li>Acc\u00e9l\u00e9ration du m\u00e9tabolisme<\/li>\n<li>R\u00e9duction de la circonf\u00e9rence et raffermissement de la peau<\/li>\n<li>Contre les tensions musculaires et dorsales<\/li>\n<li>Contre les plaintes communes<\/li>\n<li>Renforcement du syst\u00e8me immunitaire<\/li>\n<li>R\u00e9gulation en cas de probl\u00e8mes circulatoires<\/li>\n<li>R\u00e9duction de poids &amp; anti-cellulite<\/li>\n<\/ul>\n<p>Qui peut utiliser ALGO Spa ?<\/p>\n<ul>\n<li>Priv\u00e9 &#8211; chaque homme, chaque femme jusqu&rsquo;\u00e0 135 kg et chaque enfant \u00e0 partir de 10 ans<\/li>\n<li>instituts de beaut\u00e9<\/li>\n<li>Ateliers de massage<\/li>\n<li>H\u00f4tels &amp; SPA<\/li>\n<li>Gymnases<\/li>\n<li>Kin\u00e9sith\u00e9rapeutes<\/li>\n<li>maisons de retraite<\/li>\n<li>h\u00f4pitaux<\/li>\n<li>d\u00e9sintox<\/li>\n<li>M\u00e9decins<\/li>\n<li>thermes<\/li>\n<li>Militaire et arm\u00e9e<\/li>\n<\/ul>\n<\/div>\n\t\t\t\t<\/div>\n\t\t\t\t\t\t\t<div class=\"elementor-accordion-item\">\n\t\t\t\t\t<div id=\"elementor-tab-title-1733\" class=\"elementor-tab-title\" data-tab=\"3\" role=\"button\" aria-controls=\"elementor-tab-content-1733\" aria-expanded=\"false\">\n\t\t\t\t\t\t\t\t\t\t\t\t\t<span class=\"elementor-accordion-icon elementor-accordion-icon-left\" aria-hidden=\"true\">\n\t\t\t\t\t\t\t\t\t\t\t\t\t\t\t<span class=\"elementor-accordion-icon-closed\"><i class=\"fas fa-chevron-down\"><\/i><\/span>\n\t\t\t\t\t\t\t\t<span class=\"elementor-accordion-icon-opened\"><i class=\"fas fa-chevron-up\"><\/i><\/span>\n\t\t\t\t\t\t\t\t\t\t\t\t\t\t<\/span>\n\t\t\t\t\t\t\t\t\t\t\t\t<a class=\"elementor-accordion-title\" tabindex=\"0\">\u00c9tape 3: Application FRESH<\/a>\n\t\t\t\t\t<\/div>\n\t\t\t\t\t<div id=\"elementor-tab-content-1733\" class=\"elementor-tab-content elementor-clearfix\" data-tab=\"3\" role=\"region\" aria-labelledby=\"elementor-tab-title-1733\"><p><strong>Bien-\u00eatre, fra\u00eecheur et raffermissement avec FRESH des sels alpins suisses<\/strong><\/p>\n<p>Apr\u00e8s l&rsquo;\u00c9TAPE 2 Douchez-vous et s\u00e9chez-vous. Vous pouvez d\u00e9sormais appliquer la cr\u00e8me FRESH N\u00b02 sur les zones \u00e0 probl\u00e8mes ou sur tout le corps si vous souhaitez un effet plus intense. . La cr\u00e8me gel\u00e9e FRESH N\u00b02 qui, par stimulation des r\u00e9cepteurs du froid, suivie d&rsquo;un effet astringent superficiel, provoque une augmentation locale de l&rsquo;activit\u00e9 m\u00e9tabolique par r\u00e9action. Pour ces raisons, c&rsquo;est le produit optimal contre la cellulite, les impuret\u00e9s, l&rsquo;atonie des tissus et la lourdeur caus\u00e9e par l&rsquo;\u0153d\u00e8me. Gr\u00e2ce aux effets des sels alpins suisses, vous et votre organisme tout entier deviendrez plus efficaces et des r\u00e9serves se reconstitueront.    <\/p>\n<p>200 ml suffisent pour 15 \u00e0 20 soins corporels <strong>Prix CHF 95.00<\/strong><\/p>\n<\/div>\n\t\t\t\t<\/div>\n\t\t\t\t\t\t\t\t<\/div>\n\t\t\t\t\t\t<\/div>\n\t\t\t\t<\/div>\n\t\t\t\t\t<\/div>\n\t\t<\/div>\n\t\t\t\t<div class=\"elementor-column elementor-col-33 elementor-top-column elementor-element elementor-element-92937c1\" data-id=\"92937c1\" data-element_type=\"column\" data-e-type=\"column\">\n\t\t\t<div class=\"elementor-widget-wrap elementor-element-populated\">\n\t\t\t\t\t\t<div class=\"elementor-element elementor-element-c67fce7 elementor-widget elementor-widget-image-carousel\" data-id=\"c67fce7\" data-element_type=\"widget\" data-e-type=\"widget\" data-settings=\"{&quot;slides_to_show&quot;:&quot;1&quot;,&quot;navigation&quot;:&quot;none&quot;,&quot;lazyload&quot;:&quot;yes&quot;,&quot;pause_on_hover&quot;:&quot;no&quot;,&quot;pause_on_interaction&quot;:&quot;no&quot;,&quot;autoplay_speed&quot;:2500,&quot;speed&quot;:1000,&quot;autoplay&quot;:&quot;yes&quot;,&quot;infinite&quot;:&quot;yes&quot;,&quot;effect&quot;:&quot;slide&quot;}\" data-widget_type=\"image-carousel.default\">\n\t\t\t\t<div class=\"elementor-widget-container\">\n\t\t\t\t\t\t\t<div class=\"elementor-image-carousel-wrapper swiper\" role=\"region\" aria-roledescription=\"carousel\" aria-label=\"Bild Karussell\" dir=\"ltr\">\n\t\t\t<div class=\"elementor-image-carousel swiper-wrapper\" aria-live=\"off\">\n\t\t\t\t\t\t\t\t<div class=\"swiper-slide\" role=\"group\" aria-roledescription=\"slide\" aria-label=\"1 sur 6\"><figure class=\"swiper-slide-inner\"><img class=\"swiper-slide-image swiper-lazy\" data-src=\"https:\/\/algo.swiss\/wp-content\/uploads\/2022\/09\/Dana_Sprung.png\" alt=\"Dana_Sprung\" \/><div class=\"swiper-lazy-preloader\"><\/div><\/figure><\/div><div class=\"swiper-slide\" role=\"group\" aria-roledescription=\"slide\" aria-label=\"2 sur 6\"><figure class=\"swiper-slide-inner\"><img class=\"swiper-slide-image swiper-lazy\" data-src=\"https:\/\/algo.swiss\/wp-content\/uploads\/2022\/09\/FBK_Koffer.png\" alt=\"FBK_Koffer\" \/><div class=\"swiper-lazy-preloader\"><\/div><\/figure><\/div><div class=\"swiper-slide\" role=\"group\" aria-roledescription=\"slide\" aria-label=\"3 sur 6\"><figure class=\"swiper-slide-inner\"><img class=\"swiper-slide-image swiper-lazy\" data-src=\"https:\/\/algo.swiss\/wp-content\/uploads\/2022\/09\/FBK_Vreni.png\" alt=\"FBK_Vreni\" \/><div class=\"swiper-lazy-preloader\"><\/div><\/figure><\/div><div class=\"swiper-slide\" role=\"group\" aria-roledescription=\"slide\" aria-label=\"4 sur 6\"><figure class=\"swiper-slide-inner\"><img class=\"swiper-slide-image swiper-lazy\" data-src=\"https:\/\/algo.swiss\/wp-content\/uploads\/2022\/09\/Figura_Bella_Detox_Tube.png\" alt=\"Figura_Bella_Detox_Tube\" \/><div class=\"swiper-lazy-preloader\"><\/div><\/figure><\/div><div class=\"swiper-slide\" role=\"group\" aria-roledescription=\"slide\" aria-label=\"5 sur 6\"><figure class=\"swiper-slide-inner\"><img class=\"swiper-slide-image swiper-lazy\" data-src=\"https:\/\/algo.swiss\/wp-content\/uploads\/2022\/09\/Dana_Lukas_Umfang.png\" alt=\"Dana_Lukas_Umfang\" \/><div class=\"swiper-lazy-preloader\"><\/div><\/figure><\/div><div class=\"swiper-slide\" role=\"group\" aria-roledescription=\"slide\" aria-label=\"6 sur 6\"><figure class=\"swiper-slide-inner\"><img class=\"swiper-slide-image swiper-lazy\" data-src=\"https:\/\/algo.swiss\/wp-content\/uploads\/2022\/09\/Figura_Bella_Fresh_Tube.png\" alt=\"Figura_Bella_Fresh_Tube\" \/><div class=\"swiper-lazy-preloader\"><\/div><\/figure><\/div>\t\t\t<\/div>\n\t\t\t\t\t\t\t\n\t\t\t\t\t\t\t\t\t<\/div>\n\t\t\t\t\t\t<\/div>\n\t\t\t\t<\/div>\n\t\t\t\t\t<\/div>\n\t\t<\/div>\n\t\t\t\t\t<\/div>\n\t\t<\/section>\n\t\t\t\t<\/div>\n\t\t","protected":false},"excerpt":{"rendered":"<p>combinaison de spa ALGO maintenant avec remise de lancement 1x Cr\u00e8me DETOX 1x Cr\u00e8me FRESH 1x combinaison d\u2019hygi\u00e8ne lavable 1x combinaison de spa dor\u00e9e ALGO Incl. Frais de livraison en Suisse Incl. TVA. \u00e0 la boutique Demandez une remise sur le volume et un \u00e9chantillon de traitement dans notre studio. \u00c0 propos du concept ALGO [&hellip;]<\/p>\n","protected":false},"author":1,"featured_media":0,"parent":0,"menu_order":0,"comment_status":"closed","ping_status":"closed","template":"","meta":{"footnotes":""},"class_list":["post-514","page","type-page","status-publish","hentry"],"_links":{"self":[{"href":"https:\/\/algo.swiss\/fr\/wp-json\/wp\/v2\/pages\/514","targetHints":{"allow":["GET"]}}],"collection":[{"href":"https:\/\/algo.swiss\/fr\/wp-json\/wp\/v2\/pages"}],"about":[{"href":"https:\/\/algo.swiss\/fr\/wp-json\/wp\/v2\/types\/page"}],"author":[{"embeddable":true,"href":"https:\/\/algo.swiss\/fr\/wp-json\/wp\/v2\/users\/1"}],"replies":[{"embeddable":true,"href":"https:\/\/algo.swiss\/fr\/wp-json\/wp\/v2\/comments?post=514"}],"version-history":[{"count":22,"href":"https:\/\/algo.swiss\/fr\/wp-json\/wp\/v2\/pages\/514\/revisions"}],"predecessor-version":[{"id":1463,"href":"https:\/\/algo.swiss\/fr\/wp-json\/wp\/v2\/pages\/514\/revisions\/1463"}],"wp:attachment":[{"href":"https:\/\/algo.swiss\/fr\/wp-json\/wp\/v2\/media?parent=514"}],"curies":[{"name":"wp","href":"https:\/\/api.w.org\/{rel}","templated":true}]}}