{"id":530,"date":"2022-09-01T08:39:27","date_gmt":"2022-09-01T06:39:27","guid":{"rendered":"https:\/\/algobeauty.buffetitservices.ch\/lien\/"},"modified":"2022-09-09T13:07:59","modified_gmt":"2022-09-09T11:07:59","slug":"lien","status":"publish","type":"page","link":"https:\/\/algo.swiss\/fr\/lien\/","title":{"rendered":"Lien"},"content":{"rendered":"\t\t<div data-elementor-type=\"wp-page\" data-elementor-id=\"530\" class=\"elementor elementor-530 elementor-80\" data-elementor-post-type=\"page\">\n\t\t\t\t\t\t<section class=\"elementor-section elementor-top-section elementor-element elementor-element-e66b6ce elementor-section-full_width elementor-section-height-default elementor-section-height-default\" data-id=\"e66b6ce\" data-element_type=\"section\" data-e-type=\"section\">\n\t\t\t\t\t\t<div class=\"elementor-container elementor-column-gap-default\">\n\t\t\t\t\t<div class=\"elementor-column elementor-col-50 elementor-top-column elementor-element elementor-element-6884daa\" data-id=\"6884daa\" data-element_type=\"column\" data-e-type=\"column\">\n\t\t\t<div class=\"elementor-widget-wrap elementor-element-populated\">\n\t\t\t\t\t\t<div class=\"elementor-element elementor-element-fedad6f elementor-widget elementor-widget-heading\" data-id=\"fedad6f\" data-element_type=\"widget\" data-e-type=\"widget\" data-widget_type=\"heading.default\">\n\t\t\t\t<div class=\"elementor-widget-container\">\n\t\t\t\t\t<h2 class=\"elementor-heading-title elementor-size-default\">Nous offrons 3 options diff\u00e9rentes ici:<\/h2>\t\t\t\t<\/div>\n\t\t\t\t<\/div>\n\t\t\t\t<div class=\"elementor-element elementor-element-724fcae elementor-widget elementor-widget-accordion\" data-id=\"724fcae\" data-element_type=\"widget\" data-e-type=\"widget\" data-widget_type=\"accordion.default\">\n\t\t\t\t<div class=\"elementor-widget-container\">\n\t\t\t\t\t\t\t<div class=\"elementor-accordion\">\n\t\t\t\t\t\t\t<div class=\"elementor-accordion-item\">\n\t\t\t\t\t<div id=\"elementor-tab-title-1191\" class=\"elementor-tab-title\" data-tab=\"1\" role=\"button\" aria-controls=\"elementor-tab-content-1191\" aria-expanded=\"false\">\n\t\t\t\t\t\t\t\t\t\t\t\t\t<span class=\"elementor-accordion-icon elementor-accordion-icon-left\" aria-hidden=\"true\">\n\t\t\t\t\t\t\t\t\t\t\t\t\t\t\t<span class=\"elementor-accordion-icon-closed\"><i class=\"fas fa-chevron-down\"><\/i><\/span>\n\t\t\t\t\t\t\t\t<span class=\"elementor-accordion-icon-opened\"><i class=\"fas fa-chevron-up\"><\/i><\/span>\n\t\t\t\t\t\t\t\t\t\t\t\t\t\t<\/span>\n\t\t\t\t\t\t\t\t\t\t\t\t<a class=\"elementor-accordion-title\" tabindex=\"0\">Un nettoyage en profondeur pour clarifier votre peau<\/a>\n\t\t\t\t\t<\/div>\n\t\t\t\t\t<div id=\"elementor-tab-content-1191\" class=\"elementor-tab-content elementor-clearfix\" data-tab=\"1\" role=\"region\" aria-labelledby=\"elementor-tab-title-1191\"><p>Combat efficacement et rapidement les pores dilat\u00e9s, les points noirs, les imperfections et les structures cutan\u00e9es irr\u00e9guli\u00e8res.<\/p><p><strong>Contient:<\/strong><br>Enveloppement nettoyant, apaisant du visage (visage, cou, d\u00e9collet\u00e9), gommage, tonique, nettoyage des impuret\u00e9s, massage, masque selon type de peau, \u00e9pilation des sourcils, coloration (si d\u00e9sir\u00e9) soin final.<\/p><p><strong>Prix: d\u00e8s CHF 90.00<\/strong><\/p><\/div>\n\t\t\t\t<\/div>\n\t\t\t\t\t\t\t<div class=\"elementor-accordion-item\">\n\t\t\t\t\t<div id=\"elementor-tab-title-1192\" class=\"elementor-tab-title\" data-tab=\"2\" role=\"button\" aria-controls=\"elementor-tab-content-1192\" aria-expanded=\"false\">\n\t\t\t\t\t\t\t\t\t\t\t\t\t<span class=\"elementor-accordion-icon elementor-accordion-icon-left\" aria-hidden=\"true\">\n\t\t\t\t\t\t\t\t\t\t\t\t\t\t\t<span class=\"elementor-accordion-icon-closed\"><i class=\"fas fa-chevron-down\"><\/i><\/span>\n\t\t\t\t\t\t\t\t<span class=\"elementor-accordion-icon-opened\"><i class=\"fas fa-chevron-up\"><\/i><\/span>\n\t\t\t\t\t\t\t\t\t\t\t\t\t\t<\/span>\n\t\t\t\t\t\t\t\t\t\t\t\t<a class=\"elementor-accordion-title\" tabindex=\"0\">DMT (th\u00e9rapie par aiguilletage)<\/a>\n\t\t\t\t\t<\/div>\n\t\t\t\t\t<div id=\"elementor-tab-content-1192\" class=\"elementor-tab-content elementor-clearfix\" data-tab=\"2\" role=\"region\" aria-labelledby=\"elementor-tab-title-1192\"><ul><li>traitement de l&rsquo;acn\u00e9e<\/li><li>rajeunissement de la peau<\/li><li>Contre les taches pigmentaires<\/li><li>lissage des rides<\/li><\/ul><p>Cependant, il peut \u00eatre encore meilleur, encore plus efficace contre les rides, les cicatrices, l&rsquo;acn\u00e9 et les taches pigmentaires!<br>Avec la Derma-M\u00e9soth\u00e9rapie (DMT), la peau \u00e0 probl\u00e8mes est trait\u00e9e avec un soi-disant Derma Roller, qui est \u00e9quip\u00e9 d&rsquo;aiguilles tr\u00e8s fines et courtes. . Lorsqu&rsquo;ils percent la couche sup\u00e9rieure de la peau, l&rsquo;\u00e9piderme, ils irritent certains r\u00e9cepteurs de notre peau, ce qui devrait lib\u00e9rer davantage de collag\u00e8ne, d&rsquo;\u00e9lastine et d&rsquo;acide hyaluronique, substances endog\u00e8nes essentielles \u00e0 l&rsquo;\u00e9lasticit\u00e9 et \u00e0 la r\u00e9sistance du tissu conjonctif. En cons\u00e9quence, la peau devrait d\u00e9j\u00e0 para\u00eetre plus ferme, plus jeune et plus fra\u00eeche apr\u00e8s le premier traitement. Un autre effet secondaire positif du traitement est la capacit\u00e9 d&rsquo;absorption accrue de la peau, par exemple pour rajeunir les ingr\u00e9dients actifs qui peuvent p\u00e9n\u00e9trer plus profond\u00e9ment dans les tissus. Pendant la th\u00e9rapie DMT, les cellules de la peau, principalement les fibroblastes, stimulent la division cellulaire et il a \u00e9t\u00e9 d\u00e9montr\u00e9 qu&rsquo;elles ne laissent aucune cicatrice. Les fibroblastes, vous pouvez aussi les appeler les architectes de la peau, synth\u00e9tisent de nouvelles fibres de collag\u00e8ne jusqu&rsquo;\u00e0 une profondeur de peau d&rsquo;environ 0,6 mm, qui s&rsquo;int\u00e8grent dans la structure cutan\u00e9e existante et rembourrent la peau de l&rsquo;int\u00e9rieur. Divers dermatologues ont prouv\u00e9 qu&rsquo;avec le DMT, l&rsquo;augmentation moyenne du collag\u00e8ne est de 206 %. Bien qu&rsquo;il faille quelques semaines pour cr\u00e9er de nouvelles couches de collag\u00e8ne, cela dure aussi beaucoup plus longtemps. La Derma-M\u00e9so Th\u00e9rapie (DMT) a un EFFET \u00c0 LONG TERME.<br>Par cons\u00e9quent, le traitement se termine par l&rsquo;administration d&rsquo;une ampoule d&rsquo;hyaluron pour stimuler la circulation. Il est destin\u00e9 \u00e0 augmenter durablement la r\u00e9silience et l&rsquo;\u00e9lasticit\u00e9 de la peau du visage. Le teint peut \u00e9galement para\u00eetre plus \u00e9clatant avec ce soin.<\/p><p><strong>Prix: d\u00e8s CHF 159.00<\/strong><\/p><\/div>\n\t\t\t\t<\/div>\n\t\t\t\t\t\t\t<div class=\"elementor-accordion-item\">\n\t\t\t\t\t<div id=\"elementor-tab-title-1193\" class=\"elementor-tab-title\" data-tab=\"3\" role=\"button\" aria-controls=\"elementor-tab-content-1193\" aria-expanded=\"false\">\n\t\t\t\t\t\t\t\t\t\t\t\t\t<span class=\"elementor-accordion-icon elementor-accordion-icon-left\" aria-hidden=\"true\">\n\t\t\t\t\t\t\t\t\t\t\t\t\t\t\t<span class=\"elementor-accordion-icon-closed\"><i class=\"fas fa-chevron-down\"><\/i><\/span>\n\t\t\t\t\t\t\t\t<span class=\"elementor-accordion-icon-opened\"><i class=\"fas fa-chevron-up\"><\/i><\/span>\n\t\t\t\t\t\t\t\t\t\t\t\t\t\t<\/span>\n\t\t\t\t\t\t\t\t\t\t\t\t<a class=\"elementor-accordion-title\" tabindex=\"0\">Resserrement sans chirurgie avec th\u00e9rapie par radiofr\u00e9quence<\/a>\n\t\t\t\t\t<\/div>\n\t\t\t\t\t<div id=\"elementor-tab-content-1193\" class=\"elementor-tab-content elementor-clearfix\" data-tab=\"3\" role=\"region\" aria-labelledby=\"elementor-tab-title-1193\"><p>Avec la th\u00e9rapie par radiofr\u00e9quence, il est possible de contrecarrer le processus naturel de vieillissement sans intervention chirurgicale. L&rsquo;un des avantages de cette m\u00e9thode est qu&rsquo;elle est totalement indolore et sans effets secondaires. Aux radiofr\u00e9quences, l&rsquo;\u00e9nergie est d\u00e9livr\u00e9e \u00e0 la surface de la peau et\/ou du tissu sous-cutan\u00e9 sous forme de chaleur. La chaleur stimule \u00e0 nouveau la formation de collag\u00e8ne dans la peau, ce qui peut lutter en douceur contre le vieillissement cutan\u00e9. Nous combinons ce traitement avec BIO Hyaluron, qui est introduit dans les tissus.<\/p><p><strong>Prix: d\u00e8s CHF 159.00<\/strong><\/p><\/div>\n\t\t\t\t<\/div>\n\t\t\t\t\t\t\t\t<\/div>\n\t\t\t\t\t\t<\/div>\n\t\t\t\t<\/div>\n\t\t\t\t\t<\/div>\n\t\t<\/div>\n\t\t\t\t<div class=\"elementor-column elementor-col-50 elementor-top-column elementor-element elementor-element-6afe632\" data-id=\"6afe632\" data-element_type=\"column\" data-e-type=\"column\">\n\t\t\t<div class=\"elementor-widget-wrap elementor-element-populated\">\n\t\t\t\t\t\t<div class=\"elementor-element elementor-element-f8931f2 elementor-widget elementor-widget-image-carousel\" data-id=\"f8931f2\" data-element_type=\"widget\" data-e-type=\"widget\" data-settings=\"{&quot;slides_to_show&quot;:&quot;1&quot;,&quot;navigation&quot;:&quot;none&quot;,&quot;lazyload&quot;:&quot;yes&quot;,&quot;pause_on_hover&quot;:&quot;no&quot;,&quot;pause_on_interaction&quot;:&quot;no&quot;,&quot;autoplay_speed&quot;:2500,&quot;speed&quot;:1000,&quot;autoplay&quot;:&quot;yes&quot;,&quot;infinite&quot;:&quot;yes&quot;,&quot;effect&quot;:&quot;slide&quot;}\" data-widget_type=\"image-carousel.default\">\n\t\t\t\t<div class=\"elementor-widget-container\">\n\t\t\t\t\t\t\t<div class=\"elementor-image-carousel-wrapper swiper\" role=\"region\" aria-roledescription=\"carousel\" aria-label=\"Carrousel d\u2019images\" dir=\"ltr\">\n\t\t\t<div class=\"elementor-image-carousel swiper-wrapper\" aria-live=\"off\">\n\t\t\t\t\t\t\t\t<div class=\"swiper-slide\" role=\"group\" aria-roledescription=\"slide\" aria-label=\"1 sur 5\"><figure class=\"swiper-slide-inner\"><img class=\"swiper-slide-image swiper-lazy\" data-src=\"https:\/\/algo.swiss\/wp-content\/uploads\/2022\/09\/Face_Dana.png\" alt=\"Face_Dana\" \/><div class=\"swiper-lazy-preloader\"><\/div><\/figure><\/div><div class=\"swiper-slide\" role=\"group\" aria-roledescription=\"slide\" aria-label=\"2 sur 5\"><figure class=\"swiper-slide-inner\"><img class=\"swiper-slide-image swiper-lazy\" data-src=\"https:\/\/algo.swiss\/wp-content\/uploads\/2022\/09\/Face_Lukas.png\" alt=\"Face_Lukas\" \/><div class=\"swiper-lazy-preloader\"><\/div><\/figure><\/div><div class=\"swiper-slide\" role=\"group\" aria-roledescription=\"slide\" aria-label=\"3 sur 5\"><figure class=\"swiper-slide-inner\"><img class=\"swiper-slide-image swiper-lazy\" data-src=\"https:\/\/algo.swiss\/wp-content\/uploads\/2022\/09\/Face_Sasa.png\" alt=\"Face_Sasa\" \/><div class=\"swiper-lazy-preloader\"><\/div><\/figure><\/div><div class=\"swiper-slide\" role=\"group\" aria-roledescription=\"slide\" aria-label=\"4 sur 5\"><figure class=\"swiper-slide-inner\"><img class=\"swiper-slide-image swiper-lazy\" data-src=\"https:\/\/algo.swiss\/wp-content\/uploads\/2022\/09\/Face_Sonja.png\" alt=\"Face_Sonja\" \/><div class=\"swiper-lazy-preloader\"><\/div><\/figure><\/div><div class=\"swiper-slide\" role=\"group\" aria-roledescription=\"slide\" aria-label=\"5 sur 5\"><figure class=\"swiper-slide-inner\"><img class=\"swiper-slide-image swiper-lazy\" data-src=\"https:\/\/algo.swiss\/wp-content\/uploads\/2022\/09\/Face_Algo.png\" alt=\"Face_Algo\" \/><div class=\"swiper-lazy-preloader\"><\/div><\/figure><\/div>\t\t\t<\/div>\n\t\t\t\t\t\t\t\n\t\t\t\t\t\t\t\t\t<\/div>\n\t\t\t\t\t\t<\/div>\n\t\t\t\t<\/div>\n\t\t\t\t\t<\/div>\n\t\t<\/div>\n\t\t\t\t\t<\/div>\n\t\t<\/section>\n\t\t\t\t<\/div>\n\t\t","protected":false},"excerpt":{"rendered":"<p>Nous offrons 3 options diff\u00e9rentes ici: Un nettoyage en profondeur pour clarifier votre peau Combat efficacement et rapidement les pores dilat\u00e9s, les points noirs, les imperfections et les structures cutan\u00e9es irr\u00e9guli\u00e8res. Contient:Enveloppement nettoyant, apaisant du visage (visage, cou, d\u00e9collet\u00e9), gommage, tonique, nettoyage des impuret\u00e9s, massage, masque selon type de peau, \u00e9pilation des sourcils, coloration (si [&hellip;]<\/p>\n","protected":false},"author":1,"featured_media":0,"parent":0,"menu_order":0,"comment_status":"closed","ping_status":"closed","template":"","meta":{"footnotes":""},"class_list":["post-530","page","type-page","status-publish","hentry"],"_links":{"self":[{"href":"https:\/\/algo.swiss\/fr\/wp-json\/wp\/v2\/pages\/530","targetHints":{"allow":["GET"]}}],"collection":[{"href":"https:\/\/algo.swiss\/fr\/wp-json\/wp\/v2\/pages"}],"about":[{"href":"https:\/\/algo.swiss\/fr\/wp-json\/wp\/v2\/types\/page"}],"author":[{"embeddable":true,"href":"https:\/\/algo.swiss\/fr\/wp-json\/wp\/v2\/users\/1"}],"replies":[{"embeddable":true,"href":"https:\/\/algo.swiss\/fr\/wp-json\/wp\/v2\/comments?post=530"}],"version-history":[{"count":1,"href":"https:\/\/algo.swiss\/fr\/wp-json\/wp\/v2\/pages\/530\/revisions"}],"predecessor-version":[{"id":531,"href":"https:\/\/algo.swiss\/fr\/wp-json\/wp\/v2\/pages\/530\/revisions\/531"}],"wp:attachment":[{"href":"https:\/\/algo.swiss\/fr\/wp-json\/wp\/v2\/media?parent=530"}],"curies":[{"name":"wp","href":"https:\/\/api.w.org\/{rel}","templated":true}]}}