{"id":855,"date":"2022-09-09T19:26:41","date_gmt":"2022-09-09T17:26:41","guid":{"rendered":"https:\/\/algo-beauty.ch\/empreinte-original-en-allemand-ceci-est-une-traduction-automatique\/"},"modified":"2022-09-27T15:25:17","modified_gmt":"2022-09-27T13:25:17","slug":"empreinte","status":"publish","type":"page","link":"https:\/\/algo.swiss\/fr\/empreinte\/","title":{"rendered":"Empreinte"},"content":{"rendered":"\t\t<div data-elementor-type=\"wp-page\" data-elementor-id=\"855\" class=\"elementor elementor-855 elementor-664\" data-elementor-post-type=\"page\">\n\t\t\t\t\t\t<section class=\"elementor-section elementor-top-section elementor-element elementor-element-b59346d elementor-section-boxed elementor-section-height-default elementor-section-height-default\" data-id=\"b59346d\" data-element_type=\"section\" data-e-type=\"section\">\n\t\t\t\t\t\t<div class=\"elementor-container elementor-column-gap-default\">\n\t\t\t\t\t<div class=\"elementor-column elementor-col-100 elementor-top-column elementor-element elementor-element-8c12c98\" data-id=\"8c12c98\" data-element_type=\"column\" data-e-type=\"column\">\n\t\t\t<div class=\"elementor-widget-wrap elementor-element-populated\">\n\t\t\t\t\t\t<div class=\"elementor-element elementor-element-dd0a722 elementor-widget elementor-widget-heading\" data-id=\"dd0a722\" data-element_type=\"widget\" data-e-type=\"widget\" data-widget_type=\"heading.default\">\n\t\t\t\t<div class=\"elementor-widget-container\">\n\t\t\t\t\t<h2 class=\"elementor-heading-title elementor-size-default\">Empreinte (original en allemand, ceci est une traduction automatique)<\/h2>\t\t\t\t<\/div>\n\t\t\t\t<\/div>\n\t\t\t\t<div class=\"elementor-element elementor-element-2ba73b7 elementor-widget elementor-widget-html\" data-id=\"2ba73b7\" data-element_type=\"widget\" data-e-type=\"widget\" data-widget_type=\"html.default\">\n\t\t\t\t<div class=\"elementor-widget-container\">\n\t\t\t\t\t<p><strong><i>Adresse de contact<\/i><\/strong><\/p><p>Algo Beauty AVESTA<br>Ostring 44<br>8105 Regensdorf<br>Suisse<\/p><p>Messagerie \u00e9lectronique:<br>info@algo-beauty.ch \/ info@algo.swiss<\/p><br><br><p><strong><i>Repr\u00e9sentant(s) autoris\u00e9(s)<\/i><\/strong><\/p>Dana Aleksendric, Directrice G\u00e9n\u00e9rale<br><br><p><strong><i>Inscription au registre du commerce<\/i><\/strong><\/p>D\u00e9nomination sociale enregistr\u00e9e :<br><strong>Algo Beauty AVESTA<\/strong><br><br>Num\u00e9ro d\u2019entreprise (UID) :<br><strong>CHE-206.165.037<\/strong><br><br><p>Num\u00e9ro de TVA<br><strong>CHE-206.165.037 TVA<\/strong><br><br><br><\/p><p><strong><i>D\u00e9menti<\/i><\/strong><\/p>L\u2019auteur n\u2019assume aucune responsabilit\u00e9 quant \u00e0 l\u2019exactitude, l\u2019exactitude, l\u2019actualit\u00e9, la fiabilit\u00e9 et l\u2019exhaustivit\u00e9 des informations.<p>Les actions en responsabilit\u00e9 contre l\u2019auteur en raison de dommages mat\u00e9riels ou immat\u00e9riels r\u00e9sultant de l\u2019acc\u00e8s ou de l\u2019utilisation ou de la non-utilisation des informations publi\u00e9es, d\u2019une mauvaise utilisation de la connexion ou de d\u00e9fauts techniques sont exclues.<\/p><p>Toutes les offres sont sans engagement. L\u2019auteur se r\u00e9serve express\u00e9ment le droit de modifier, compl\u00e9ter ou supprimer des parties des pages ou l\u2019ensemble de l\u2019offre sans pr\u00e9avis sp\u00e9cial ou de cesser la publication temporairement ou d\u00e9finitivement.<\/p><br><br><p><strong><i>Clause de non-responsabilit\u00e9 pour les liens<\/i><\/strong><\/p><p>Les r\u00e9f\u00e9rences et les liens vers des sites Web tiers ne rel\u00e8vent pas de notre responsabilit\u00e9. Toute responsabilit\u00e9 pour ces sites Web est d\u00e9clin\u00e9e. L\u2019acc\u00e8s et l\u2019utilisation de ces sites Web se font aux risques et p\u00e9rils de l\u2019utilisateur.<\/p><br><br><p><strong><i>Copyrights<\/i><\/strong><\/p><p>Les droits d\u2019auteur et tous les autres droits sur le contenu, les images, les photos ou autres fichiers sur ce site Web appartiennent exclusivement \u00e0 <strong>la soci\u00e9t\u00e9 Algo Beauty AVESTA<\/strong> ou aux titulaires de droits sp\u00e9cifiquement nomm\u00e9s. Pour la reproduction de tout \u00e9l\u00e9ment, le consentement \u00e9crit du titulaire du droit d\u2019auteur doit \u00eatre obtenu au pr\u00e9alable.<\/p><br><!--ACHTUNG: Wenn Sie die Quelle ohne Erlaubnis von SwissAnwalt entfernen, dann begehen Sie eine Urheberrechtsverletzung welche in jedem Fall geahndet wird.-->Source: <a href=\"https:\/\/www.swissanwalt.ch\" target=\"_blank\" rel=\"noopener\">SwissAnwalt<\/a><!--Bitte beachten Sie die AGB von SwissAnwalt betreffend allf&auml;llig anfallenden Kosten bei Weglassen der Quelle!-->\t\t\t\t<\/div>\n\t\t\t\t<\/div>\n\t\t\t\t\t<\/div>\n\t\t<\/div>\n\t\t\t\t\t<\/div>\n\t\t<\/section>\n\t\t\t\t<\/div>\n\t\t","protected":false},"excerpt":{"rendered":"<p>Empreinte (original en allemand, ceci est une traduction automatique) Adresse de contact Algo Beauty AVESTAOstring 448105 RegensdorfSuisse Messagerie \u00e9lectronique:info@algo-beauty.ch \/ info@algo.swiss Repr\u00e9sentant(s) autoris\u00e9(s) Dana Aleksendric, Directrice G\u00e9n\u00e9rale Inscription au registre du commerce D\u00e9nomination sociale enregistr\u00e9e :Algo Beauty AVESTA Num\u00e9ro d\u2019entreprise (UID) :CHE-206.165.037 Num\u00e9ro de TVACHE-206.165.037 TVA D\u00e9menti L\u2019auteur n\u2019assume aucune responsabilit\u00e9 quant \u00e0 l\u2019exactitude, l\u2019exactitude, [&hellip;]<\/p>\n","protected":false},"author":1,"featured_media":0,"parent":0,"menu_order":0,"comment_status":"closed","ping_status":"closed","template":"","meta":{"footnotes":""},"class_list":["post-855","page","type-page","status-publish","hentry"],"_links":{"self":[{"href":"https:\/\/algo.swiss\/fr\/wp-json\/wp\/v2\/pages\/855","targetHints":{"allow":["GET"]}}],"collection":[{"href":"https:\/\/algo.swiss\/fr\/wp-json\/wp\/v2\/pages"}],"about":[{"href":"https:\/\/algo.swiss\/fr\/wp-json\/wp\/v2\/types\/page"}],"author":[{"embeddable":true,"href":"https:\/\/algo.swiss\/fr\/wp-json\/wp\/v2\/users\/1"}],"replies":[{"embeddable":true,"href":"https:\/\/algo.swiss\/fr\/wp-json\/wp\/v2\/comments?post=855"}],"version-history":[{"count":4,"href":"https:\/\/algo.swiss\/fr\/wp-json\/wp\/v2\/pages\/855\/revisions"}],"predecessor-version":[{"id":898,"href":"https:\/\/algo.swiss\/fr\/wp-json\/wp\/v2\/pages\/855\/revisions\/898"}],"wp:attachment":[{"href":"https:\/\/algo.swiss\/fr\/wp-json\/wp\/v2\/media?parent=855"}],"curies":[{"name":"wp","href":"https:\/\/api.w.org\/{rel}","templated":true}]}}