{"id":1093,"date":"2022-11-30T19:57:14","date_gmt":"2022-11-30T18:57:14","guid":{"rendered":"https:\/\/algo.swiss\/shop\/algo-spa-energie-live-sans-produits\/"},"modified":"2025-01-14T16:09:10","modified_gmt":"2025-01-14T15:09:10","slug":"algo-spa-energie-live-ohne-produkte-2","status":"publish","type":"product","link":"https:\/\/algo.swiss\/fr\/boutique\/algo-spa-energie-live-ohne-produkte-2\/","title":{"rendered":"ALGO Spa &#8211; ENERGIE Live (sans produits)"},"content":{"rendered":"","protected":false},"excerpt":{"rendered":"<p><strong>R\u00e9ductions \u00e0 partir de 25 pi\u00e8ces sur demande<\/strong><\/p>\n<p>Enfilez la combinaison en PVC hygi\u00e9nique noire en deux pi\u00e8ces, puis la combinaison de spa dor\u00e9e ALGO (ce processus prend 1 \u00e0 2 minutes). Allumez le temps (30-60 min) pour l&rsquo;application souhait\u00e9e:<\/p>\n<ul>\n<li>Purification &amp; d\u00e9toxification<\/li>\n<li>drainage corporel<\/li>\n<li>Acc\u00e9l\u00e9ration du m\u00e9tabolisme<\/li>\n<li>R\u00e9duction de la circonf\u00e9rence et raffermissement de la peau<\/li>\n<li>Contre les tensions musculaires et dorsales<\/li>\n<li>Contre les plaintes communes<\/li>\n<li>Renforcement du syst\u00e8me immunitaire<\/li>\n<li>R\u00e9gulation en cas de probl\u00e8mes circulatoires<\/li>\n<li>R\u00e9duction de poids &amp; anti-cellulite<\/li>\n<\/ul>\n<p>La combinaison ALGO Spa comprend: 1x <a href=\"https:\/\/algo.swiss\/shop\/algo-spa-pvc-hygiene-anzug\/\" target=\"_blank\" rel=\"noopener\">combinaison d\u2019hygi\u00e8ne lavable<\/a>, combinaison de spa ALGO dor\u00e9e.<\/p>\n","protected":false},"featured_media":1005,"template":"","meta":[],"product_brand":[],"product_cat":[39],"product_tag":[],"class_list":{"0":"post-1093","1":"product","2":"type-product","3":"status-publish","4":"has-post-thumbnail","6":"product_cat-unkategorisiert-fr","7":"product_shipping_class-colis-postaux","9":"first","10":"instock","11":"taxable","12":"shipping-taxable","13":"purchasable","14":"product-type-simple"},"_links":{"self":[{"href":"https:\/\/algo.swiss\/fr\/wp-json\/wp\/v2\/product\/1093","targetHints":{"allow":["GET"]}}],"collection":[{"href":"https:\/\/algo.swiss\/fr\/wp-json\/wp\/v2\/product"}],"about":[{"href":"https:\/\/algo.swiss\/fr\/wp-json\/wp\/v2\/types\/product"}],"wp:featuredmedia":[{"embeddable":true,"href":"https:\/\/algo.swiss\/fr\/wp-json\/wp\/v2\/media\/1005"}],"wp:attachment":[{"href":"https:\/\/algo.swiss\/fr\/wp-json\/wp\/v2\/media?parent=1093"}],"wp:term":[{"taxonomy":"product_brand","embeddable":true,"href":"https:\/\/algo.swiss\/fr\/wp-json\/wp\/v2\/product_brand?post=1093"},{"taxonomy":"product_cat","embeddable":true,"href":"https:\/\/algo.swiss\/fr\/wp-json\/wp\/v2\/product_cat?post=1093"},{"taxonomy":"product_tag","embeddable":true,"href":"https:\/\/algo.swiss\/fr\/wp-json\/wp\/v2\/product_tag?post=1093"}],"curies":[{"name":"wp","href":"https:\/\/api.w.org\/{rel}","templated":true}]}}