{"id":1498,"date":"2025-10-15T18:36:23","date_gmt":"2025-10-15T16:36:23","guid":{"rendered":"https:\/\/algo.swiss\/shop\/bon-dachat-acceleration-metabolique-et-recuperation-musculaire\/"},"modified":"2025-10-15T18:36:23","modified_gmt":"2025-10-15T16:36:23","slug":"bon-dachat-acceleration-metabolique-et-recuperation-musculaire","status":"publish","type":"product","link":"https:\/\/algo.swiss\/fr\/boutique\/bon-dachat-acceleration-metabolique-et-recuperation-musculaire\/","title":{"rendered":"Bon d\u2019achat Acc\u00e9l\u00e9ration m\u00e9tabolique et r\u00e9cup\u00e9ration musculaire"},"content":{"rendered":"","protected":false},"excerpt":{"rendered":"","protected":false},"featured_media":1542,"template":"","meta":[],"product_brand":[],"product_cat":[39],"product_tag":[],"class_list":{"0":"post-1498","1":"product","2":"type-product","3":"status-publish","4":"has-post-thumbnail","6":"product_cat-unkategorisiert-fr","8":"first","9":"instock","10":"taxable","11":"shipping-taxable","12":"purchasable","13":"product-type-simple"},"_links":{"self":[{"href":"https:\/\/algo.swiss\/fr\/wp-json\/wp\/v2\/product\/1498","targetHints":{"allow":["GET"]}}],"collection":[{"href":"https:\/\/algo.swiss\/fr\/wp-json\/wp\/v2\/product"}],"about":[{"href":"https:\/\/algo.swiss\/fr\/wp-json\/wp\/v2\/types\/product"}],"wp:featuredmedia":[{"embeddable":true,"href":"https:\/\/algo.swiss\/fr\/wp-json\/wp\/v2\/media\/1542"}],"wp:attachment":[{"href":"https:\/\/algo.swiss\/fr\/wp-json\/wp\/v2\/media?parent=1498"}],"wp:term":[{"taxonomy":"product_brand","embeddable":true,"href":"https:\/\/algo.swiss\/fr\/wp-json\/wp\/v2\/product_brand?post=1498"},{"taxonomy":"product_cat","embeddable":true,"href":"https:\/\/algo.swiss\/fr\/wp-json\/wp\/v2\/product_cat?post=1498"},{"taxonomy":"product_tag","embeddable":true,"href":"https:\/\/algo.swiss\/fr\/wp-json\/wp\/v2\/product_tag?post=1498"}],"curies":[{"name":"wp","href":"https:\/\/api.w.org\/{rel}","templated":true}]}}