{"id":567,"date":"2022-09-01T18:32:59","date_gmt":"2022-09-01T16:32:59","guid":{"rendered":"https:\/\/algobeauty.buffetitservices.ch\/shop\/detox-no-1-200-ml\/"},"modified":"2025-01-19T20:19:30","modified_gmt":"2025-01-19T19:19:30","slug":"detox-no-1-200-ml","status":"publish","type":"product","link":"https:\/\/algo.swiss\/fr\/boutique\/detox-no-1-200-ml\/","title":{"rendered":"DETOX No. 1 (200 ml)"},"content":{"rendered":"","protected":false},"excerpt":{"rendered":"<p><strong>D\u00e9toxification du corps avec DETOX \u00e0 partir des sels des Alpes suisses<\/strong><\/p>\n<p>Cr\u00e8me efficace contre la cellulite, les amas graisseux, les \u0153d\u00e8mes et les imperfections. La formule contient un m\u00e9lange d&rsquo;ingr\u00e9dients actifs qui s&rsquo;attaque aux maux sur plusieurs fronts. Extrait de spiruline, la carnitine et la caf\u00e9ine stimulent la lipolyse. La spiruline renforce et restructure, tandis que la carnitine exerce une activit\u00e9 vasculaire protectrice. Les sels alpins suisses acc\u00e9l\u00e8rent le m\u00e9tabolisme de la peau, ce qui convient \u00e0 un usage quotidien avec une d\u00e9toxification plus intensive et douce.<\/p>\n<p><strong>Application:<\/strong><br \/>\nAppliquer sur une peau nettoy\u00e9e sur tout le corps sauf le visage et masser jusqu\u2019\u00e0 ce que la cr\u00e8me soit compl\u00e8tement absorb\u00e9e.<br \/>\n200 ml suffisent pour environ 15 \u00e0 20 applications corporelles<\/p>\n","protected":false},"featured_media":785,"template":"","meta":[],"product_brand":[],"product_cat":[39],"product_tag":[],"class_list":{"0":"post-567","1":"product","2":"type-product","3":"status-publish","4":"has-post-thumbnail","6":"product_cat-unkategorisiert-fr","7":"product_shipping_class-colis-postaux","9":"first","10":"instock","11":"taxable","12":"shipping-taxable","13":"purchasable","14":"product-type-simple"},"_links":{"self":[{"href":"https:\/\/algo.swiss\/fr\/wp-json\/wp\/v2\/product\/567","targetHints":{"allow":["GET"]}}],"collection":[{"href":"https:\/\/algo.swiss\/fr\/wp-json\/wp\/v2\/product"}],"about":[{"href":"https:\/\/algo.swiss\/fr\/wp-json\/wp\/v2\/types\/product"}],"wp:featuredmedia":[{"embeddable":true,"href":"https:\/\/algo.swiss\/fr\/wp-json\/wp\/v2\/media\/785"}],"wp:attachment":[{"href":"https:\/\/algo.swiss\/fr\/wp-json\/wp\/v2\/media?parent=567"}],"wp:term":[{"taxonomy":"product_brand","embeddable":true,"href":"https:\/\/algo.swiss\/fr\/wp-json\/wp\/v2\/product_brand?post=567"},{"taxonomy":"product_cat","embeddable":true,"href":"https:\/\/algo.swiss\/fr\/wp-json\/wp\/v2\/product_cat?post=567"},{"taxonomy":"product_tag","embeddable":true,"href":"https:\/\/algo.swiss\/fr\/wp-json\/wp\/v2\/product_tag?post=567"}],"curies":[{"name":"wp","href":"https:\/\/api.w.org\/{rel}","templated":true}]}}