{"id":571,"date":"2022-09-02T16:34:55","date_gmt":"2022-09-02T14:34:55","guid":{"rendered":"https:\/\/algobeauty.buffetitservices.ch\/shop\/fresh-no-2-200-ml\/"},"modified":"2025-01-19T20:20:32","modified_gmt":"2025-01-19T19:20:32","slug":"fresh-no-2-200-ml","status":"publish","type":"product","link":"https:\/\/algo.swiss\/fr\/boutique\/fresh-no-2-200-ml\/","title":{"rendered":"FRESH No. 2 (200 ml)"},"content":{"rendered":"","protected":false},"excerpt":{"rendered":"<p><strong>Bien-\u00eatre, fra\u00eecheur et tonification avec les sels<\/strong><br \/>\n FRAIS des Alpes suissesLe gel Fresh \u00e0 base de menthol naturel augmente l\u2019activit\u00e9 m\u00e9tabolique locale en stimulant les r\u00e9cepteurs du froid, suivi d\u2019un effet vasoconstricteur. En raison de la fra\u00eecheur et du bien-\u00eatre imm\u00e9diats, le produit est optimal contre les impuret\u00e9s de la cellulite, l\u2019atonie tissulaire et la lourdeur due \u00e0 l\u2019\u0153d\u00e8me.<\/p>\n<p><strong>Application:<\/strong><br \/>\nAppliquez le produit sur les zones \u00e0 traiter et massez jusqu\u2019\u00e0 absorption compl\u00e8te. L\u2019effet rafra\u00eechissant dure environ 30 \u00e0 40 minutes.<br \/>\n200 ml suffisent pour environ 15 \u00e0 20 applications corporelles <\/p>\n","protected":false},"featured_media":775,"template":"","meta":[],"product_brand":[],"product_cat":[39],"product_tag":[],"class_list":{"0":"post-571","1":"product","2":"type-product","3":"status-publish","4":"has-post-thumbnail","6":"product_cat-unkategorisiert-fr","7":"product_shipping_class-colis-postaux","9":"first","10":"instock","11":"taxable","12":"shipping-taxable","13":"purchasable","14":"product-type-simple"},"_links":{"self":[{"href":"https:\/\/algo.swiss\/fr\/wp-json\/wp\/v2\/product\/571","targetHints":{"allow":["GET"]}}],"collection":[{"href":"https:\/\/algo.swiss\/fr\/wp-json\/wp\/v2\/product"}],"about":[{"href":"https:\/\/algo.swiss\/fr\/wp-json\/wp\/v2\/types\/product"}],"wp:featuredmedia":[{"embeddable":true,"href":"https:\/\/algo.swiss\/fr\/wp-json\/wp\/v2\/media\/775"}],"wp:attachment":[{"href":"https:\/\/algo.swiss\/fr\/wp-json\/wp\/v2\/media?parent=571"}],"wp:term":[{"taxonomy":"product_brand","embeddable":true,"href":"https:\/\/algo.swiss\/fr\/wp-json\/wp\/v2\/product_brand?post=571"},{"taxonomy":"product_cat","embeddable":true,"href":"https:\/\/algo.swiss\/fr\/wp-json\/wp\/v2\/product_cat?post=571"},{"taxonomy":"product_tag","embeddable":true,"href":"https:\/\/algo.swiss\/fr\/wp-json\/wp\/v2\/product_tag?post=571"}],"curies":[{"name":"wp","href":"https:\/\/api.w.org\/{rel}","templated":true}]}}