{"id":594,"date":"2022-09-09T08:37:43","date_gmt":"2022-09-09T06:37:43","guid":{"rendered":"https:\/\/algobeauty.buffetitservices.ch\/shop\/body-abo-8-procedures\/"},"modified":"2025-01-19T20:21:01","modified_gmt":"2025-01-19T19:21:01","slug":"body-abo-8-procedures","status":"publish","type":"product","link":"https:\/\/algo.swiss\/fr\/boutique\/body-abo-8-procedures\/","title":{"rendered":"Body Abo (8 proc\u00e9dures)"},"content":{"rendered":"","protected":false},"excerpt":{"rendered":"<p><strong>PURIFIEZ, D\u00c9TOXIFIEZ, PERDEZ DU POIDS ET FERMETEZ DES TISSUS!<\/strong><\/p>\n<p>Dans la recherche d&rsquo;un syst\u00e8me optimal pour purifier, d\u00e9toxifier, raffermir et perdre du poids de mani\u00e8re cibl\u00e9e, nous avons introduit <strong>plus de 25 traitements corporels diff\u00e9rents<\/strong> et avons trouv\u00e9 la r\u00e9ponse : Nos diff\u00e9rentes applications techniques en combinaison avec des traitements corporels d\u00e9toxifiants naturels permettent d&rsquo;obtenir les meilleurs r\u00e9sultats et de mani\u00e8re totalement naturelle. Cela implique une perte de poids cibl\u00e9e et des zones \u00e0 probl\u00e8mes telles que le ventre, les hanches, les fesses et les cuisses, la r\u00e9duction de la cellulite et la promotion de la circulation sanguine. Les applications ont un effet relaxant, diur\u00e9tique, stimulant le m\u00e9tabolisme, raffermissant des tissus, anticonvulsivant et renforcent le syst\u00e8me immunitaire.<\/p>\n<p>Des conseils et des soins gratuits sont prodigu\u00e9s chez ALGO Beauty, Tramstrasse 3, 8050 Zurich. Infos + rendez-vous au 044 558 80 88, <a href=\"mailto:info@algo-beauty.ch\">info@algo-beauty.ch<\/a>.<\/p>\n","protected":false},"featured_media":46,"template":"","meta":[],"product_brand":[],"product_cat":[39],"product_tag":[],"class_list":{"0":"post-594","1":"product","2":"type-product","3":"status-publish","4":"has-post-thumbnail","6":"product_cat-unkategorisiert-fr","7":"product_shipping_class-colis-postaux","9":"first","10":"instock","11":"virtual","12":"taxable","13":"purchasable","14":"product-type-simple"},"_links":{"self":[{"href":"https:\/\/algo.swiss\/fr\/wp-json\/wp\/v2\/product\/594","targetHints":{"allow":["GET"]}}],"collection":[{"href":"https:\/\/algo.swiss\/fr\/wp-json\/wp\/v2\/product"}],"about":[{"href":"https:\/\/algo.swiss\/fr\/wp-json\/wp\/v2\/types\/product"}],"wp:featuredmedia":[{"embeddable":true,"href":"https:\/\/algo.swiss\/fr\/wp-json\/wp\/v2\/media\/46"}],"wp:attachment":[{"href":"https:\/\/algo.swiss\/fr\/wp-json\/wp\/v2\/media?parent=594"}],"wp:term":[{"taxonomy":"product_brand","embeddable":true,"href":"https:\/\/algo.swiss\/fr\/wp-json\/wp\/v2\/product_brand?post=594"},{"taxonomy":"product_cat","embeddable":true,"href":"https:\/\/algo.swiss\/fr\/wp-json\/wp\/v2\/product_cat?post=594"},{"taxonomy":"product_tag","embeddable":true,"href":"https:\/\/algo.swiss\/fr\/wp-json\/wp\/v2\/product_tag?post=594"}],"curies":[{"name":"wp","href":"https:\/\/api.w.org\/{rel}","templated":true}]}}