{"id":603,"date":"2022-09-09T08:52:54","date_gmt":"2022-09-09T06:52:54","guid":{"rendered":"https:\/\/algobeauty.buffetitservices.ch\/shop\/combi-bien-etre\/"},"modified":"2025-01-19T20:22:28","modified_gmt":"2025-01-19T19:22:28","slug":"combination-wellness","status":"publish","type":"product","link":"https:\/\/algo.swiss\/fr\/boutique\/combination-wellness\/","title":{"rendered":"Combi bien-\u00eatre"},"content":{"rendered":"","protected":false},"excerpt":{"rendered":"<p><strong> 1x DETOX No.1 + 1x Combinaison Hygi\u00e9nique + 1x FRESH No.2 <\/strong><\/p>\n<p> <strong> D\u00e9toxification corporelle DETOX aux sels des<\/strong><br \/>\n Alpes suissesCr\u00e8me \u00e0 action contre la cellulite, les amas graisseux, l\u2019\u0153d\u00e8me et les impuret\u00e9s. La formule contient un m\u00e9lange d&rsquo;ingr\u00e9dients actifs qui s&rsquo;attaque aux maux sur plusieurs fronts. Extrait de spiruline, la carnitine et la caf\u00e9ine stimulent la lipolyse. La spiruline renforce et restructure tandis que la carnitine exerce une activit\u00e9 vasculaire protectrice. <strong>Les sels des Alpes suisses<\/strong> acc\u00e9l\u00e8rent le m\u00e9tabolisme de la peau, ce qui convient \u00e0 un usage quotidien avec une d\u00e9toxification plus intensive et douce.<\/p>\n<p><strong>Application:<\/strong> Cr\u00e9mez-vous avec DETOX No.1 et mettez une combinaison d&rsquo;hygi\u00e8ne. Temps d&rsquo;effet 30 \u00e0 60 minutes.<\/p>\n<p><strong>Bien-\u00eatre, fra\u00eecheur et tonification FRESH aux sels des<\/strong><br \/>\n Alpes suissesPrenez une douche et s\u00e9chez-vous. Vous pouvez maintenant appliquer la cr\u00e8me FRESH No.2 sur les zones \u00e0 probl\u00e8mes, ou sur l&rsquo;ensemble du corps si vous souhaitez un effet plus intensif. La cr\u00e8me gel\u00e9e FRESH No.2 qui, par stimulation des r\u00e9cepteurs du froid, suivie d&rsquo;un effet astringent superficiel, provoque une augmentation locale de l&rsquo;activit\u00e9 m\u00e9tabolique par r\u00e9action. Pour ces raisons, c&rsquo;est le produit optimal contre la cellulite, les impuret\u00e9s, l&rsquo;atonie des tissus et la lourdeur caus\u00e9e par l&rsquo;\u0153d\u00e8me. Gr\u00e2ce \u00e0 l\u2019action des sels alpins suisses, vous et tout votre organisme deviendrez plus efficaces et les r\u00e9serves seront reconstitu\u00e9es.<\/p>\n","protected":false},"featured_media":599,"template":"","meta":[],"product_brand":[],"product_cat":[39],"product_tag":[],"class_list":{"0":"post-603","1":"product","2":"type-product","3":"status-publish","4":"has-post-thumbnail","6":"product_cat-unkategorisiert-fr","7":"product_shipping_class-colis-postaux","9":"first","10":"instock","11":"taxable","12":"shipping-taxable","13":"purchasable","14":"product-type-simple"},"_links":{"self":[{"href":"https:\/\/algo.swiss\/fr\/wp-json\/wp\/v2\/product\/603","targetHints":{"allow":["GET"]}}],"collection":[{"href":"https:\/\/algo.swiss\/fr\/wp-json\/wp\/v2\/product"}],"about":[{"href":"https:\/\/algo.swiss\/fr\/wp-json\/wp\/v2\/types\/product"}],"wp:featuredmedia":[{"embeddable":true,"href":"https:\/\/algo.swiss\/fr\/wp-json\/wp\/v2\/media\/599"}],"wp:attachment":[{"href":"https:\/\/algo.swiss\/fr\/wp-json\/wp\/v2\/media?parent=603"}],"wp:term":[{"taxonomy":"product_brand","embeddable":true,"href":"https:\/\/algo.swiss\/fr\/wp-json\/wp\/v2\/product_brand?post=603"},{"taxonomy":"product_cat","embeddable":true,"href":"https:\/\/algo.swiss\/fr\/wp-json\/wp\/v2\/product_cat?post=603"},{"taxonomy":"product_tag","embeddable":true,"href":"https:\/\/algo.swiss\/fr\/wp-json\/wp\/v2\/product_tag?post=603"}],"curies":[{"name":"wp","href":"https:\/\/api.w.org\/{rel}","templated":true}]}}