{"id":973,"date":"2022-11-30T21:35:46","date_gmt":"2022-11-30T20:35:46","guid":{"rendered":"https:\/\/algo.swiss\/shop\/graines-de-moringa\/"},"modified":"2022-11-30T21:35:46","modified_gmt":"2022-11-30T20:35:46","slug":"graines-de-moringa","status":"publish","type":"product","link":"https:\/\/algo.swiss\/fr\/boutique\/graines-de-moringa\/","title":{"rendered":"Graines de Moringa"},"content":{"rendered":"","protected":false},"excerpt":{"rendered":"<p><a href=\"https:\/\/www.facebook.com\/1023412924369951\/videos\/239185696993996\/?extid=NS-UNK-UNK-UNK-AN_GK0T-GK1C\" target=\"_blank\" rel=\"noopener\">Vers la vid\u00e9o de GALILEO concernant les graines de Moringa<\/a><\/p>\n<p><strong>Effet et dosage:<\/strong><\/p>\n<ul>\n<li>BIO certifi\u00e9 FSSC 22000<\/li>\n<li>V\u00e9g\u00e9talien<\/li>\n<li>Certifi\u00e9 casher<\/li>\n<\/ul>\n<p>Les graines du raifort (Moringa oleifera) proviennent d\u2019Afrique du Sud. Les graines de Moringa conviennent \u00e0 la culture de votre propre arbre Moringa. Les graines peuvent \u00e9galement \u00eatre consomm\u00e9es crues, grill\u00e9es, cuites ou comme semis. M\u00eame au sol, ils enrichissent de nombreuses pr\u00e9parations. Le go\u00fbt des graines est intens\u00e9ment doux-amer. Les graines de Moringa sont la seule merveille naturelle qui rend l\u2019eau sale potable. Des laboratoires ind\u00e9pendants et 700 \u00e9tudes ont montr\u00e9 qu\u2019ils peuvent filtrer un demi-litre d\u2019eau la plus sale avec une \u00e0 deux graines de Moringa moulues et la rendre potable apr\u00e8s seulement une heure. Vous pouvez \u00e9galement manger ces graines pel\u00e9es et r\u00e9g\u00e9n\u00e9rer et gu\u00e9rir tout votre corps.<\/p>\n<p><strong>Les effets sur la sant\u00e9 des graines de Moringa:<\/strong><br \/>\nLa teneur \u00e9lev\u00e9e en fibres des graines de Moringa vous fait sentir rassasi\u00e9, occup\u00e9 et nettoie le syst\u00e8me digestif. De m\u00eame, les graines s\u00e9ch\u00e9es aident \u00e9galement \u00e0 influencer positivement le m\u00e9tabolisme: Les ingr\u00e9dients bioactifs aident, par exemple,<\/p>\n<ul>\n<li>abaisser la glyc\u00e9mie et les taux de lipides sanguins et m\u00eame soutenir le traitement en cas de diab\u00e8te,<\/li>\n<li>compenser les carences en min\u00e9raux et oligo-\u00e9l\u00e9ments, tels que le zinc, le fer ou le calcium,<\/li>\n<li>Maladies inflammatoires d\u00e9g\u00e9n\u00e9ratives et douloureuses du syst\u00e8me musculo-squelettique et il existe des preuves que<\/li>\n<li>Les ingr\u00e9dients provoquent la mort cellulaire des cellules tumorales.<\/li>\n<\/ul>\n<p>Les vitamines, les min\u00e9raux et pr\u00e8s de 30 antioxydants diff\u00e9rents font des graines une v\u00e9ritable bombe anti-\u00e2ge. Les propri\u00e9t\u00e9s anti-inflammatoires, antioxydantes et antiseptiques de la graine de Moringa aident \u00e9galement \u00e0 lutter contre les maladies de la peau telles que l\u2019ecz\u00e9ma, la n\u00e9vrodermite, le psoriasis: la peau peut stocker plus d\u2019humidit\u00e9 et r\u00e9cup\u00e9rer.<\/p>\n<p><strong>Comment les graines de Moringa sont-elles prises?<\/strong><br \/>\nLes graines de Moringa, lorsqu\u2019elles sont fra\u00eeches, doivent \u00eatre consid\u00e9r\u00e9es comme un type de l\u00e9gume de haricot ou de pois. Mais il existe d\u2019autres fa\u00e7ons de les utiliser. Ils ont un go\u00fbt compl\u00e8tement diff\u00e9rent des noix ou des graines.<\/p>\n<p>La forte proportion de fibres et de substances telles que les glycosides d\u2019huile de moutarde ainsi que d\u2019autres ingr\u00e9dients en font un aliment avec un fort effet \u00ab&nbsp;nettoyant&nbsp;\u00bb. En outre, il existe d\u2019autres ingr\u00e9dients, charg\u00e9s positivement, des prot\u00e9ines solubles dans l\u2019eau qui lient les polluants dans l\u2019eau. En outre, il existe des substances antibact\u00e9riennes. Tout cela fait des graines un puissant filtre pour l\u2019eau pollu\u00e9e. Les graines lient \u00e9galement toutes sortes de toxines, de micro-organismes et de \u00ab&nbsp;d\u00e9chets&nbsp;\u00bb dans le corps.<\/p>\n<p>Par cons\u00e9quent, quiconque en mange trop d\u00e8s le d\u00e9but subit un nettoyage int\u00e9rieur brutal.<\/p>\n<p>Une accoutumance lente au nouvel aliment est donc fortement recommand\u00e9e. Une fois que le syst\u00e8me digestif s\u2019y est habitu\u00e9, ils donnent une note \u00e9pic\u00e9e dans les soupes, les rago\u00fbts ou les sauces. S\u00e9ch\u00e9s et moulus, ils conviennent \u00e9galement \u00e0 la cuisson de g\u00e2teaux, de pains ou de biscuits. En raison du go\u00fbt intense de radis, des quantit\u00e9s relativement faibles sont toujours suffisantes.<\/p>\n<p>Certains t\u00e9moignages sugg\u00e8rent que m\u00eame deux ou trois graines de Moringa par jour sont capables de r\u00e9guler le m\u00e9tabolisme du sucre, m\u00eame dans le diab\u00e8te. Les exp\u00e9riences sans consulter un m\u00e9decin ne sont pas conseill\u00e9es, mais une tentative prudente avec une dose tr\u00e8s faible ne devrait pas \u00eatre nocive.<\/p>\n<p><strong>Dosage des graines de Moringa:<\/strong><br \/>\nSi vous voulez utiliser des graines de Moringa, vous devriez, comme d\u00e9j\u00e0 d\u00e9crit, commencer avec un dosage extr\u00eamement faible: \u00c0 l\u2019\u00e9tat fondamental, la quantit\u00e9 quotidienne recommand\u00e9e pour l\u2019entr\u00e9e serait d\u2019environ une cuiller\u00e9e \u00e0 caf\u00e9, ou deux \u00e0 trois graines pel\u00e9es enti\u00e8res.<\/p>\n<p><strong>Notre recommandation :<\/strong><br \/>\nLorsque vous avez pris les graines pel\u00e9es, \u00e9crasez les graines avec les dizaines avant de les avaler. \u00c0 la fin, s\u2019il vous pla\u00eet boire de l\u2019eau. La finale est douce et savoureuse.<\/p>\n","protected":false},"featured_media":953,"template":"","meta":[],"product_brand":[],"product_cat":[39],"product_tag":[],"class_list":{"0":"post-973","1":"product","2":"type-product","3":"status-publish","4":"has-post-thumbnail","6":"product_cat-unkategorisiert-fr","7":"product_shipping_class-courrier","9":"first","10":"instock","11":"taxable","12":"shipping-taxable","13":"purchasable","14":"product-type-variable"},"_links":{"self":[{"href":"https:\/\/algo.swiss\/fr\/wp-json\/wp\/v2\/product\/973","targetHints":{"allow":["GET"]}}],"collection":[{"href":"https:\/\/algo.swiss\/fr\/wp-json\/wp\/v2\/product"}],"about":[{"href":"https:\/\/algo.swiss\/fr\/wp-json\/wp\/v2\/types\/product"}],"wp:featuredmedia":[{"embeddable":true,"href":"https:\/\/algo.swiss\/fr\/wp-json\/wp\/v2\/media\/953"}],"wp:attachment":[{"href":"https:\/\/algo.swiss\/fr\/wp-json\/wp\/v2\/media?parent=973"}],"wp:term":[{"taxonomy":"product_brand","embeddable":true,"href":"https:\/\/algo.swiss\/fr\/wp-json\/wp\/v2\/product_brand?post=973"},{"taxonomy":"product_cat","embeddable":true,"href":"https:\/\/algo.swiss\/fr\/wp-json\/wp\/v2\/product_cat?post=973"},{"taxonomy":"product_tag","embeddable":true,"href":"https:\/\/algo.swiss\/fr\/wp-json\/wp\/v2\/product_tag?post=973"}],"curies":[{"name":"wp","href":"https:\/\/api.w.org\/{rel}","templated":true}]}}