{"id":501,"date":"2022-09-02T15:47:26","date_gmt":"2022-09-02T13:47:26","guid":{"rendered":"https:\/\/algobeauty.buffetitservices.ch\/carriera\/"},"modified":"2022-09-09T11:15:42","modified_gmt":"2022-09-09T09:15:42","slug":"carriera","status":"publish","type":"page","link":"https:\/\/algo.swiss\/it\/carriera\/","title":{"rendered":"Carriera"},"content":{"rendered":"\t\t<div data-elementor-type=\"wp-page\" data-elementor-id=\"501\" class=\"elementor elementor-501 elementor-343\" data-elementor-post-type=\"page\">\n\t\t\t\t\t\t<section class=\"elementor-section elementor-top-section elementor-element elementor-element-a05cc88 elementor-section-boxed elementor-section-height-default elementor-section-height-default\" data-id=\"a05cc88\" data-element_type=\"section\" data-e-type=\"section\">\n\t\t\t\t\t\t<div class=\"elementor-container elementor-column-gap-default\">\n\t\t\t\t\t<div class=\"elementor-column elementor-col-100 elementor-top-column elementor-element elementor-element-f5297ba\" data-id=\"f5297ba\" data-element_type=\"column\" data-e-type=\"column\">\n\t\t\t<div class=\"elementor-widget-wrap elementor-element-populated\">\n\t\t\t\t\t\t<div class=\"elementor-element elementor-element-dc5cc68 elementor-widget elementor-widget-text-editor\" data-id=\"dc5cc68\" data-element_type=\"widget\" data-e-type=\"widget\" data-widget_type=\"text-editor.default\">\n\t\t\t\t<div class=\"elementor-widget-container\">\n\t\t\t\t\t\t\t\t\t<p>Cerchiamo agenti di vendita che vogliano apprendere il concetto di ALGO Figura Bella come lavoro part-time o come lavoro principale e che vogliano pianificare con noi una carriera a lungo termine. Se sei positivo, comunicativo e presente, allora sei il benvenuto con noi. <\/p>\t\t\t\t\t\t\t\t<\/div>\n\t\t\t\t<\/div>\n\t\t\t\t<div class=\"elementor-element elementor-element-4136e1d elementor-widget elementor-widget-image-carousel\" data-id=\"4136e1d\" data-element_type=\"widget\" data-e-type=\"widget\" data-settings=\"{&quot;slides_to_show&quot;:&quot;1&quot;,&quot;navigation&quot;:&quot;none&quot;,&quot;pause_on_hover&quot;:&quot;no&quot;,&quot;pause_on_interaction&quot;:&quot;no&quot;,&quot;autoplay_speed&quot;:2500,&quot;speed&quot;:1000,&quot;autoplay&quot;:&quot;yes&quot;,&quot;infinite&quot;:&quot;yes&quot;,&quot;effect&quot;:&quot;slide&quot;}\" data-widget_type=\"image-carousel.default\">\n\t\t\t\t<div class=\"elementor-widget-container\">\n\t\t\t\t\t\t\t<div class=\"elementor-image-carousel-wrapper swiper\" role=\"region\" aria-roledescription=\"carousel\" aria-label=\"Carosello d&#039;immagini\" dir=\"ltr\">\n\t\t\t<div class=\"elementor-image-carousel swiper-wrapper\" aria-live=\"off\">\n\t\t\t\t\t\t\t\t<div class=\"swiper-slide\" role=\"group\" aria-roledescription=\"slide\" aria-label=\"1 di 2\"><figure class=\"swiper-slide-inner\"><img decoding=\"async\" class=\"swiper-slide-image\" src=\"https:\/\/algo.swiss\/wp-content\/uploads\/2022\/09\/Team_2022.png\" alt=\"Team_2022\" \/><\/figure><\/div><div class=\"swiper-slide\" role=\"group\" aria-roledescription=\"slide\" aria-label=\"2 di 2\"><figure class=\"swiper-slide-inner\"><img decoding=\"async\" class=\"swiper-slide-image\" src=\"https:\/\/algo.swiss\/wp-content\/uploads\/2022\/09\/Studio.png\" alt=\"Studio\" \/><\/figure><\/div>\t\t\t<\/div>\n\t\t\t\t\t\t\t\n\t\t\t\t\t\t\t\t\t<\/div>\n\t\t\t\t\t\t<\/div>\n\t\t\t\t<\/div>\n\t\t\t\t\t<\/div>\n\t\t<\/div>\n\t\t\t\t\t<\/div>\n\t\t<\/section>\n\t\t\t\t<section class=\"elementor-section elementor-top-section elementor-element elementor-element-b7141de elementor-section-boxed elementor-section-height-default elementor-section-height-default\" data-id=\"b7141de\" data-element_type=\"section\" data-e-type=\"section\">\n\t\t\t\t\t\t<div class=\"elementor-container elementor-column-gap-default\">\n\t\t\t\t\t<div class=\"elementor-column elementor-col-50 elementor-top-column elementor-element elementor-element-8d0249c\" data-id=\"8d0249c\" data-element_type=\"column\" data-e-type=\"column\">\n\t\t\t<div class=\"elementor-widget-wrap elementor-element-populated\">\n\t\t\t\t\t\t<div class=\"elementor-element elementor-element-d290a33 elementor-widget elementor-widget-text-editor\" data-id=\"d290a33\" data-element_type=\"widget\" data-e-type=\"widget\" data-widget_type=\"text-editor.default\">\n\t\t\t\t<div class=\"elementor-widget-container\">\n\t\t\t\t\t\t\t\t\t<p><strong>Formazione presso ALGO Beauty Academy<\/strong><\/p><p>Formazione come terapista del corpo, consulente in 3 giorni<br>Contenuto del programma di formazione:<br>\u2013 8 diversi trattamenti per il corpo (teoria e pratica)<br>\u2013 Marketing e vendite<br>\u2013 Fondazione e gestione del proprio salone di bellezza<br>\u2013 Trattamenti domiciliari \u2013 \u00abMobile Beauty\u00bb<br>\u2013 Supporto durante e dopo la formazione<\/p><p>gruppo target<br>Adulti di et\u00e0 superiore ai 18 anni \u2013 Info prezzo: CHF 790.-<\/p><p>Date: lun-sab (chiuso la domenica)<\/p>\t\t\t\t\t\t\t\t<\/div>\n\t\t\t\t<\/div>\n\t\t\t\t<div class=\"elementor-element elementor-element-3dc971f elementor-widget elementor-widget-image\" data-id=\"3dc971f\" data-element_type=\"widget\" data-e-type=\"widget\" data-widget_type=\"image.default\">\n\t\t\t\t<div class=\"elementor-widget-container\">\n\t\t\t\t\t\t\t\t\t\t\t\t\t\t\t<img fetchpriority=\"high\" decoding=\"async\" width=\"600\" height=\"600\" src=\"https:\/\/algo.swiss\/wp-content\/uploads\/2022\/09\/Studio_klein_V2.png\" class=\"attachment-full size-full wp-image-374\" alt=\"\" srcset=\"https:\/\/algo.swiss\/wp-content\/uploads\/2022\/09\/Studio_klein_V2.png 600w, https:\/\/algo.swiss\/wp-content\/uploads\/2022\/09\/Studio_klein_V2-300x300.png 300w, https:\/\/algo.swiss\/wp-content\/uploads\/2022\/09\/Studio_klein_V2-100x100.png 100w, https:\/\/algo.swiss\/wp-content\/uploads\/2022\/09\/Studio_klein_V2-150x150.png 150w\" sizes=\"(max-width: 600px) 100vw, 600px\" \/>\t\t\t\t\t\t\t\t\t\t\t\t\t\t\t<\/div>\n\t\t\t\t<\/div>\n\t\t\t\t\t<\/div>\n\t\t<\/div>\n\t\t\t\t<div class=\"elementor-column elementor-col-50 elementor-top-column elementor-element elementor-element-276a150\" data-id=\"276a150\" data-element_type=\"column\" data-e-type=\"column\">\n\t\t\t<div class=\"elementor-widget-wrap elementor-element-populated\">\n\t\t\t\t\t\t<div class=\"elementor-element elementor-element-130f2eb elementor-widget elementor-widget-text-editor\" data-id=\"130f2eb\" data-element_type=\"widget\" data-e-type=\"widget\" data-widget_type=\"text-editor.default\">\n\t\t\t\t<div class=\"elementor-widget-container\">\n\t\t\t\t\t\t\t\t\t<p><strong>Indipendenza<\/strong><\/p><p>GESTISCI IL TUO CENTRO DI BELLEZZA E SALUTE!<\/p><p>ALGO Beauty \u00e8 un&#8217;azienda di successo nel settore della bellezza e della salute e ti offre l&#8217;opportunit\u00e0 esclusiva di acquistare uno dei nostri centri.<br>Inizi con un&#8217;attivit\u00e0 chiavi in mano e arredata in modo professionale e sei in nero dal primo giorno di lavoro!<br>Con la nostra esperienza e supporto ti porteremo al successo!<\/p><p><strong>La nostra gamma<\/strong><\/p><ul><li>Centro estetico chiavi in mano nella tua regione<\/li><li>Metodi di trattamento innovativi per corpo e viso.<\/li><li>Vari dispositivi all&#8217;avanguardia per Body &amp; Face.<\/li><li>Gamma di prodotti di alta qualit\u00e0<\/li><li>Offerta di marketing mirata<\/li><li>Supporto e formazione durante i primi 6 mesi<\/li><li>Assistenza illimitata da parte del nostro personale specializzato<\/li><\/ul><p>Prezzo da CHF 30.000.-<\/p>\t\t\t\t\t\t\t\t<\/div>\n\t\t\t\t<\/div>\n\t\t\t\t\t<\/div>\n\t\t<\/div>\n\t\t\t\t\t<\/div>\n\t\t<\/section>\n\t\t\t\t<\/div>\n\t\t","protected":false},"excerpt":{"rendered":"<p>Cerchiamo agenti di vendita che vogliano apprendere il concetto di ALGO Figura Bella come lavoro part-time o come lavoro principale e che vogliano pianificare con noi una carriera a lungo termine. Se sei positivo, comunicativo e presente, allora sei il benvenuto con noi. Formazione presso ALGO Beauty Academy Formazione come terapista del corpo, consulente in [&hellip;]<\/p>\n","protected":false},"author":1,"featured_media":0,"parent":0,"menu_order":0,"comment_status":"closed","ping_status":"closed","template":"","meta":{"footnotes":""},"class_list":["post-501","page","type-page","status-publish","hentry"],"_links":{"self":[{"href":"https:\/\/algo.swiss\/it\/wp-json\/wp\/v2\/pages\/501","targetHints":{"allow":["GET"]}}],"collection":[{"href":"https:\/\/algo.swiss\/it\/wp-json\/wp\/v2\/pages"}],"about":[{"href":"https:\/\/algo.swiss\/it\/wp-json\/wp\/v2\/types\/page"}],"author":[{"embeddable":true,"href":"https:\/\/algo.swiss\/it\/wp-json\/wp\/v2\/users\/1"}],"replies":[{"embeddable":true,"href":"https:\/\/algo.swiss\/it\/wp-json\/wp\/v2\/comments?post=501"}],"version-history":[{"count":1,"href":"https:\/\/algo.swiss\/it\/wp-json\/wp\/v2\/pages\/501\/revisions"}],"predecessor-version":[{"id":502,"href":"https:\/\/algo.swiss\/it\/wp-json\/wp\/v2\/pages\/501\/revisions\/502"}],"wp:attachment":[{"href":"https:\/\/algo.swiss\/it\/wp-json\/wp\/v2\/media?parent=501"}],"curies":[{"name":"wp","href":"https:\/\/api.w.org\/{rel}","templated":true}]}}