{"id":519,"date":"2022-09-01T00:38:15","date_gmt":"2022-08-31T22:38:15","guid":{"rendered":"https:\/\/algobeauty.buffetitservices.ch\/concetto-algo-figura-bella\/"},"modified":"2025-09-07T18:53:40","modified_gmt":"2025-09-07T16:53:40","slug":"concetto-algo-figura-bella","status":"publish","type":"page","link":"https:\/\/algo.swiss\/it\/","title":{"rendered":"concetto ALGO Figura Bella"},"content":{"rendered":"\t\t<div data-elementor-type=\"wp-page\" data-elementor-id=\"519\" class=\"elementor elementor-519 elementor-68\" data-elementor-post-type=\"page\">\n\t\t\t\t\t\t<section class=\"elementor-section elementor-top-section elementor-element elementor-element-48ef5c5 elementor-section-full_width elementor-section-height-default elementor-section-height-default\" data-id=\"48ef5c5\" data-element_type=\"section\" data-e-type=\"section\">\n\t\t\t\t\t\t<div class=\"elementor-container elementor-column-gap-default\">\n\t\t\t\t\t<div class=\"elementor-column elementor-col-33 elementor-top-column elementor-element elementor-element-9b07b5f\" data-id=\"9b07b5f\" data-element_type=\"column\" data-e-type=\"column\">\n\t\t\t<div class=\"elementor-widget-wrap elementor-element-populated\">\n\t\t\t\t\t\t<div class=\"elementor-element elementor-element-eed317b elementor-widget elementor-widget-price-table\" data-id=\"eed317b\" data-element_type=\"widget\" data-e-type=\"widget\" data-widget_type=\"price-table.default\">\n\t\t\t\t<div class=\"elementor-widget-container\">\n\t\t\t\t\t\n\t\t<div class=\"elementor-price-table\">\n\t\t\t\t\t\t\t<div class=\"elementor-price-table__header\">\n\t\t\t\t\t\t\t\t\t\t\t<h3 class=\"elementor-price-table__heading\">\n\t\t\t\t\t\ttuta termale ALGO\t\t\t\t\t\t<\/h3>\n\t\t\t\t\t\n\t\t\t\t\t\t\t\t\t\t\t<span class=\"elementor-price-table__subheading\">\n\t\t\t\t\t\t\tora con sconto introduttivo\t\t\t\t\t\t<\/span>\n\t\t\t\t\t\t\t\t\t<\/div>\n\t\t\t\n\t\t\t<div class=\"elementor-price-table__price\">\n\t\t\t\t\t\t\t\t\t\t\t\t\n\t\t\t\t\n\t\t\t\t\n\t\t\t\t\t\t\t<\/div>\n\n\t\t\t\t\t\t\t<ul class=\"elementor-price-table__features-list\">\n\t\t\t\t\t\t\t\t\t\t\t<li class=\"elementor-repeater-item-13875bf\">\n\t\t\t\t\t\t\t<div class=\"elementor-price-table__feature-inner\">\n\t\t\t\t\t\t\t\t<i aria-hidden=\"true\" class=\"far fa-check-circle\"><\/i>\t\t\t\t\t\t\t\t\t\t\t\t\t\t\t\t\t<span >\n\t\t\t\t\t\t\t\t\t\t1x Crema DETOX\t\t\t\t\t\t\t\t\t<\/span>\n\t\t\t\t\t\t\t\t\t\t\t\t\t\t\t\t<\/div>\n\t\t\t\t\t\t<\/li>\n\t\t\t\t\t\t\t\t\t\t\t<li class=\"elementor-repeater-item-b635a49\">\n\t\t\t\t\t\t\t<div class=\"elementor-price-table__feature-inner\">\n\t\t\t\t\t\t\t\t<i aria-hidden=\"true\" class=\"far fa-check-circle\"><\/i>\t\t\t\t\t\t\t\t\t\t\t\t\t\t\t\t\t<span >\n\t\t\t\t\t\t\t\t\t\t1x Crema FRESH\t\t\t\t\t\t\t\t\t<\/span>\n\t\t\t\t\t\t\t\t\t\t\t\t\t\t\t\t<\/div>\n\t\t\t\t\t\t<\/li>\n\t\t\t\t\t\t\t\t\t\t\t<li class=\"elementor-repeater-item-e54d208\">\n\t\t\t\t\t\t\t<div class=\"elementor-price-table__feature-inner\">\n\t\t\t\t\t\t\t\t<i aria-hidden=\"true\" class=\"far fa-check-circle\"><\/i>\t\t\t\t\t\t\t\t\t\t\t\t\t\t\t\t\t<span >\n\t\t\t\t\t\t\t\t\t\t1x tuta igienica lavabile\t\t\t\t\t\t\t\t\t<\/span>\n\t\t\t\t\t\t\t\t\t\t\t\t\t\t\t\t<\/div>\n\t\t\t\t\t\t<\/li>\n\t\t\t\t\t\t\t\t\t\t\t<li class=\"elementor-repeater-item-7751573\">\n\t\t\t\t\t\t\t<div class=\"elementor-price-table__feature-inner\">\n\t\t\t\t\t\t\t\t<i aria-hidden=\"true\" class=\"far fa-check-circle\"><\/i>\t\t\t\t\t\t\t\t\t\t\t\t\t\t\t\t\t<span >\n\t\t\t\t\t\t\t\t\t\t1x tuta termale ALGO dorata\t\t\t\t\t\t\t\t\t<\/span>\n\t\t\t\t\t\t\t\t\t\t\t\t\t\t\t\t<\/div>\n\t\t\t\t\t\t<\/li>\n\t\t\t\t\t\t\t\t\t\t\t<li class=\"elementor-repeater-item-800f117\">\n\t\t\t\t\t\t\t<div class=\"elementor-price-table__feature-inner\">\n\t\t\t\t\t\t\t\t<i aria-hidden=\"true\" class=\"far fa-check-circle\"><\/i>\t\t\t\t\t\t\t\t\t\t\t\t\t\t\t\t\t<span >\n\t\t\t\t\t\t\t\t\t\tIncl. Spese di spedizione in Svizzera \t\t\t\t\t\t\t\t\t<\/span>\n\t\t\t\t\t\t\t\t\t\t\t\t\t\t\t\t<\/div>\n\t\t\t\t\t\t<\/li>\n\t\t\t\t\t\t\t\t\t\t\t<li class=\"elementor-repeater-item-de035fd\">\n\t\t\t\t\t\t\t<div class=\"elementor-price-table__feature-inner\">\n\t\t\t\t\t\t\t\t<i aria-hidden=\"true\" class=\"far fa-check-circle\"><\/i>\t\t\t\t\t\t\t\t\t\t\t\t\t\t\t\t\t<span >\n\t\t\t\t\t\t\t\t\t\tIncl. IVA. \t\t\t\t\t\t\t\t\t<\/span>\n\t\t\t\t\t\t\t\t\t\t\t\t\t\t\t\t<\/div>\n\t\t\t\t\t\t<\/li>\n\t\t\t\t\t\t\t\t\t<\/ul>\n\t\t\t\n\t\t\t\t\t\t\t<div class=\"elementor-price-table__footer\">\n\t\t\t\t\t\t\t\t\t\t\t<a class=\"elementor-price-table__button elementor-button elementor-size-md\" href=\"https:\/\/algo.swiss\/it\/prodotto\/algo-spa-energie-live\/\">\n\t\t\t\t\t\t\tal negozio\t\t\t\t\t\t<\/a>\n\t\t\t\t\t\n\t\t\t\t\t\t\t\t\t\t\t<div class=\"elementor-price-table__additional_info\">\n\t\t\t\t\t\t\tRichiedi uno sconto sulla quantit\u00e0 e un trattamento campione nel nostro studio.\t\t\t\t\t\t<\/div>\n\t\t\t\t\t\t\t\t\t<\/div>\n\t\t\t\t\t<\/div>\n\n\t\t\t\t\t\t<\/div>\n\t\t\t\t<\/div>\n\t\t\t\t\t<\/div>\n\t\t<\/div>\n\t\t\t\t<div class=\"elementor-column elementor-col-33 elementor-top-column elementor-element elementor-element-44699c2\" data-id=\"44699c2\" data-element_type=\"column\" data-e-type=\"column\">\n\t\t\t<div class=\"elementor-widget-wrap elementor-element-populated\">\n\t\t\t\t\t\t<div class=\"elementor-element elementor-element-b9b339c elementor-widget elementor-widget-heading\" data-id=\"b9b339c\" data-element_type=\"widget\" data-e-type=\"widget\" data-widget_type=\"heading.default\">\n\t\t\t\t<div class=\"elementor-widget-container\">\n\t\t\t\t\t<h2 class=\"elementor-heading-title elementor-size-default\">Informazioni sul concetto ALGO Figura Bella<\/h2>\t\t\t\t<\/div>\n\t\t\t\t<\/div>\n\t\t\t\t<div class=\"elementor-element elementor-element-fcfa63a elementor-widget elementor-widget-text-editor\" data-id=\"fcfa63a\" data-element_type=\"widget\" data-e-type=\"widget\" data-widget_type=\"text-editor.default\">\n\t\t\t\t<div class=\"elementor-widget-container\">\n\t\t\t\t\t\t\t\t\t<p style=\"text-align: center;\"><strong>Diritto di propriet\u00e0 industriale n. 147203<\/strong><\/p>\t\t\t\t\t\t\t\t<\/div>\n\t\t\t\t<\/div>\n\t\t\t\t<div class=\"elementor-element elementor-element-f519f9e elementor-widget elementor-widget-text-editor\" data-id=\"f519f9e\" data-element_type=\"widget\" data-e-type=\"widget\" data-widget_type=\"text-editor.default\">\n\t\t\t\t<div class=\"elementor-widget-container\">\n\t\t\t\t\t\t\t\t\t<p><br>Il concetto ALGO Figura Bella \u00e8 progettato per combattere efficacemente i moderni problemi di salute come <strong>la cellulite, l&#8217;edema, l&#8217;accumulo di grasso <\/strong>e <strong>le imperfezioni<\/strong> . ALGO Spa \u00e8 quindi un sistema high-tech moderno ideale ed efficace, spesso utilizzato privatamente in saloni di bellezza, centri fitness o centri per scopi terapeutici. Ora puoi utilizzare ALGO Spa con i prodotti comodamente a casa tua, in viaggio o per altre esigenze senza alcuna competenza. L&#8217;applicazione per il tuo corpo \u00e8 pronta per l&#8217;uso in 1 o 2 minuti. Da seduti, sdraiati o in piedi, ALGO Spa funziona immediatamente, rapidamente e in sicurezza. Il processo brevettato si basa su un sistema a infrarossi ed \u00e8 esentato dalla nuova legge NISSG dal giugno 2024. Questo rende l&#8217;utilizzo di ALGO Spa in qualsiasi palestra, clinica, hotel, centro benessere o studio semplice, pratico e accogliente.<br>L&#8217;ALGO Spa viene anche sempre pi\u00f9 utilizzato come fonte di calore che puoi semplicemente posizionare sopra i tuoi vestiti e riscaldarti a diverse temperature e intervalli di tempo. Questo tipo di applicazione \u00e8 efficace per tensioni muscolari, mal di schiena, dolori articolari e disturbi circolatori. Il consumo massimo di energia \u00e8 di 320 watt. Il consumo di energia \u00e8 paragonabile a quello di una lampadina da 320 watt, che richiede 0,320 kilowatt (kW) all&#8217;ora. Ad esempio, se la lampadina \u00e8 accesa per quattro ore al giorno, il consumo energetico annuo di una lampadina \u00e8 di 1.280 ore. I costi dell&#8217;elettricit\u00e0 per la lampadina da 320 watt sono quindi di circa 140,15 \u20ac all&#8217;anno. (I prezzi dell&#8217;elettricit\u00e0 variano in base al paese.) Si consiglia di utilizzare ALGO Spa due o tre volte a settimana per 45 minuti ciascuna per ottenere risultati rapidi.           <\/p>\t\t\t\t\t\t\t\t<\/div>\n\t\t\t\t<\/div>\n\t\t\t\t<div class=\"elementor-element elementor-element-1a63e31 elementor-widget elementor-widget-html\" data-id=\"1a63e31\" data-element_type=\"widget\" data-e-type=\"widget\" data-widget_type=\"html.default\">\n\t\t\t\t<div class=\"elementor-widget-container\">\n\t\t\t\t\t<script> \r\njQuery(document).ready(function($) { \r\nvar delay = 100; setTimeout(function() { \r\n$('.elementor-tab-title').removeClass('elementor-active');\r\n $('.elementor-tab-content').css('display', 'none'); }, delay); \r\n}); \r\n<\/script>\t\t\t\t<\/div>\n\t\t\t\t<\/div>\n\t\t\t\t<div class=\"elementor-element elementor-element-a57270f elementor-widget elementor-widget-accordion\" data-id=\"a57270f\" data-element_type=\"widget\" data-e-type=\"widget\" data-widget_type=\"accordion.default\">\n\t\t\t\t<div class=\"elementor-widget-container\">\n\t\t\t\t\t\t\t<div class=\"elementor-accordion\">\n\t\t\t\t\t\t\t<div class=\"elementor-accordion-item\">\n\t\t\t\t\t<div id=\"elementor-tab-title-1731\" class=\"elementor-tab-title\" data-tab=\"1\" role=\"button\" aria-controls=\"elementor-tab-content-1731\" aria-expanded=\"false\">\n\t\t\t\t\t\t\t\t\t\t\t\t\t<span class=\"elementor-accordion-icon elementor-accordion-icon-left\" aria-hidden=\"true\">\n\t\t\t\t\t\t\t\t\t\t\t\t\t\t\t<span class=\"elementor-accordion-icon-closed\"><i class=\"fas fa-chevron-down\"><\/i><\/span>\n\t\t\t\t\t\t\t\t<span class=\"elementor-accordion-icon-opened\"><i class=\"fas fa-chevron-up\"><\/i><\/span>\n\t\t\t\t\t\t\t\t\t\t\t\t\t\t<\/span>\n\t\t\t\t\t\t\t\t\t\t\t\t<a class=\"elementor-accordion-title\" tabindex=\"0\">Passo 1: Applicazione DETOX<\/a>\n\t\t\t\t\t<\/div>\n\t\t\t\t\t<div id=\"elementor-tab-content-1731\" class=\"elementor-tab-content elementor-clearfix\" data-tab=\"1\" role=\"region\" aria-labelledby=\"elementor-tab-title-1731\"><p><strong>Disintossicazione del corpo con DETOX dai sali delle Alpi svizzere<\/strong><\/p>\n<p>Crema efficace contro cellulite, accumuli adiposi, edemi e inestetismi. La formula contiene una miscela di principi attivi che affronta i disturbi su pi\u00f9 fronti. estratto di spirulina,<\/p>\n<p>La carnitina e la caffeina stimolano la lipolisi. La Spirulina Rinforza e ristruttura, mentre la carnitina esercita un&#8217;attivit\u00e0 protettiva vascolare. I sali alpini svizzeri accelerano il metabolismo della pelle, che \u00e8 adatta per l\u2019uso quotidiano con una disintossicazione pi\u00f9 intensa e delicata.  <\/p>\n<p><strong>Applicazione<\/strong>: crema con DETOX No.1 e vai al STEP 2<\/p>\n<p>200 ml sono sufficienti per 15-20 trattamenti corpo <strong>Prezzo CHF 95.00<\/strong><\/p>\n<\/div>\n\t\t\t\t<\/div>\n\t\t\t\t\t\t\t<div class=\"elementor-accordion-item\">\n\t\t\t\t\t<div id=\"elementor-tab-title-1732\" class=\"elementor-tab-title\" data-tab=\"2\" role=\"button\" aria-controls=\"elementor-tab-content-1732\" aria-expanded=\"false\">\n\t\t\t\t\t\t\t\t\t\t\t\t\t<span class=\"elementor-accordion-icon elementor-accordion-icon-left\" aria-hidden=\"true\">\n\t\t\t\t\t\t\t\t\t\t\t\t\t\t\t<span class=\"elementor-accordion-icon-closed\"><i class=\"fas fa-chevron-down\"><\/i><\/span>\n\t\t\t\t\t\t\t\t<span class=\"elementor-accordion-icon-opened\"><i class=\"fas fa-chevron-up\"><\/i><\/span>\n\t\t\t\t\t\t\t\t\t\t\t\t\t\t<\/span>\n\t\t\t\t\t\t\t\t\t\t\t\t<a class=\"elementor-accordion-title\" tabindex=\"0\">Passo 2: Applicazione ALGO SPA<\/a>\n\t\t\t\t\t<\/div>\n\t\t\t\t\t<div id=\"elementor-tab-content-1732\" class=\"elementor-tab-content elementor-clearfix\" data-tab=\"2\" role=\"region\" aria-labelledby=\"elementor-tab-title-1732\"><p><strong>ALGO SPA \u2013 ENERGIA Live <\/strong><\/p>\n<p>Indossa la tuta igienica in PVC nero in due pezzi e poi la tuta spa ALGO dorata (questo processo richiede 1-2 minuti). Accendere il tempo (30-60 min) per l&#8217;applicazione desiderata: <\/p>\n<ul>\n<li>Purificazione e disintossicazione<\/li>\n<li>drenaggio del corpo<\/li>\n<li>Accelerazione del metabolismo<\/li>\n<li>Riduzione della circonferenza e rassodamento della pelle<\/li>\n<li>Contro la tensione muscolare e dorsale<\/li>\n<li>Contro le denunce congiunte<\/li>\n<li>Rafforzamento del sistema immunitario<\/li>\n<li>Regolazione in caso di problemi circolatori<\/li>\n<li>Riduzione del peso e anticellulite<\/li>\n<\/ul>\n<p>Chi pu\u00f2 utilizzare ALGO Spa?<\/p>\n<ul>\n<li>Privati &#8211; ogni uomo, ogni donna fino a 135 kg e ogni bambino dai 10 anni<\/li>\n<li>saloni di bellezza<\/li>\n<li>Studi di massaggio<\/li>\n<li>Alberghi e SPA<\/li>\n<li>Palestre<\/li>\n<li>Fisioterapisti<\/li>\n<li>case di riposo<\/li>\n<li>ospedali<\/li>\n<li>riabilitazione<\/li>\n<li>Medici<\/li>\n<li>bagni termali<\/li>\n<li>Militare e esercito<\/li>\n<\/ul>\n<\/div>\n\t\t\t\t<\/div>\n\t\t\t\t\t\t\t<div class=\"elementor-accordion-item\">\n\t\t\t\t\t<div id=\"elementor-tab-title-1733\" class=\"elementor-tab-title\" data-tab=\"3\" role=\"button\" aria-controls=\"elementor-tab-content-1733\" aria-expanded=\"false\">\n\t\t\t\t\t\t\t\t\t\t\t\t\t<span class=\"elementor-accordion-icon elementor-accordion-icon-left\" aria-hidden=\"true\">\n\t\t\t\t\t\t\t\t\t\t\t\t\t\t\t<span class=\"elementor-accordion-icon-closed\"><i class=\"fas fa-chevron-down\"><\/i><\/span>\n\t\t\t\t\t\t\t\t<span class=\"elementor-accordion-icon-opened\"><i class=\"fas fa-chevron-up\"><\/i><\/span>\n\t\t\t\t\t\t\t\t\t\t\t\t\t\t<\/span>\n\t\t\t\t\t\t\t\t\t\t\t\t<a class=\"elementor-accordion-title\" tabindex=\"0\">Passo 3: Applicazione FRESCA<\/a>\n\t\t\t\t\t<\/div>\n\t\t\t\t\t<div id=\"elementor-tab-content-1733\" class=\"elementor-tab-content elementor-clearfix\" data-tab=\"3\" role=\"region\" aria-labelledby=\"elementor-tab-title-1733\"><p><strong>Benessere, freschezza e rassodamento con FRESCO da Sali alpini svizzeri<\/strong><\/p>\n<p>Dopo il PASSO 2 Fare la doccia e asciugare. Ora puoi applicare la crema FRESH No. 2 sulle zone problematiche o su tutto il corpo se desideri un effetto pi\u00f9 intenso. La crema gelatinosa FRESH n. 2 che, stimolando i recettori del freddo, seguita da un effetto astringente superficiale, provoca un aumento locale dell&#8217;attivit\u00e0 metabolica attraverso una reazione. Per questi motivi \u00e8 il prodotto ottimale contro cellulite, impurit\u00e0, atonia tissutale e pesantezza causata da edemi. Grazie agli effetti dei sali alpini svizzeri, voi e il vostro intero organismo diventerete pi\u00f9 efficienti e le riserve saranno nuovamente costituite.    <\/p>\n<p>200 ml sono sufficienti per 15-20 trattamenti corpo <strong>Prezzo CHF 95.00<\/strong><\/p>\n<\/div>\n\t\t\t\t<\/div>\n\t\t\t\t\t\t\t\t<\/div>\n\t\t\t\t\t\t<\/div>\n\t\t\t\t<\/div>\n\t\t\t\t\t<\/div>\n\t\t<\/div>\n\t\t\t\t<div class=\"elementor-column elementor-col-33 elementor-top-column elementor-element elementor-element-92937c1\" data-id=\"92937c1\" data-element_type=\"column\" data-e-type=\"column\">\n\t\t\t<div class=\"elementor-widget-wrap elementor-element-populated\">\n\t\t\t\t\t\t<div class=\"elementor-element elementor-element-c67fce7 elementor-widget elementor-widget-image-carousel\" data-id=\"c67fce7\" data-element_type=\"widget\" data-e-type=\"widget\" data-settings=\"{&quot;slides_to_show&quot;:&quot;1&quot;,&quot;navigation&quot;:&quot;none&quot;,&quot;lazyload&quot;:&quot;yes&quot;,&quot;pause_on_hover&quot;:&quot;no&quot;,&quot;pause_on_interaction&quot;:&quot;no&quot;,&quot;autoplay_speed&quot;:2500,&quot;speed&quot;:1000,&quot;autoplay&quot;:&quot;yes&quot;,&quot;infinite&quot;:&quot;yes&quot;,&quot;effect&quot;:&quot;slide&quot;}\" data-widget_type=\"image-carousel.default\">\n\t\t\t\t<div class=\"elementor-widget-container\">\n\t\t\t\t\t\t\t<div class=\"elementor-image-carousel-wrapper swiper\" role=\"region\" aria-roledescription=\"carousel\" aria-label=\"Bild Karussell\" dir=\"ltr\">\n\t\t\t<div class=\"elementor-image-carousel swiper-wrapper\" aria-live=\"off\">\n\t\t\t\t\t\t\t\t<div class=\"swiper-slide\" role=\"group\" aria-roledescription=\"slide\" aria-label=\"1 di 6\"><figure class=\"swiper-slide-inner\"><img class=\"swiper-slide-image swiper-lazy\" data-src=\"https:\/\/algo.swiss\/wp-content\/uploads\/2022\/09\/Dana_Sprung.png\" alt=\"Dana_Sprung\" \/><div class=\"swiper-lazy-preloader\"><\/div><\/figure><\/div><div class=\"swiper-slide\" role=\"group\" aria-roledescription=\"slide\" aria-label=\"2 di 6\"><figure class=\"swiper-slide-inner\"><img class=\"swiper-slide-image swiper-lazy\" data-src=\"https:\/\/algo.swiss\/wp-content\/uploads\/2022\/09\/FBK_Koffer.png\" alt=\"FBK_Koffer\" \/><div class=\"swiper-lazy-preloader\"><\/div><\/figure><\/div><div class=\"swiper-slide\" role=\"group\" aria-roledescription=\"slide\" aria-label=\"3 di 6\"><figure class=\"swiper-slide-inner\"><img class=\"swiper-slide-image swiper-lazy\" data-src=\"https:\/\/algo.swiss\/wp-content\/uploads\/2022\/09\/FBK_Vreni.png\" alt=\"FBK_Vreni\" \/><div class=\"swiper-lazy-preloader\"><\/div><\/figure><\/div><div class=\"swiper-slide\" role=\"group\" aria-roledescription=\"slide\" aria-label=\"4 di 6\"><figure class=\"swiper-slide-inner\"><img class=\"swiper-slide-image swiper-lazy\" data-src=\"https:\/\/algo.swiss\/wp-content\/uploads\/2022\/09\/Figura_Bella_Detox_Tube.png\" alt=\"Figura_Bella_Detox_Tube\" \/><div class=\"swiper-lazy-preloader\"><\/div><\/figure><\/div><div class=\"swiper-slide\" role=\"group\" aria-roledescription=\"slide\" aria-label=\"5 di 6\"><figure class=\"swiper-slide-inner\"><img class=\"swiper-slide-image swiper-lazy\" data-src=\"https:\/\/algo.swiss\/wp-content\/uploads\/2022\/09\/Dana_Lukas_Umfang.png\" alt=\"Dana_Lukas_Umfang\" \/><div class=\"swiper-lazy-preloader\"><\/div><\/figure><\/div><div class=\"swiper-slide\" role=\"group\" aria-roledescription=\"slide\" aria-label=\"6 di 6\"><figure class=\"swiper-slide-inner\"><img class=\"swiper-slide-image swiper-lazy\" data-src=\"https:\/\/algo.swiss\/wp-content\/uploads\/2022\/09\/Figura_Bella_Fresh_Tube.png\" alt=\"Figura_Bella_Fresh_Tube\" \/><div class=\"swiper-lazy-preloader\"><\/div><\/figure><\/div>\t\t\t<\/div>\n\t\t\t\t\t\t\t\n\t\t\t\t\t\t\t\t\t<\/div>\n\t\t\t\t\t\t<\/div>\n\t\t\t\t<\/div>\n\t\t\t\t\t<\/div>\n\t\t<\/div>\n\t\t\t\t\t<\/div>\n\t\t<\/section>\n\t\t\t\t<\/div>\n\t\t","protected":false},"excerpt":{"rendered":"<p>tuta termale ALGO ora con sconto introduttivo 1x Crema DETOX 1x Crema FRESH 1x tuta igienica lavabile 1x tuta termale ALGO dorata Incl. Spese di spedizione in Svizzera Incl. IVA. al negozio Richiedi uno sconto sulla quantit\u00e0 e un trattamento campione nel nostro studio. Informazioni sul concetto ALGO Figura Bella Diritto di propriet\u00e0 industriale n. [&hellip;]<\/p>\n","protected":false},"author":1,"featured_media":0,"parent":0,"menu_order":0,"comment_status":"closed","ping_status":"closed","template":"","meta":{"footnotes":""},"class_list":["post-519","page","type-page","status-publish","hentry"],"_links":{"self":[{"href":"https:\/\/algo.swiss\/it\/wp-json\/wp\/v2\/pages\/519","targetHints":{"allow":["GET"]}}],"collection":[{"href":"https:\/\/algo.swiss\/it\/wp-json\/wp\/v2\/pages"}],"about":[{"href":"https:\/\/algo.swiss\/it\/wp-json\/wp\/v2\/types\/page"}],"author":[{"embeddable":true,"href":"https:\/\/algo.swiss\/it\/wp-json\/wp\/v2\/users\/1"}],"replies":[{"embeddable":true,"href":"https:\/\/algo.swiss\/it\/wp-json\/wp\/v2\/comments?post=519"}],"version-history":[{"count":22,"href":"https:\/\/algo.swiss\/it\/wp-json\/wp\/v2\/pages\/519\/revisions"}],"predecessor-version":[{"id":1464,"href":"https:\/\/algo.swiss\/it\/wp-json\/wp\/v2\/pages\/519\/revisions\/1464"}],"wp:attachment":[{"href":"https:\/\/algo.swiss\/it\/wp-json\/wp\/v2\/media?parent=519"}],"curies":[{"name":"wp","href":"https:\/\/api.w.org\/{rel}","templated":true}]}}