{"id":532,"date":"2022-09-01T08:39:27","date_gmt":"2022-09-01T06:39:27","guid":{"rendered":"https:\/\/algobeauty.buffetitservices.ch\/viso\/"},"modified":"2022-09-09T13:20:29","modified_gmt":"2022-09-09T11:20:29","slug":"viso","status":"publish","type":"page","link":"https:\/\/algo.swiss\/it\/viso\/","title":{"rendered":"Viso"},"content":{"rendered":"\t\t<div data-elementor-type=\"wp-page\" data-elementor-id=\"532\" class=\"elementor elementor-532 elementor-80\" data-elementor-post-type=\"page\">\n\t\t\t\t\t\t<section class=\"elementor-section elementor-top-section elementor-element elementor-element-e66b6ce elementor-section-full_width elementor-section-height-default elementor-section-height-default\" data-id=\"e66b6ce\" data-element_type=\"section\" data-e-type=\"section\">\n\t\t\t\t\t\t<div class=\"elementor-container elementor-column-gap-default\">\n\t\t\t\t\t<div class=\"elementor-column elementor-col-50 elementor-top-column elementor-element elementor-element-6884daa\" data-id=\"6884daa\" data-element_type=\"column\" data-e-type=\"column\">\n\t\t\t<div class=\"elementor-widget-wrap elementor-element-populated\">\n\t\t\t\t\t\t<div class=\"elementor-element elementor-element-fedad6f elementor-widget elementor-widget-heading\" data-id=\"fedad6f\" data-element_type=\"widget\" data-e-type=\"widget\" data-widget_type=\"heading.default\">\n\t\t\t\t<div class=\"elementor-widget-container\">\n\t\t\t\t\t<h2 class=\"elementor-heading-title elementor-size-default\">Offriamo 3 diverse opzioni qui:<\/h2>\t\t\t\t<\/div>\n\t\t\t\t<\/div>\n\t\t\t\t<div class=\"elementor-element elementor-element-724fcae elementor-widget elementor-widget-accordion\" data-id=\"724fcae\" data-element_type=\"widget\" data-e-type=\"widget\" data-widget_type=\"accordion.default\">\n\t\t\t\t<div class=\"elementor-widget-container\">\n\t\t\t\t\t\t\t<div class=\"elementor-accordion\">\n\t\t\t\t\t\t\t<div class=\"elementor-accordion-item\">\n\t\t\t\t\t<div id=\"elementor-tab-title-1191\" class=\"elementor-tab-title\" data-tab=\"1\" role=\"button\" aria-controls=\"elementor-tab-content-1191\" aria-expanded=\"false\">\n\t\t\t\t\t\t\t\t\t\t\t\t\t<span class=\"elementor-accordion-icon elementor-accordion-icon-left\" aria-hidden=\"true\">\n\t\t\t\t\t\t\t\t\t\t\t\t\t\t\t<span class=\"elementor-accordion-icon-closed\"><i class=\"fas fa-chevron-down\"><\/i><\/span>\n\t\t\t\t\t\t\t\t<span class=\"elementor-accordion-icon-opened\"><i class=\"fas fa-chevron-up\"><\/i><\/span>\n\t\t\t\t\t\t\t\t\t\t\t\t\t\t<\/span>\n\t\t\t\t\t\t\t\t\t\t\t\t<a class=\"elementor-accordion-title\" tabindex=\"0\">Pulizia profonda per schiarire la pelle<\/a>\n\t\t\t\t\t<\/div>\n\t\t\t\t\t<div id=\"elementor-tab-content-1191\" class=\"elementor-tab-content elementor-clearfix\" data-tab=\"1\" role=\"region\" aria-labelledby=\"elementor-tab-title-1191\"><p>Combatte i pori dilatati, i punti neri, le imperfezioni e le strutture cutanee irregolari in modo efficace e rapido.<\/p><p><strong>Contiene:<\/strong><br>Impacco viso detergente, lenitivo (viso, collo, d\u00e9collet\u00e9), peeling, tonico, pulizia delle impurit\u00e0, massaggio, maschera in base al tipo di pelle, depilazione delle sopracciglia, colorazione (se lo si desidera) cura finale.<\/p><p><strong>Prezzo: da CHF 90.00<\/strong><\/p><\/div>\n\t\t\t\t<\/div>\n\t\t\t\t\t\t\t<div class=\"elementor-accordion-item\">\n\t\t\t\t\t<div id=\"elementor-tab-title-1192\" class=\"elementor-tab-title\" data-tab=\"2\" role=\"button\" aria-controls=\"elementor-tab-content-1192\" aria-expanded=\"false\">\n\t\t\t\t\t\t\t\t\t\t\t\t\t<span class=\"elementor-accordion-icon elementor-accordion-icon-left\" aria-hidden=\"true\">\n\t\t\t\t\t\t\t\t\t\t\t\t\t\t\t<span class=\"elementor-accordion-icon-closed\"><i class=\"fas fa-chevron-down\"><\/i><\/span>\n\t\t\t\t\t\t\t\t<span class=\"elementor-accordion-icon-opened\"><i class=\"fas fa-chevron-up\"><\/i><\/span>\n\t\t\t\t\t\t\t\t\t\t\t\t\t\t<\/span>\n\t\t\t\t\t\t\t\t\t\t\t\t<a class=\"elementor-accordion-title\" tabindex=\"0\">DMT (terapia con ago)<\/a>\n\t\t\t\t\t<\/div>\n\t\t\t\t\t<div id=\"elementor-tab-content-1192\" class=\"elementor-tab-content elementor-clearfix\" data-tab=\"2\" role=\"region\" aria-labelledby=\"elementor-tab-title-1192\"><ul><li>trattamento per l&#8217;acne<\/li><li>Ringiovanimento della pelle<\/li><li>Contro le macchie di pigmento<\/li><li>levigante delle rughe<\/li><\/ul><p>Tuttavia, pu\u00f2 essere ancora migliore, ancora pi\u00f9 efficace contro rughe, cicatrici, acne e macchie di pigmento!<br>Con la Derma-Mesoterapia (DMT), la pelle problematica viene trattata con un cosiddetto Derma Roller, dotato di aghi molto sottili e corti. Quando perforano lo strato superiore della pelle, l&#8217;epidermide, irritano alcuni recettori della nostra pelle, dopodich\u00e9 dovrebbero essere rilasciati pi\u00f9 collagene, elastina e acido ialuronico, sostanze endogene essenziali per l&#8217;elasticit\u00e0 e la forza del tessuto connettivo. Di conseguenza, la pelle dovrebbe apparire gi\u00e0 pi\u00f9 soda, pi\u00f9 giovane e pi\u00f9 fresca dopo il primo trattamento. Un altro effetto collaterale positivo del trattamento \u00e8 la maggiore capacit\u00e0 di assorbimento della pelle, ad esempio per i principi attivi ringiovanenti che possono penetrare pi\u00f9 in profondit\u00e0 nei tessuti. Durante la terapia DMT, le cellule della pelle, principalmente i fibroblasti, stimolano la divisione cellulare e hanno dimostrato di non lasciare cicatrici. I fibroblasti, che puoi anche chiamare gli architetti della pelle, sintetizzano nuove fibre di collagene fino a una profondit\u00e0 della pelle di circa 0,6 mm, che si integrano nella struttura cutanea esistente e la imbottiscono dall&#8217;interno. Vari dermatologi hanno dimostrato che, con la DMT, l&#8217;aumento medio del collagene \u00e8 del 206%. Anche se ci vogliono alcune settimane per costruire nuovi strati di collagene, dura anche molto pi\u00f9 a lungo. La Derma-Mesoterapia (DMT) ha un EFFETTO A LUNGO TERMINE.<br>Pertanto, il trattamento si conclude con la somministrazione di una fiala di ialurone per stimolare la circolazione. Ha lo scopo di aumentare in modo sostenibile la resilienza e l&#8217;elasticit\u00e0 della pelle del viso. L&#8217;incarnato pu\u00f2 anche apparire pi\u00f9 radioso con questo trattamento.<\/p><p><strong>Prezzo: da CHF 159.00<\/strong><\/p><\/div>\n\t\t\t\t<\/div>\n\t\t\t\t\t\t\t<div class=\"elementor-accordion-item\">\n\t\t\t\t\t<div id=\"elementor-tab-title-1193\" class=\"elementor-tab-title\" data-tab=\"3\" role=\"button\" aria-controls=\"elementor-tab-content-1193\" aria-expanded=\"false\">\n\t\t\t\t\t\t\t\t\t\t\t\t\t<span class=\"elementor-accordion-icon elementor-accordion-icon-left\" aria-hidden=\"true\">\n\t\t\t\t\t\t\t\t\t\t\t\t\t\t\t<span class=\"elementor-accordion-icon-closed\"><i class=\"fas fa-chevron-down\"><\/i><\/span>\n\t\t\t\t\t\t\t\t<span class=\"elementor-accordion-icon-opened\"><i class=\"fas fa-chevron-up\"><\/i><\/span>\n\t\t\t\t\t\t\t\t\t\t\t\t\t\t<\/span>\n\t\t\t\t\t\t\t\t\t\t\t\t<a class=\"elementor-accordion-title\" tabindex=\"0\">Serraggio senza intervento chirurgico con terapia a radiofrequenza<\/a>\n\t\t\t\t\t<\/div>\n\t\t\t\t\t<div id=\"elementor-tab-content-1193\" class=\"elementor-tab-content elementor-clearfix\" data-tab=\"3\" role=\"region\" aria-labelledby=\"elementor-tab-title-1193\"><p>Con la radioterapia \u00e8 possibile contrastare il naturale processo di invecchiamento senza intervento chirurgico. Uno dei vantaggi di questo metodo \u00e8 che \u00e8 completamente indolore e non ha effetti collaterali. A radiofrequenza, l&#8217;energia viene erogata alla superficie della pelle e\/o del tessuto sottocutaneo sotto forma di calore. Il calore stimola nuovamente la formazione di collagene nella pelle, che pu\u00f2 contrastare l&#8217;invecchiamento cutaneo in modo delicato. Combiniamo questo trattamento con BIO Hyaluron, che viene introdotto nel tessuto.<\/p><p><strong>Prezzo: da CHF 159.00<\/strong><\/p><\/div>\n\t\t\t\t<\/div>\n\t\t\t\t\t\t\t\t<\/div>\n\t\t\t\t\t\t<\/div>\n\t\t\t\t<\/div>\n\t\t\t\t\t<\/div>\n\t\t<\/div>\n\t\t\t\t<div class=\"elementor-column elementor-col-50 elementor-top-column elementor-element elementor-element-6afe632\" data-id=\"6afe632\" data-element_type=\"column\" data-e-type=\"column\">\n\t\t\t<div class=\"elementor-widget-wrap elementor-element-populated\">\n\t\t\t\t\t\t<div class=\"elementor-element elementor-element-f8931f2 elementor-widget elementor-widget-image-carousel\" data-id=\"f8931f2\" data-element_type=\"widget\" data-e-type=\"widget\" data-settings=\"{&quot;slides_to_show&quot;:&quot;1&quot;,&quot;navigation&quot;:&quot;none&quot;,&quot;lazyload&quot;:&quot;yes&quot;,&quot;pause_on_hover&quot;:&quot;no&quot;,&quot;pause_on_interaction&quot;:&quot;no&quot;,&quot;autoplay_speed&quot;:2500,&quot;speed&quot;:1000,&quot;autoplay&quot;:&quot;yes&quot;,&quot;infinite&quot;:&quot;yes&quot;,&quot;effect&quot;:&quot;slide&quot;}\" data-widget_type=\"image-carousel.default\">\n\t\t\t\t<div class=\"elementor-widget-container\">\n\t\t\t\t\t\t\t<div class=\"elementor-image-carousel-wrapper swiper\" role=\"region\" aria-roledescription=\"carousel\" aria-label=\"Carosello d&#039;immagini\" dir=\"ltr\">\n\t\t\t<div class=\"elementor-image-carousel swiper-wrapper\" aria-live=\"off\">\n\t\t\t\t\t\t\t\t<div class=\"swiper-slide\" role=\"group\" aria-roledescription=\"slide\" aria-label=\"1 di 5\"><figure class=\"swiper-slide-inner\"><img class=\"swiper-slide-image swiper-lazy\" data-src=\"https:\/\/algo.swiss\/wp-content\/uploads\/2022\/09\/Face_Dana.png\" alt=\"Face_Dana\" \/><div class=\"swiper-lazy-preloader\"><\/div><\/figure><\/div><div class=\"swiper-slide\" role=\"group\" aria-roledescription=\"slide\" aria-label=\"2 di 5\"><figure class=\"swiper-slide-inner\"><img class=\"swiper-slide-image swiper-lazy\" data-src=\"https:\/\/algo.swiss\/wp-content\/uploads\/2022\/09\/Face_Lukas.png\" alt=\"Face_Lukas\" \/><div class=\"swiper-lazy-preloader\"><\/div><\/figure><\/div><div class=\"swiper-slide\" role=\"group\" aria-roledescription=\"slide\" aria-label=\"3 di 5\"><figure class=\"swiper-slide-inner\"><img class=\"swiper-slide-image swiper-lazy\" data-src=\"https:\/\/algo.swiss\/wp-content\/uploads\/2022\/09\/Face_Sasa.png\" alt=\"Face_Sasa\" \/><div class=\"swiper-lazy-preloader\"><\/div><\/figure><\/div><div class=\"swiper-slide\" role=\"group\" aria-roledescription=\"slide\" aria-label=\"4 di 5\"><figure class=\"swiper-slide-inner\"><img class=\"swiper-slide-image swiper-lazy\" data-src=\"https:\/\/algo.swiss\/wp-content\/uploads\/2022\/09\/Face_Sonja.png\" alt=\"Face_Sonja\" \/><div class=\"swiper-lazy-preloader\"><\/div><\/figure><\/div><div class=\"swiper-slide\" role=\"group\" aria-roledescription=\"slide\" aria-label=\"5 di 5\"><figure class=\"swiper-slide-inner\"><img class=\"swiper-slide-image swiper-lazy\" data-src=\"https:\/\/algo.swiss\/wp-content\/uploads\/2022\/09\/Face_Algo.png\" alt=\"Face_Algo\" \/><div class=\"swiper-lazy-preloader\"><\/div><\/figure><\/div>\t\t\t<\/div>\n\t\t\t\t\t\t\t\n\t\t\t\t\t\t\t\t\t<\/div>\n\t\t\t\t\t\t<\/div>\n\t\t\t\t<\/div>\n\t\t\t\t\t<\/div>\n\t\t<\/div>\n\t\t\t\t\t<\/div>\n\t\t<\/section>\n\t\t\t\t<\/div>\n\t\t","protected":false},"excerpt":{"rendered":"<p>Offriamo 3 diverse opzioni qui: Pulizia profonda per schiarire la pelle Combatte i pori dilatati, i punti neri, le imperfezioni e le strutture cutanee irregolari in modo efficace e rapido. Contiene:Impacco viso detergente, lenitivo (viso, collo, d\u00e9collet\u00e9), peeling, tonico, pulizia delle impurit\u00e0, massaggio, maschera in base al tipo di pelle, depilazione delle sopracciglia, colorazione (se [&hellip;]<\/p>\n","protected":false},"author":1,"featured_media":0,"parent":0,"menu_order":0,"comment_status":"closed","ping_status":"closed","template":"","meta":{"footnotes":""},"class_list":["post-532","page","type-page","status-publish","hentry"],"_links":{"self":[{"href":"https:\/\/algo.swiss\/it\/wp-json\/wp\/v2\/pages\/532","targetHints":{"allow":["GET"]}}],"collection":[{"href":"https:\/\/algo.swiss\/it\/wp-json\/wp\/v2\/pages"}],"about":[{"href":"https:\/\/algo.swiss\/it\/wp-json\/wp\/v2\/types\/page"}],"author":[{"embeddable":true,"href":"https:\/\/algo.swiss\/it\/wp-json\/wp\/v2\/users\/1"}],"replies":[{"embeddable":true,"href":"https:\/\/algo.swiss\/it\/wp-json\/wp\/v2\/comments?post=532"}],"version-history":[{"count":1,"href":"https:\/\/algo.swiss\/it\/wp-json\/wp\/v2\/pages\/532\/revisions"}],"predecessor-version":[{"id":533,"href":"https:\/\/algo.swiss\/it\/wp-json\/wp\/v2\/pages\/532\/revisions\/533"}],"wp:attachment":[{"href":"https:\/\/algo.swiss\/it\/wp-json\/wp\/v2\/media?parent=532"}],"curies":[{"name":"wp","href":"https:\/\/api.w.org\/{rel}","templated":true}]}}