{"id":857,"date":"2022-09-09T19:26:41","date_gmt":"2022-09-09T17:26:41","guid":{"rendered":"https:\/\/algo-beauty.ch\/imprimere-originale-in-tedesco-questa-e-una-traduzione-automatica\/"},"modified":"2022-09-27T15:25:20","modified_gmt":"2022-09-27T13:25:20","slug":"imprimere","status":"publish","type":"page","link":"https:\/\/algo.swiss\/it\/imprimere\/","title":{"rendered":"Imprimere"},"content":{"rendered":"\t\t<div data-elementor-type=\"wp-page\" data-elementor-id=\"857\" class=\"elementor elementor-857 elementor-664\" data-elementor-post-type=\"page\">\n\t\t\t\t\t\t<section class=\"elementor-section elementor-top-section elementor-element elementor-element-b59346d elementor-section-boxed elementor-section-height-default elementor-section-height-default\" data-id=\"b59346d\" data-element_type=\"section\" data-e-type=\"section\">\n\t\t\t\t\t\t<div class=\"elementor-container elementor-column-gap-default\">\n\t\t\t\t\t<div class=\"elementor-column elementor-col-100 elementor-top-column elementor-element elementor-element-8c12c98\" data-id=\"8c12c98\" data-element_type=\"column\" data-e-type=\"column\">\n\t\t\t<div class=\"elementor-widget-wrap elementor-element-populated\">\n\t\t\t\t\t\t<div class=\"elementor-element elementor-element-dd0a722 elementor-widget elementor-widget-heading\" data-id=\"dd0a722\" data-element_type=\"widget\" data-e-type=\"widget\" data-widget_type=\"heading.default\">\n\t\t\t\t<div class=\"elementor-widget-container\">\n\t\t\t\t\t<h2 class=\"elementor-heading-title elementor-size-default\">Imprimere (originale in tedesco, questa \u00e8 una traduzione automatica)<\/h2>\t\t\t\t<\/div>\n\t\t\t\t<\/div>\n\t\t\t\t<div class=\"elementor-element elementor-element-2ba73b7 elementor-widget elementor-widget-html\" data-id=\"2ba73b7\" data-element_type=\"widget\" data-e-type=\"widget\" data-widget_type=\"html.default\">\n\t\t\t\t<div class=\"elementor-widget-container\">\n\t\t\t\t\t<p><strong><i>Indirizzo di contatto<\/i><\/strong><\/p><p>Algo Beauty AVESTA<br>Ostring 44<br>8105 Regensdorf<br>Svizzera<\/p><p>E-mail:<br>info@algo-beauty.ch \/ info@algo.swiss<\/p><br><br><p><strong><i>Rappresentante(i) autorizzato(i)<\/i><\/strong><\/p>Dana Aleksendric, Amministratore delegato<br><br><p><strong><i>Iscrizione nel registro delle imprese<\/i><\/strong><\/p>Nome della societ\u00e0 registrata:<br><strong>Algo Beauty AVESTA<\/strong><br><br>Numero di societ\u00e0 (UID):<br><strong>CHE-206.165.037<\/strong><br><br><p>Partita IVA<br><strong>CHE-206.165.037 IVA<\/strong><br><br><br><\/p><p><strong><i>Disconoscimento<\/i><\/strong><\/p>L'autore non si assume alcuna responsabilit\u00e0 per quanto riguarda la correttezza, l'accuratezza, la tempestivit\u00e0, l'affidabilit\u00e0 e la completezza delle informazioni.<p>Sono escluse rivendicazioni di responsabilit\u00e0 nei confronti dell'autore a causa di danni materiali o immateriali derivanti dall'accesso o dall'uso o dal mancato utilizzo delle informazioni pubblicate, dall'uso improprio della connessione o da guasti tecnici.<\/p><p>Tutte le offerte non sono vincolanti. L'autore si riserva espressamente il diritto di modificare, integrare o cancellare parti delle pagine o l'intera offerta senza preavviso speciale o di cessare la pubblicazione temporaneamente o permanentemente.<\/p><br><br><p><strong><i>Disclaimer per i link<\/i><\/strong><\/p><p>I riferimenti e i collegamenti a siti Web di terzi sono al di fuori della nostra area di responsabilit\u00e0. Qualsiasi responsabilit\u00e0 per tali siti Web \u00e8 declinata. L'accesso e l'utilizzo di tali siti web \u00e8 a rischio e pericolo dell'utente.<\/p><br><br><p><strong><i>Copyright<\/i><\/strong><\/p><p>Il copyright e tutti gli altri diritti su contenuti, immagini, foto o altri file su questo sito Web appartengono esclusivamente <strong>alla societ\u00e0 Algo Beauty AVESTA<\/strong> o ai titolari dei diritti specificamente nominati. Per la riproduzione di qualsiasi elemento, il consenso scritto del titolare del copyright deve essere ottenuto in anticipo.<\/p><br><!--ACHTUNG: Wenn Sie die Quelle ohne Erlaubnis von SwissAnwalt entfernen, dann begehen Sie eine Urheberrechtsverletzung welche in jedem Fall geahndet wird.-->Fonte: <a href=\"https:\/\/www.swissanwalt.ch\" target=\"_blank\" rel=\"noopener\">SwissAnwalt<\/a><!--Bitte beachten Sie die AGB von SwissAnwalt betreffend allf&auml;llig anfallenden Kosten bei Weglassen der Quelle!-->\t\t\t\t<\/div>\n\t\t\t\t<\/div>\n\t\t\t\t\t<\/div>\n\t\t<\/div>\n\t\t\t\t\t<\/div>\n\t\t<\/section>\n\t\t\t\t<\/div>\n\t\t","protected":false},"excerpt":{"rendered":"<p>Imprimere (originale in tedesco, questa \u00e8 una traduzione automatica) Indirizzo di contatto Algo Beauty AVESTAOstring 448105 RegensdorfSvizzera E-mail:info@algo-beauty.ch \/ info@algo.swiss Rappresentante(i) autorizzato(i) Dana Aleksendric, Amministratore delegato Iscrizione nel registro delle imprese Nome della societ\u00e0 registrata:Algo Beauty AVESTA Numero di societ\u00e0 (UID):CHE-206.165.037 Partita IVACHE-206.165.037 IVA Disconoscimento L&#8217;autore non si assume alcuna responsabilit\u00e0 per quanto riguarda la [&hellip;]<\/p>\n","protected":false},"author":1,"featured_media":0,"parent":0,"menu_order":0,"comment_status":"closed","ping_status":"closed","template":"","meta":{"footnotes":""},"class_list":["post-857","page","type-page","status-publish","hentry"],"_links":{"self":[{"href":"https:\/\/algo.swiss\/it\/wp-json\/wp\/v2\/pages\/857","targetHints":{"allow":["GET"]}}],"collection":[{"href":"https:\/\/algo.swiss\/it\/wp-json\/wp\/v2\/pages"}],"about":[{"href":"https:\/\/algo.swiss\/it\/wp-json\/wp\/v2\/types\/page"}],"author":[{"embeddable":true,"href":"https:\/\/algo.swiss\/it\/wp-json\/wp\/v2\/users\/1"}],"replies":[{"embeddable":true,"href":"https:\/\/algo.swiss\/it\/wp-json\/wp\/v2\/comments?post=857"}],"version-history":[{"count":4,"href":"https:\/\/algo.swiss\/it\/wp-json\/wp\/v2\/pages\/857\/revisions"}],"predecessor-version":[{"id":900,"href":"https:\/\/algo.swiss\/it\/wp-json\/wp\/v2\/pages\/857\/revisions\/900"}],"wp:attachment":[{"href":"https:\/\/algo.swiss\/it\/wp-json\/wp\/v2\/media?parent=857"}],"curies":[{"name":"wp","href":"https:\/\/api.w.org\/{rel}","templated":true}]}}