{"id":604,"date":"2022-09-09T08:52:54","date_gmt":"2022-09-09T06:52:54","guid":{"rendered":"https:\/\/algobeauty.buffetitservices.ch\/shop\/benessere-combi\/"},"modified":"2025-01-19T20:22:45","modified_gmt":"2025-01-19T19:22:45","slug":"benessere-combi","status":"publish","type":"product","link":"https:\/\/algo.swiss\/it\/prodotto\/benessere-combi\/","title":{"rendered":"Benessere Combi"},"content":{"rendered":"","protected":false},"excerpt":{"rendered":"<p><strong> 1x DETOX No.1 + 1x tuta igienica + 1x FRESH No.2 <\/strong><\/p>\n<p> <strong> Disintossicazione del corpo DETOX con i<\/strong><br \/>\n sali delle Alpi svizzereCrema ad azione contro cellulite, adiposit\u00e0, edemi e impurit\u00e0. La formula contiene una miscela di principi attivi che affronta i disturbi su pi\u00f9 fronti. Estratto di spirulina, La carnitina e la caffeina stimolano la lipolisi. La Spirulina Rinforza e ristruttura mentre la carnitina esercita un&#8217;attivit\u00e0 protettiva vascolare. <strong>I sali alpini svizzeri<\/strong> accelerano il metabolismo della pelle, che \u00e8 adatta all&#8217;uso quotidiano con una disintossicazione pi\u00f9 intensa e delicata.<\/p>\n<p><strong>Applicazione:<\/strong> crema con DETOX n. 1 e indossare una tuta igienica. Tempo di effetto da 30 a 60 minuti.<\/p>\n<p><strong>Benessere, freschezza e tonificazione FRESCO con i<\/strong><br \/>\n sali delle Alpi svizzereFai una doccia e asciugati. Ora puoi applicare la crema FRESH No.2 sulle zone problematiche o su tutto il corpo se desideri un effetto pi\u00f9 intenso. La crema gelatinosa FRESH No.2 che, stimolando i recettori del freddo, seguita da un effetto astringente superficiale, provoca un aumento locale dell&#8217;attivit\u00e0 metabolica attraverso una reazione. Per questi motivi \u00e8 il prodotto ottimale contro cellulite, impurit\u00e0, atonia tissutale e pesantezza causata da edemi. Grazie all\u2019azione dei sali alpini svizzeri, voi e il vostro intero organismo diventerete pi\u00f9 efficienti e le riserve saranno ricostruite.<\/p>\n","protected":false},"featured_media":600,"template":"","meta":[],"product_brand":[],"product_cat":[40],"product_tag":[],"class_list":{"0":"post-604","1":"product","2":"type-product","3":"status-publish","4":"has-post-thumbnail","6":"product_cat-unkategorisiert-it","7":"product_shipping_class-pacchi-postali","9":"first","10":"instock","11":"taxable","12":"shipping-taxable","13":"purchasable","14":"product-type-simple"},"_links":{"self":[{"href":"https:\/\/algo.swiss\/it\/wp-json\/wp\/v2\/product\/604","targetHints":{"allow":["GET"]}}],"collection":[{"href":"https:\/\/algo.swiss\/it\/wp-json\/wp\/v2\/product"}],"about":[{"href":"https:\/\/algo.swiss\/it\/wp-json\/wp\/v2\/types\/product"}],"wp:featuredmedia":[{"embeddable":true,"href":"https:\/\/algo.swiss\/it\/wp-json\/wp\/v2\/media\/600"}],"wp:attachment":[{"href":"https:\/\/algo.swiss\/it\/wp-json\/wp\/v2\/media?parent=604"}],"wp:term":[{"taxonomy":"product_brand","embeddable":true,"href":"https:\/\/algo.swiss\/it\/wp-json\/wp\/v2\/product_brand?post=604"},{"taxonomy":"product_cat","embeddable":true,"href":"https:\/\/algo.swiss\/it\/wp-json\/wp\/v2\/product_cat?post=604"},{"taxonomy":"product_tag","embeddable":true,"href":"https:\/\/algo.swiss\/it\/wp-json\/wp\/v2\/product_tag?post=604"}],"curies":[{"name":"wp","href":"https:\/\/api.w.org\/{rel}","templated":true}]}}