{"id":1347,"date":"2022-09-01T08:39:27","date_gmt":"2022-09-01T06:39:27","guid":{"rendered":"https:\/\/algo.swiss\/lice\/"},"modified":"2025-01-19T21:33:27","modified_gmt":"2025-01-19T20:33:27","slug":"lice","status":"publish","type":"page","link":"https:\/\/algo.swiss\/sr\/lice\/","title":{"rendered":"Lice"},"content":{"rendered":"\t\t<div data-elementor-type=\"wp-page\" data-elementor-id=\"1347\" class=\"elementor elementor-1347 elementor-80\" data-elementor-post-type=\"page\">\n\t\t\t\t\t\t<section class=\"elementor-section elementor-top-section elementor-element elementor-element-e66b6ce elementor-section-full_width elementor-section-height-default elementor-section-height-default\" data-id=\"e66b6ce\" data-element_type=\"section\" data-e-type=\"section\">\n\t\t\t\t\t\t<div class=\"elementor-container elementor-column-gap-default\">\n\t\t\t\t\t<div class=\"elementor-column elementor-col-50 elementor-top-column elementor-element elementor-element-6884daa\" data-id=\"6884daa\" data-element_type=\"column\" data-e-type=\"column\">\n\t\t\t<div class=\"elementor-widget-wrap elementor-element-populated\">\n\t\t\t\t\t\t<div class=\"elementor-element elementor-element-fedad6f elementor-widget elementor-widget-heading\" data-id=\"fedad6f\" data-element_type=\"widget\" data-e-type=\"widget\" data-widget_type=\"heading.default\">\n\t\t\t\t<div class=\"elementor-widget-container\">\n\t\t\t\t\t<h2 class=\"elementor-heading-title elementor-size-default\">Ovde nudimo 3 razli\u010dite opcije:<\/h2>\t\t\t\t<\/div>\n\t\t\t\t<\/div>\n\t\t\t\t<div class=\"elementor-element elementor-element-724fcae elementor-widget elementor-widget-accordion\" data-id=\"724fcae\" data-element_type=\"widget\" data-e-type=\"widget\" data-widget_type=\"accordion.default\">\n\t\t\t\t<div class=\"elementor-widget-container\">\n\t\t\t\t\t\t\t<div class=\"elementor-accordion\">\n\t\t\t\t\t\t\t<div class=\"elementor-accordion-item\">\n\t\t\t\t\t<div id=\"elementor-tab-title-1191\" class=\"elementor-tab-title\" data-tab=\"1\" role=\"button\" aria-controls=\"elementor-tab-content-1191\" aria-expanded=\"false\">\n\t\t\t\t\t\t\t\t\t\t\t\t\t<span class=\"elementor-accordion-icon elementor-accordion-icon-left\" aria-hidden=\"true\">\n\t\t\t\t\t\t\t\t\t\t\t\t\t\t\t<span class=\"elementor-accordion-icon-closed\"><i class=\"fas fa-chevron-down\"><\/i><\/span>\n\t\t\t\t\t\t\t\t<span class=\"elementor-accordion-icon-opened\"><i class=\"fas fa-chevron-up\"><\/i><\/span>\n\t\t\t\t\t\t\t\t\t\t\t\t\t\t<\/span>\n\t\t\t\t\t\t\t\t\t\t\t\t<a class=\"elementor-accordion-title\" tabindex=\"0\">Dubinsko \u010di\u0161\u0107enje za razja\u0161njavanje ko\u017ee<\/a>\n\t\t\t\t\t<\/div>\n\t\t\t\t\t<div id=\"elementor-tab-content-1191\" class=\"elementor-tab-content elementor-clearfix\" data-tab=\"1\" role=\"region\" aria-labelledby=\"elementor-tab-title-1191\"><p>Efikasno i brzo se bori protiv pro\u0161irenih pora, mitesera, mrlja i nepravilnih tekstura ko\u017ee.<\/p>\n<p><strong>Uklju\u010duje:<\/strong><br \/>\u010ci\u0161\u0107enje, umiruju\u0107i oblog lica (lice, vrat, dekolte), piling, tonik, ne\u010disto\u0107e od \u010di\u0161\u0107enja, masa\u017ea, maska prema tipu ko\u017ee, \u010dupanje obrva, bojenje (po \u017eelji) Zavr\u0161na nega.<\/p>\n<p><strong>Cena: od CHF 90.00<\/strong><\/p>\n<\/div>\n\t\t\t\t<\/div>\n\t\t\t\t\t\t\t<div class=\"elementor-accordion-item\">\n\t\t\t\t\t<div id=\"elementor-tab-title-1192\" class=\"elementor-tab-title\" data-tab=\"2\" role=\"button\" aria-controls=\"elementor-tab-content-1192\" aria-expanded=\"false\">\n\t\t\t\t\t\t\t\t\t\t\t\t\t<span class=\"elementor-accordion-icon elementor-accordion-icon-left\" aria-hidden=\"true\">\n\t\t\t\t\t\t\t\t\t\t\t\t\t\t\t<span class=\"elementor-accordion-icon-closed\"><i class=\"fas fa-chevron-down\"><\/i><\/span>\n\t\t\t\t\t\t\t\t<span class=\"elementor-accordion-icon-opened\"><i class=\"fas fa-chevron-up\"><\/i><\/span>\n\t\t\t\t\t\t\t\t\t\t\t\t\t\t<\/span>\n\t\t\t\t\t\t\t\t\t\t\t\t<a class=\"elementor-accordion-title\" tabindex=\"0\">DMT (Neeadling terapija)<\/a>\n\t\t\t\t\t<\/div>\n\t\t\t\t\t<div id=\"elementor-tab-content-1192\" class=\"elementor-tab-content elementor-clearfix\" data-tab=\"2\" role=\"region\" aria-labelledby=\"elementor-tab-title-1192\"><ul>\n<li>Le\u010denje akni<\/li>\n<li>Podmla\u0111ivanje ko\u017ee<\/li>\n<li>Protiv pigmentnih ta\u010daka<\/li>\n<li>Izgla\u0111ivanje bora<\/li>\n<\/ul>\n<p>Me\u0111utim, mo\u017ee biti jo\u0161 bolje, jo\u0161 efikasnije protiv bora, o\u017eiljaka, akni i pigmentnih mrlja!<br \/>U derma-mezo terapiji (DMT), problemati\u010dna ko\u017ea se tretira takozvanim dermarollerom, koji je okovan vrlo finim, kratkim iglama. Kada se probu\u0161e u najvi\u0161i sloj ko\u017ee, epidermis, oni iritiraju odre\u0111ene receptore u na\u0161oj ko\u017ei, nakon \u010dega se osloba\u0111a vi\u0161e kolagena, elastina i hijaluronske kiseline, endogenih supstanci koje su neophodne za elasti\u010dnost i \u010dvrsto\u0107u vezivnog tkiva. Kao rezultat toga, ka\u017ee se da ko\u017ea izgleda \u010dvr\u0161\u0107e, mla\u0111e i sve\u017eije nakon prvog tretmana. Jo\u0161 jedan pozitivan sporedni efekat tretmana je pove\u0107ana apsorpcija ko\u017ee, na primer za podmla\u0111ivanje aktivnih sastojaka koji mogu prodrijeti dublje u tkivo. U DMT terapiji, \u0107elije ko\u017ee, pre svega fibroblasti, stimuli\u0161u deobu \u0107elija i dokazano je da ne ostavljaju o\u017eiljke. Fibroblasti, koji se tako\u0111e mogu nazvati arhitektima ko\u017ee, sintetizuju nova kolagenska vlakna do dubine ko\u017ee od oko 0,6 mm, koja se integri\u0161u u postoje\u0107u strukturu ko\u017ee i pune ko\u017eu iznutra. Razni dermatolozi su dokazali da je prose\u010dno pove\u0107anje kolagena sa DMT-om 206%. Iako je potrebno nekoliko nedelja da se izgrade novi slojevi kolagena, tako\u0111e traje mnogo du\u017ee. Derma-Meso terapija (DMT) ima dugoro\u010dni efekat.<br \/>Zbog toga se tretman zavr\u0161ava primenom ampule hijaluronske kiseline koja podsti\u010de cirkulaciju krvi. Ka\u017ee se da dugoro\u010dno pove\u0107ava tonus i elasti\u010dnost ko\u017ee lica. Ten tako\u0111e mo\u017ee izgledati blistavije sa ovim tretmanom.<\/p>\n<p><strong>Cena: od CHF 159.00<\/strong><\/p>\n<\/div>\n\t\t\t\t<\/div>\n\t\t\t\t\t\t\t<div class=\"elementor-accordion-item\">\n\t\t\t\t\t<div id=\"elementor-tab-title-1193\" class=\"elementor-tab-title\" data-tab=\"3\" role=\"button\" aria-controls=\"elementor-tab-content-1193\" aria-expanded=\"false\">\n\t\t\t\t\t\t\t\t\t\t\t\t\t<span class=\"elementor-accordion-icon elementor-accordion-icon-left\" aria-hidden=\"true\">\n\t\t\t\t\t\t\t\t\t\t\t\t\t\t\t<span class=\"elementor-accordion-icon-closed\"><i class=\"fas fa-chevron-down\"><\/i><\/span>\n\t\t\t\t\t\t\t\t<span class=\"elementor-accordion-icon-opened\"><i class=\"fas fa-chevron-up\"><\/i><\/span>\n\t\t\t\t\t\t\t\t\t\t\t\t\t\t<\/span>\n\t\t\t\t\t\t\t\t\t\t\t\t<a class=\"elementor-accordion-title\" tabindex=\"0\">Zatezanje bez operacije sa radiofrekventnom terapijom<\/a>\n\t\t\t\t\t<\/div>\n\t\t\t\t\t<div id=\"elementor-tab-content-1193\" class=\"elementor-tab-content elementor-clearfix\" data-tab=\"3\" role=\"region\" aria-labelledby=\"elementor-tab-title-1193\"><p>Radiofrekventnom terapijom mogu\u0107e je suprotstaviti se prirodnom procesu starenja bez hirur\u0161ke intervencije. Prednost ove metode je, izme\u0111u ostalog, \u0161to je potpuno bezbolna i bez nuspojava. Sa radiofrekvencijom, energija se osloba\u0111a u obliku toplote na povr\u0161inu ko\u017ee i \/ ili potko\u017enog tkiva. Toplota ponovo stimuli\u0161e formiranje kolagena u ko\u017ei, \u0161to mo\u017ee ne\u017eno da se suprotstavi starenju ko\u017ee. Ovaj tretman kombinujemo sa BIO hijaluronskom kiselinom, koja se unosi u tkiva.<\/p>\n<p><strong>Cena: od CHF 159.00<\/strong><\/p>\n<\/div>\n\t\t\t\t<\/div>\n\t\t\t\t\t\t\t\t<\/div>\n\t\t\t\t\t\t<\/div>\n\t\t\t\t<\/div>\n\t\t\t\t\t<\/div>\n\t\t<\/div>\n\t\t\t\t<div class=\"elementor-column elementor-col-50 elementor-top-column elementor-element elementor-element-6afe632\" data-id=\"6afe632\" data-element_type=\"column\" data-e-type=\"column\">\n\t\t\t<div class=\"elementor-widget-wrap elementor-element-populated\">\n\t\t\t\t\t\t<div class=\"elementor-element elementor-element-f8931f2 elementor-widget elementor-widget-image-carousel\" data-id=\"f8931f2\" data-element_type=\"widget\" data-e-type=\"widget\" data-settings=\"{&quot;slides_to_show&quot;:&quot;1&quot;,&quot;navigation&quot;:&quot;none&quot;,&quot;lazyload&quot;:&quot;yes&quot;,&quot;pause_on_hover&quot;:&quot;no&quot;,&quot;pause_on_interaction&quot;:&quot;no&quot;,&quot;autoplay_speed&quot;:2500,&quot;speed&quot;:1000,&quot;autoplay&quot;:&quot;yes&quot;,&quot;infinite&quot;:&quot;yes&quot;,&quot;effect&quot;:&quot;slide&quot;}\" data-widget_type=\"image-carousel.default\">\n\t\t\t\t<div class=\"elementor-widget-container\">\n\t\t\t\t\t\t\t<div class=\"elementor-image-carousel-wrapper swiper\" role=\"region\" aria-roledescription=\"carousel\" aria-label=\"\u0412\u0440\u0442\u0435\u0448\u043a\u0430 \u0441\u043b\u0438\u043a\u0430\" dir=\"ltr\">\n\t\t\t<div class=\"elementor-image-carousel swiper-wrapper\" aria-live=\"off\">\n\t\t\t\t\t\t\t\t<div class=\"swiper-slide\" role=\"group\" aria-roledescription=\"slide\" aria-label=\"1 of 5\"><figure class=\"swiper-slide-inner\"><img class=\"swiper-slide-image swiper-lazy\" data-src=\"https:\/\/algo.swiss\/wp-content\/uploads\/2022\/09\/Face_Dana.png\" alt=\"Face_Dana\" \/><div class=\"swiper-lazy-preloader\"><\/div><\/figure><\/div><div class=\"swiper-slide\" role=\"group\" aria-roledescription=\"slide\" aria-label=\"2 of 5\"><figure class=\"swiper-slide-inner\"><img class=\"swiper-slide-image swiper-lazy\" data-src=\"https:\/\/algo.swiss\/wp-content\/uploads\/2022\/09\/Face_Lukas.png\" alt=\"Face_Lukas\" \/><div class=\"swiper-lazy-preloader\"><\/div><\/figure><\/div><div class=\"swiper-slide\" role=\"group\" aria-roledescription=\"slide\" aria-label=\"3 of 5\"><figure class=\"swiper-slide-inner\"><img class=\"swiper-slide-image swiper-lazy\" data-src=\"https:\/\/algo.swiss\/wp-content\/uploads\/2022\/09\/Face_Sasa.png\" alt=\"Face_Sasa\" \/><div class=\"swiper-lazy-preloader\"><\/div><\/figure><\/div><div class=\"swiper-slide\" role=\"group\" aria-roledescription=\"slide\" aria-label=\"4 of 5\"><figure class=\"swiper-slide-inner\"><img class=\"swiper-slide-image swiper-lazy\" data-src=\"https:\/\/algo.swiss\/wp-content\/uploads\/2022\/09\/Face_Sonja.png\" alt=\"Face_Sonja\" \/><div class=\"swiper-lazy-preloader\"><\/div><\/figure><\/div><div class=\"swiper-slide\" role=\"group\" aria-roledescription=\"slide\" aria-label=\"5 of 5\"><figure class=\"swiper-slide-inner\"><img class=\"swiper-slide-image swiper-lazy\" data-src=\"https:\/\/algo.swiss\/wp-content\/uploads\/2022\/09\/Face_Algo.png\" alt=\"Face_Algo\" \/><div class=\"swiper-lazy-preloader\"><\/div><\/figure><\/div>\t\t\t<\/div>\n\t\t\t\t\t\t\t\n\t\t\t\t\t\t\t\t\t<\/div>\n\t\t\t\t\t\t<\/div>\n\t\t\t\t<\/div>\n\t\t\t\t\t<\/div>\n\t\t<\/div>\n\t\t\t\t\t<\/div>\n\t\t<\/section>\n\t\t\t\t<\/div>\n\t\t","protected":false},"excerpt":{"rendered":"<p>Ovde nudimo 3 razli\u010dite opcije: Dubinsko \u010di\u0161\u0107enje za razja\u0161njavanje ko\u017ee Efikasno i brzo se bori protiv pro\u0161irenih pora, mitesera, mrlja i nepravilnih tekstura ko\u017ee. Uklju\u010duje:\u010ci\u0161\u0107enje, umiruju\u0107i oblog lica (lice, vrat, dekolte), piling, tonik, ne\u010disto\u0107e od \u010di\u0161\u0107enja, masa\u017ea, maska prema tipu ko\u017ee, \u010dupanje obrva, bojenje (po \u017eelji) Zavr\u0161na nega. Cena: od CHF 90.00 DMT (Neeadling terapija) [&hellip;]<\/p>\n","protected":false},"author":1,"featured_media":0,"parent":0,"menu_order":0,"comment_status":"closed","ping_status":"closed","template":"","meta":{"footnotes":""},"class_list":["post-1347","page","type-page","status-publish","hentry"],"_links":{"self":[{"href":"https:\/\/algo.swiss\/sr\/wp-json\/wp\/v2\/pages\/1347","targetHints":{"allow":["GET"]}}],"collection":[{"href":"https:\/\/algo.swiss\/sr\/wp-json\/wp\/v2\/pages"}],"about":[{"href":"https:\/\/algo.swiss\/sr\/wp-json\/wp\/v2\/types\/page"}],"author":[{"embeddable":true,"href":"https:\/\/algo.swiss\/sr\/wp-json\/wp\/v2\/users\/1"}],"replies":[{"embeddable":true,"href":"https:\/\/algo.swiss\/sr\/wp-json\/wp\/v2\/comments?post=1347"}],"version-history":[{"count":1,"href":"https:\/\/algo.swiss\/sr\/wp-json\/wp\/v2\/pages\/1347\/revisions"}],"predecessor-version":[{"id":1348,"href":"https:\/\/algo.swiss\/sr\/wp-json\/wp\/v2\/pages\/1347\/revisions\/1348"}],"wp:attachment":[{"href":"https:\/\/algo.swiss\/sr\/wp-json\/wp\/v2\/media?parent=1347"}],"curies":[{"name":"wp","href":"https:\/\/api.w.org\/{rel}","templated":true}]}}