{"id":1353,"date":"2022-09-01T00:38:15","date_gmt":"2022-08-31T22:38:15","guid":{"rendered":"https:\/\/algo.swiss\/algo-figura-bella-koncept\/"},"modified":"2025-09-07T18:53:46","modified_gmt":"2025-09-07T16:53:46","slug":"algo-figura-bella-koncept","status":"publish","type":"page","link":"https:\/\/algo.swiss\/sr\/","title":{"rendered":"ALGO Figura Bella Koncept"},"content":{"rendered":"\t\t<div data-elementor-type=\"wp-page\" data-elementor-id=\"1353\" class=\"elementor elementor-1353 elementor-68\" data-elementor-post-type=\"page\">\n\t\t\t\t\t\t<section class=\"elementor-section elementor-top-section elementor-element elementor-element-48ef5c5 elementor-section-full_width elementor-section-height-default elementor-section-height-default\" data-id=\"48ef5c5\" data-element_type=\"section\" data-e-type=\"section\">\n\t\t\t\t\t\t<div class=\"elementor-container elementor-column-gap-default\">\n\t\t\t\t\t<div class=\"elementor-column elementor-col-33 elementor-top-column elementor-element elementor-element-9b07b5f\" data-id=\"9b07b5f\" data-element_type=\"column\" data-e-type=\"column\">\n\t\t\t<div class=\"elementor-widget-wrap elementor-element-populated\">\n\t\t\t\t\t\t<div class=\"elementor-element elementor-element-eed317b elementor-widget elementor-widget-price-table\" data-id=\"eed317b\" data-element_type=\"widget\" data-e-type=\"widget\" data-widget_type=\"price-table.default\">\n\t\t\t\t<div class=\"elementor-widget-container\">\n\t\t\t\t\t\n\t\t<div class=\"elementor-price-table\">\n\t\t\t\t\t\t\t<div class=\"elementor-price-table__header\">\n\t\t\t\t\t\t\t\t\t\t\t<h3 class=\"elementor-price-table__heading\">\n\t\t\t\t\t\tALGO SPA paket\t\t\t\t\t\t<\/h3>\n\t\t\t\t\t\n\t\t\t\t\t\t\t\t\t\t\t<span class=\"elementor-price-table__subheading\">\n\t\t\t\t\t\t\tSada sa uvodnim popustom\t\t\t\t\t\t<\/span>\n\t\t\t\t\t\t\t\t\t<\/div>\n\t\t\t\n\t\t\t<div class=\"elementor-price-table__price\">\n\t\t\t\t\t\t\t\t\t\t\t\t\n\t\t\t\t\n\t\t\t\t\n\t\t\t\t\t\t\t<\/div>\n\n\t\t\t\t\t\t\t<ul class=\"elementor-price-table__features-list\">\n\t\t\t\t\t\t\t\t\t\t\t<li class=\"elementor-repeater-item-13875bf\">\n\t\t\t\t\t\t\t<div class=\"elementor-price-table__feature-inner\">\n\t\t\t\t\t\t\t\t<i aria-hidden=\"true\" class=\"far fa-check-circle\"><\/i>\t\t\t\t\t\t\t\t\t\t\t\t\t\t\t\t\t<span >\n\t\t\t\t\t\t\t\t\t\tKSNUMKSk Detok krema\t\t\t\t\t\t\t\t\t<\/span>\n\t\t\t\t\t\t\t\t\t\t\t\t\t\t\t\t<\/div>\n\t\t\t\t\t\t<\/li>\n\t\t\t\t\t\t\t\t\t\t\t<li class=\"elementor-repeater-item-b635a49\">\n\t\t\t\t\t\t\t<div class=\"elementor-price-table__feature-inner\">\n\t\t\t\t\t\t\t\t<i aria-hidden=\"true\" class=\"far fa-check-circle\"><\/i>\t\t\t\t\t\t\t\t\t\t\t\t\t\t\t\t\t<span >\n\t\t\t\t\t\t\t\t\t\t1k SVE\u017dA pavlaka\t\t\t\t\t\t\t\t\t<\/span>\n\t\t\t\t\t\t\t\t\t\t\t\t\t\t\t\t<\/div>\n\t\t\t\t\t\t<\/li>\n\t\t\t\t\t\t\t\t\t\t\t<li class=\"elementor-repeater-item-e54d208\">\n\t\t\t\t\t\t\t<div class=\"elementor-price-table__feature-inner\">\n\t\t\t\t\t\t\t\t<i aria-hidden=\"true\" class=\"far fa-check-circle\"><\/i>\t\t\t\t\t\t\t\t\t\t\t\t\t\t\t\t\t<span >\n\t\t\t\t\t\t\t\t\t\tKSNUMKSk higijensko odelo koje se mo\u017ee prati\t\t\t\t\t\t\t\t\t<\/span>\n\t\t\t\t\t\t\t\t\t\t\t\t\t\t\t\t<\/div>\n\t\t\t\t\t\t<\/li>\n\t\t\t\t\t\t\t\t\t\t\t<li class=\"elementor-repeater-item-7751573\">\n\t\t\t\t\t\t\t<div class=\"elementor-price-table__feature-inner\">\n\t\t\t\t\t\t\t\t<i aria-hidden=\"true\" class=\"far fa-check-circle\"><\/i>\t\t\t\t\t\t\t\t\t\t\t\t\t\t\t\t\t<span >\n\t\t\t\t\t\t\t\t\t\tKSNUMKSk zlatno ALGO SPA odelo\t\t\t\t\t\t\t\t\t<\/span>\n\t\t\t\t\t\t\t\t\t\t\t\t\t\t\t\t<\/div>\n\t\t\t\t\t\t<\/li>\n\t\t\t\t\t\t\t\t\t\t\t<li class=\"elementor-repeater-item-800f117\">\n\t\t\t\t\t\t\t<div class=\"elementor-price-table__feature-inner\">\n\t\t\t\t\t\t\t\t<i aria-hidden=\"true\" class=\"far fa-check-circle\"><\/i>\t\t\t\t\t\t\t\t\t\t\t\t\t\t\t\t\t<span >\n\t\t\t\t\t\t\t\t\t\tuklj. tro\u0161kovi isporuke u \u0160vajcarskoj \t\t\t\t\t\t\t\t\t<\/span>\n\t\t\t\t\t\t\t\t\t\t\t\t\t\t\t\t<\/div>\n\t\t\t\t\t\t<\/li>\n\t\t\t\t\t\t\t\t\t\t\t<li class=\"elementor-repeater-item-de035fd\">\n\t\t\t\t\t\t\t<div class=\"elementor-price-table__feature-inner\">\n\t\t\t\t\t\t\t\t<i aria-hidden=\"true\" class=\"far fa-check-circle\"><\/i>\t\t\t\t\t\t\t\t\t\t\t\t\t\t\t\t\t<span >\n\t\t\t\t\t\t\t\t\t\tsa porezom \t\t\t\t\t\t\t\t\t<\/span>\n\t\t\t\t\t\t\t\t\t\t\t\t\t\t\t\t<\/div>\n\t\t\t\t\t\t<\/li>\n\t\t\t\t\t\t\t\t\t<\/ul>\n\t\t\t\n\t\t\t\t\t\t\t<div class=\"elementor-price-table__footer\">\n\t\t\t\t\t\t\t\t\t\t\t<a class=\"elementor-price-table__button elementor-button elementor-size-md\" href=\"https:\/\/algo.swiss\/sr\/shop\/%d0%b0%d0%bb%d0%b3%d0%be-%d1%81%d0%bf%d0%b0-%d0%b5%d0%bd%d0%b5%d1%80%d0%b3%d0%b8%d1%98%d0%b0-%d0%bb%d0%b8%d0%b2%d0%b5\/\">\n\t\t\t\t\t\t\tu prodavnicu\t\t\t\t\t\t<\/a>\n\t\t\t\t\t\n\t\t\t\t\t\t\t\t\t\t\t<div class=\"elementor-price-table__additional_info\">\n\t\t\t\t\t\t\tZatra\u017eite popust na koli\u010dinu i probni tretman u na\u0161em studiju.\t\t\t\t\t\t<\/div>\n\t\t\t\t\t\t\t\t\t<\/div>\n\t\t\t\t\t<\/div>\n\n\t\t\t\t\t\t<\/div>\n\t\t\t\t<\/div>\n\t\t\t\t\t<\/div>\n\t\t<\/div>\n\t\t\t\t<div class=\"elementor-column elementor-col-33 elementor-top-column elementor-element elementor-element-44699c2\" data-id=\"44699c2\" data-element_type=\"column\" data-e-type=\"column\">\n\t\t\t<div class=\"elementor-widget-wrap elementor-element-populated\">\n\t\t\t\t\t\t<div class=\"elementor-element elementor-element-b9b339c elementor-widget elementor-widget-heading\" data-id=\"b9b339c\" data-element_type=\"widget\" data-e-type=\"widget\" data-widget_type=\"heading.default\">\n\t\t\t\t<div class=\"elementor-widget-container\">\n\t\t\t\t\t<h2 class=\"elementor-heading-title elementor-size-default\">O konceptu ALGO Figura Bella<\/h2>\t\t\t\t<\/div>\n\t\t\t\t<\/div>\n\t\t\t\t<div class=\"elementor-element elementor-element-fcfa63a elementor-widget elementor-widget-text-editor\" data-id=\"fcfa63a\" data-element_type=\"widget\" data-e-type=\"widget\" data-widget_type=\"text-editor.default\">\n\t\t\t\t<div class=\"elementor-widget-container\">\n\t\t\t\t\t\t\t\t\t<p style=\"text-align: center;\"><strong>Pravo intelektualne svojine br. 147203<\/strong><\/p>\t\t\t\t\t\t\t\t<\/div>\n\t\t\t\t<\/div>\n\t\t\t\t<div class=\"elementor-element elementor-element-f519f9e elementor-widget elementor-widget-text-editor\" data-id=\"f519f9e\" data-element_type=\"widget\" data-e-type=\"widget\" data-widget_type=\"text-editor.default\">\n\t\t\t\t<div class=\"elementor-widget-container\">\n\t\t\t\t\t\t\t\t\t<p><br>Koncept ALGO Figura Bella dizajniran je da se efikasno bori protiv savremenih zdravstvenih problema kao \u0161to su <strong>celulit, edem, nakupljanje masti <\/strong>i <strong>mrlje<\/strong> . ALGO Spa je stoga idealan i efikasan savremeni visokotehnolo\u0161ki sistem, koji se \u010desto koristi privatno u kozmeti\u010dkim salonima, fitnes centrima ili centrima u terapeutske svrhe. Sada mo\u017eete da koristite ALGO Spa sa proizvodima u udobnosti svog doma, dok putujete, ili za druge potrebe bez ikakvog znanja. Aplikacija za va\u0161e telo je spremna za upotrebu za 1 do 2 minuta. Bilo da sedite, le\u017eite ili stojite &#8211; ALGO Spa radi odmah, brzo i bezbedno. Patentirani proces zasnovan je na infracrvenom sistemu i izuzet je od novog zakona o NISSG-u od juna 2024. godine. To \u010dini kori\u0161\u0107enje ALGO Spa u bilo kojoj teretani, klinici, hotelu, vellness centru ili studiju jednostavno, prakti\u010dno i dobrodo\u0161lo.<br>ALGO Spa se tako\u0111e sve vi\u0161e koristi kao izvor toplote koji mo\u017eete jednostavno staviti preko ode\u0107e i zagrejati na razli\u010ditim temperaturama i vremenskim intervalima. Ova vrsta primene je efikasna za napetost mi\u0161i\u0107a, bol u le\u0111ima, bol u zglobovima i poreme\u0107aja cirkulacije. Maksimalna potro\u0161nja energije je 320 vati. Potro\u0161nja energije je uporediva sa potro\u0161njom sijalice od 320 vati, za koju je potrebno 0,320 kilovata (kV) na sat. Na primer, ako je sijalica upaljena \u010detiri sata dnevno, godi\u0161nja potro\u0161nja energije sijalice je 1.280 sati. Tro\u0161kovi elektri\u010dne energije za sijalicu od 320 vati su, dakle, cca. 140,15 \u20ac godi\u0161nje. (Cene elektri\u010dne energije variraju od zemlje do zemlje.) Preporu\u010dujemo da koristite ALGO Spa dva do tri puta nedeljno po 45 minuta za brze rezultate.           <\/p>\t\t\t\t\t\t\t\t<\/div>\n\t\t\t\t<\/div>\n\t\t\t\t<div class=\"elementor-element elementor-element-1a63e31 elementor-widget elementor-widget-html\" data-id=\"1a63e31\" data-element_type=\"widget\" data-e-type=\"widget\" data-widget_type=\"html.default\">\n\t\t\t\t<div class=\"elementor-widget-container\">\n\t\t\t\t\t<script> \r\njQuery(document).ready(function($) { \r\nvar delay = 100; setTimeout(function() { \r\n$('.elementor-tab-title').removeClass('elementor-active');\r\n $('.elementor-tab-content').css('display', 'none'); }, delay); \r\n}); \r\n<\/script>\t\t\t\t<\/div>\n\t\t\t\t<\/div>\n\t\t\t\t<div class=\"elementor-element elementor-element-a57270f elementor-widget elementor-widget-accordion\" data-id=\"a57270f\" data-element_type=\"widget\" data-e-type=\"widget\" data-widget_type=\"accordion.default\">\n\t\t\t\t<div class=\"elementor-widget-container\">\n\t\t\t\t\t\t\t<div class=\"elementor-accordion\">\n\t\t\t\t\t\t\t<div class=\"elementor-accordion-item\">\n\t\t\t\t\t<div id=\"elementor-tab-title-1731\" class=\"elementor-tab-title\" data-tab=\"1\" role=\"button\" aria-controls=\"elementor-tab-content-1731\" aria-expanded=\"false\">\n\t\t\t\t\t\t\t\t\t\t\t\t\t<span class=\"elementor-accordion-icon elementor-accordion-icon-left\" aria-hidden=\"true\">\n\t\t\t\t\t\t\t\t\t\t\t\t\t\t\t<span class=\"elementor-accordion-icon-closed\"><i class=\"fas fa-chevron-down\"><\/i><\/span>\n\t\t\t\t\t\t\t\t<span class=\"elementor-accordion-icon-opened\"><i class=\"fas fa-chevron-up\"><\/i><\/span>\n\t\t\t\t\t\t\t\t\t\t\t\t\t\t<\/span>\n\t\t\t\t\t\t\t\t\t\t\t\t<a class=\"elementor-accordion-title\" tabindex=\"0\">Korak 1: Detok aplikacija<\/a>\n\t\t\t\t\t<\/div>\n\t\t\t\t\t<div id=\"elementor-tab-content-1731\" class=\"elementor-tab-content elementor-clearfix\" data-tab=\"1\" role=\"region\" aria-labelledby=\"elementor-tab-title-1731\"><p><strong>Detoksikacija tela sa DETOKS-om iz soli \u0161vajcarskih Alpa<\/strong><\/p>\n<p>Krema sa dejstvom protiv celulita, masnih naslaga, edema i ne\u010disto\u0107a. Formula sadr\u017ei me\u0161avinu aktivnih sastojaka koji se bore protiv bolesti na vi\u0161e frontova. Ekstrakt spiruline,<\/p>\n<p>Karnitin i kofein stimuli\u0161u lipolizu. Spirulina ja\u010da i restrukturira, dok karnitin vr\u0161i za\u0161titnu vaskularnu aktivnost. \u0160vajcarske Alpske soli ubrzavaju metabolizam ko\u017ee, \u0161to je pogodno za svakodnevnu upotrebu uz intenzivniju i ne\u017eniju detoksikaciju.  <\/p>\n<p><strong>Kako koristiti<\/strong>: Primijenite DETOK i idite na KORAK KSNUMKS.<\/p>\n<p>200 ml je dovoljno za 15-20 tretmana tela <strong>Cena CHF 95.00<\/strong><\/p>\n<\/div>\n\t\t\t\t<\/div>\n\t\t\t\t\t\t\t<div class=\"elementor-accordion-item\">\n\t\t\t\t\t<div id=\"elementor-tab-title-1732\" class=\"elementor-tab-title\" data-tab=\"2\" role=\"button\" aria-controls=\"elementor-tab-content-1732\" aria-expanded=\"false\">\n\t\t\t\t\t\t\t\t\t\t\t\t\t<span class=\"elementor-accordion-icon elementor-accordion-icon-left\" aria-hidden=\"true\">\n\t\t\t\t\t\t\t\t\t\t\t\t\t\t\t<span class=\"elementor-accordion-icon-closed\"><i class=\"fas fa-chevron-down\"><\/i><\/span>\n\t\t\t\t\t\t\t\t<span class=\"elementor-accordion-icon-opened\"><i class=\"fas fa-chevron-up\"><\/i><\/span>\n\t\t\t\t\t\t\t\t\t\t\t\t\t\t<\/span>\n\t\t\t\t\t\t\t\t\t\t\t\t<a class=\"elementor-accordion-title\" tabindex=\"0\">Korak 2: ALGO SPA aplikacija<\/a>\n\t\t\t\t\t<\/div>\n\t\t\t\t\t<div id=\"elementor-tab-content-1732\" class=\"elementor-tab-content elementor-clearfix\" data-tab=\"2\" role=\"region\" aria-labelledby=\"elementor-tab-title-1732\"><p><strong>ALGO SPA \u2013 ENERGIJA U\u017dIVO  <\/strong><\/p>\n<p>Uvucite dvodelno crno higijensko odelo, a zatim zlatni ALGO SPA (proces traje samo 1-2 minuta). Uklju\u010dite vreme (30-60 min) za \u017eeljeni efekat: <\/p>\n<ul>\n<li>Pre\u010di\u0161\u0107avanje i detoksikacija<\/li>\n<li>Drena\u017ea tela<\/li>\n<li>Ubrzanje metabolizma<\/li>\n<li>Smanjenje obima i zatezanje ko\u017ee<\/li>\n<li>Protiv napetosti mi\u0161i\u0107a i le\u0111a<\/li>\n<li>Protiv \u017ealbi na zglobove<\/li>\n<li>Ja\u010danje imunog sistema<\/li>\n<li>Regulisanje problema sa cirkulacijom<\/li>\n<li>Gubitak te\u017eine i anticelulit<\/li>\n<\/ul>\n<p>Ko mo\u017ee da koristi ALGO Spa?<\/p>\n<ul>\n<li>Privatno &#8211; svaki mu\u0161karac, svaka \u017eena do 135 kg i svako dijete od 10 godina<\/li>\n<li>\u0106irilica<\/li>\n<li>Studiji za masa\u017eu<\/li>\n<li>Hoteli i SPA<\/li>\n<li>Teretane<\/li>\n<li>Fizioterapeuti<\/li>\n<li>Domove<\/li>\n<li>Ambulante<\/li>\n<li>Rehabilitaciju<\/li>\n<li>Doktori<\/li>\n<li>Terme<\/li>\n<li>Vojska i vojska<\/li>\n<\/ul>\n<\/div>\n\t\t\t\t<\/div>\n\t\t\t\t\t\t\t<div class=\"elementor-accordion-item\">\n\t\t\t\t\t<div id=\"elementor-tab-title-1733\" class=\"elementor-tab-title\" data-tab=\"3\" role=\"button\" aria-controls=\"elementor-tab-content-1733\" aria-expanded=\"false\">\n\t\t\t\t\t\t\t\t\t\t\t\t\t<span class=\"elementor-accordion-icon elementor-accordion-icon-left\" aria-hidden=\"true\">\n\t\t\t\t\t\t\t\t\t\t\t\t\t\t\t<span class=\"elementor-accordion-icon-closed\"><i class=\"fas fa-chevron-down\"><\/i><\/span>\n\t\t\t\t\t\t\t\t<span class=\"elementor-accordion-icon-opened\"><i class=\"fas fa-chevron-up\"><\/i><\/span>\n\t\t\t\t\t\t\t\t\t\t\t\t\t\t<\/span>\n\t\t\t\t\t\t\t\t\t\t\t\t<a class=\"elementor-accordion-title\" tabindex=\"0\">Korak 3: FRESH aplikacija<\/a>\n\t\t\t\t\t<\/div>\n\t\t\t\t\t<div id=\"elementor-tab-content-1733\" class=\"elementor-tab-content elementor-clearfix\" data-tab=\"3\" role=\"region\" aria-labelledby=\"elementor-tab-title-1733\"><p><strong>Blagostanje, sve\u017eina i toniranje sa sve\u017eim solima \u0161vajcarskih Alpa<\/strong><\/p>\n<p>Nakon koraka 2, istu\u0161irajte se i osu\u0161ite se. Sada mo\u017eete naneti kremu FRESH na problemati\u010dna podru\u010dja, ili na celo telo ako vam je potreban intenzivniji efekat. Sve\u017ea krema nalik gelu koja izaziva lokalno pove\u0107anje metaboli\u010dke aktivnosti stimuli\u0161u\u0107i hladne receptore, nakon \u010dega sledi povr\u0161no adstrigentno dejstvo i reaguje.   Iz tih razloga, to je optimalan proizvod protiv celulita, ne\u010disto\u0107a, atonija tkiva i te\u017eine izazvane edemom. Efekat soli \u0161vajcarskih Alpa \u010dini vas i va\u0161 ceo organizam efikasnijim i rezerve se ponovo stvaraju.<\/p>\n<p>200 ml je dovoljno za 15-20 tretmana tela <strong>Cena CHF 95.00<\/strong><\/p>\n<\/div>\n\t\t\t\t<\/div>\n\t\t\t\t\t\t\t\t<\/div>\n\t\t\t\t\t\t<\/div>\n\t\t\t\t<\/div>\n\t\t\t\t\t<\/div>\n\t\t<\/div>\n\t\t\t\t<div class=\"elementor-column elementor-col-33 elementor-top-column elementor-element elementor-element-92937c1\" data-id=\"92937c1\" data-element_type=\"column\" data-e-type=\"column\">\n\t\t\t<div class=\"elementor-widget-wrap elementor-element-populated\">\n\t\t\t\t\t\t<div class=\"elementor-element elementor-element-c67fce7 elementor-widget elementor-widget-image-carousel\" data-id=\"c67fce7\" data-element_type=\"widget\" data-e-type=\"widget\" data-settings=\"{&quot;slides_to_show&quot;:&quot;1&quot;,&quot;navigation&quot;:&quot;none&quot;,&quot;lazyload&quot;:&quot;yes&quot;,&quot;pause_on_hover&quot;:&quot;no&quot;,&quot;pause_on_interaction&quot;:&quot;no&quot;,&quot;autoplay_speed&quot;:2500,&quot;speed&quot;:1000,&quot;autoplay&quot;:&quot;yes&quot;,&quot;infinite&quot;:&quot;yes&quot;,&quot;effect&quot;:&quot;slide&quot;}\" data-widget_type=\"image-carousel.default\">\n\t\t\t\t<div class=\"elementor-widget-container\">\n\t\t\t\t\t\t\t<div class=\"elementor-image-carousel-wrapper swiper\" role=\"region\" aria-roledescription=\"carousel\" aria-label=\"Bild Karussell\" dir=\"ltr\">\n\t\t\t<div class=\"elementor-image-carousel swiper-wrapper\" aria-live=\"off\">\n\t\t\t\t\t\t\t\t<div class=\"swiper-slide\" role=\"group\" aria-roledescription=\"slide\" aria-label=\"1 of 6\"><figure class=\"swiper-slide-inner\"><img class=\"swiper-slide-image swiper-lazy\" data-src=\"https:\/\/algo.swiss\/wp-content\/uploads\/2022\/09\/Dana_Sprung.png\" alt=\"Dana_Sprung\" \/><div class=\"swiper-lazy-preloader\"><\/div><\/figure><\/div><div class=\"swiper-slide\" role=\"group\" aria-roledescription=\"slide\" aria-label=\"2 of 6\"><figure class=\"swiper-slide-inner\"><img class=\"swiper-slide-image swiper-lazy\" data-src=\"https:\/\/algo.swiss\/wp-content\/uploads\/2022\/09\/FBK_Koffer.png\" alt=\"FBK_Koffer\" \/><div class=\"swiper-lazy-preloader\"><\/div><\/figure><\/div><div class=\"swiper-slide\" role=\"group\" aria-roledescription=\"slide\" aria-label=\"3 of 6\"><figure class=\"swiper-slide-inner\"><img class=\"swiper-slide-image swiper-lazy\" data-src=\"https:\/\/algo.swiss\/wp-content\/uploads\/2022\/09\/FBK_Vreni.png\" alt=\"FBK_Vreni\" \/><div class=\"swiper-lazy-preloader\"><\/div><\/figure><\/div><div class=\"swiper-slide\" role=\"group\" aria-roledescription=\"slide\" aria-label=\"4 of 6\"><figure class=\"swiper-slide-inner\"><img class=\"swiper-slide-image swiper-lazy\" data-src=\"https:\/\/algo.swiss\/wp-content\/uploads\/2022\/09\/Figura_Bella_Detox_Tube.png\" alt=\"Figura_Bella_Detox_Tube\" \/><div class=\"swiper-lazy-preloader\"><\/div><\/figure><\/div><div class=\"swiper-slide\" role=\"group\" aria-roledescription=\"slide\" aria-label=\"5 of 6\"><figure class=\"swiper-slide-inner\"><img class=\"swiper-slide-image swiper-lazy\" data-src=\"https:\/\/algo.swiss\/wp-content\/uploads\/2022\/09\/Dana_Lukas_Umfang.png\" alt=\"Dana_Lukas_Umfang\" \/><div class=\"swiper-lazy-preloader\"><\/div><\/figure><\/div><div class=\"swiper-slide\" role=\"group\" aria-roledescription=\"slide\" aria-label=\"6 of 6\"><figure class=\"swiper-slide-inner\"><img class=\"swiper-slide-image swiper-lazy\" data-src=\"https:\/\/algo.swiss\/wp-content\/uploads\/2022\/09\/Figura_Bella_Fresh_Tube.png\" alt=\"Figura_Bella_Fresh_Tube\" \/><div class=\"swiper-lazy-preloader\"><\/div><\/figure><\/div>\t\t\t<\/div>\n\t\t\t\t\t\t\t\n\t\t\t\t\t\t\t\t\t<\/div>\n\t\t\t\t\t\t<\/div>\n\t\t\t\t<\/div>\n\t\t\t\t\t<\/div>\n\t\t<\/div>\n\t\t\t\t\t<\/div>\n\t\t<\/section>\n\t\t\t\t<\/div>\n\t\t","protected":false},"excerpt":{"rendered":"<p>ALGO SPA paket Sada sa uvodnim popustom KSNUMKSk Detok krema 1k SVE\u017dA pavlaka KSNUMKSk higijensko odelo koje se mo\u017ee prati KSNUMKSk zlatno ALGO SPA odelo uklj. tro\u0161kovi isporuke u \u0160vajcarskoj sa porezom u prodavnicu Zatra\u017eite popust na koli\u010dinu i probni tretman u na\u0161em studiju. O konceptu ALGO Figura Bella Pravo intelektualne svojine br. 147203 Koncept [&hellip;]<\/p>\n","protected":false},"author":1,"featured_media":0,"parent":0,"menu_order":0,"comment_status":"closed","ping_status":"closed","template":"","meta":{"footnotes":""},"class_list":["post-1353","page","type-page","status-publish","hentry"],"_links":{"self":[{"href":"https:\/\/algo.swiss\/sr\/wp-json\/wp\/v2\/pages\/1353","targetHints":{"allow":["GET"]}}],"collection":[{"href":"https:\/\/algo.swiss\/sr\/wp-json\/wp\/v2\/pages"}],"about":[{"href":"https:\/\/algo.swiss\/sr\/wp-json\/wp\/v2\/types\/page"}],"author":[{"embeddable":true,"href":"https:\/\/algo.swiss\/sr\/wp-json\/wp\/v2\/users\/1"}],"replies":[{"embeddable":true,"href":"https:\/\/algo.swiss\/sr\/wp-json\/wp\/v2\/comments?post=1353"}],"version-history":[{"count":2,"href":"https:\/\/algo.swiss\/sr\/wp-json\/wp\/v2\/pages\/1353\/revisions"}],"predecessor-version":[{"id":1465,"href":"https:\/\/algo.swiss\/sr\/wp-json\/wp\/v2\/pages\/1353\/revisions\/1465"}],"wp:attachment":[{"href":"https:\/\/algo.swiss\/sr\/wp-json\/wp\/v2\/media?parent=1353"}],"curies":[{"name":"wp","href":"https:\/\/api.w.org\/{rel}","templated":true}]}}