{"id":1370,"date":"2022-09-02T15:47:26","date_gmt":"2022-09-02T13:47:26","guid":{"rendered":"https:\/\/algo.swiss\/karijera-posao\/"},"modified":"2025-01-19T21:35:04","modified_gmt":"2025-01-19T20:35:04","slug":"karijera-posao","status":"publish","type":"page","link":"https:\/\/algo.swiss\/sr\/karijera-posao\/","title":{"rendered":"Karijera \/ Posao"},"content":{"rendered":"\t\t<div data-elementor-type=\"wp-page\" data-elementor-id=\"1370\" class=\"elementor elementor-1370 elementor-343\" data-elementor-post-type=\"page\">\n\t\t\t\t\t\t<section class=\"elementor-section elementor-top-section elementor-element elementor-element-a05cc88 elementor-section-boxed elementor-section-height-default elementor-section-height-default\" data-id=\"a05cc88\" data-element_type=\"section\" data-e-type=\"section\">\n\t\t\t\t\t\t<div class=\"elementor-container elementor-column-gap-default\">\n\t\t\t\t\t<div class=\"elementor-column elementor-col-100 elementor-top-column elementor-element elementor-element-f5297ba\" data-id=\"f5297ba\" data-element_type=\"column\" data-e-type=\"column\">\n\t\t\t<div class=\"elementor-widget-wrap elementor-element-populated\">\n\t\t\t\t\t\t<div class=\"elementor-element elementor-element-dc5cc68 elementor-widget elementor-widget-text-editor\" data-id=\"dc5cc68\" data-element_type=\"widget\" data-e-type=\"widget\" data-widget_type=\"text-editor.default\">\n\t\t\t\t<div class=\"elementor-widget-container\">\n\t\t\t\t\t\t\t\t\t<p>Tra\u017eimo prodajne agente koji \u017eele da nau\u010de koncept ALGO Figura Bella sa skra\u0107enim ili punim radnim vremenom i \u017eele da planiraju dugoro\u010dnu karijeru kod nas. Ako ste pozitivni, komunikativni i prisutni, onda ste dobrodo\u0161li da nam se pridru\u017eite.   <\/p>\n\t\t\t\t\t\t\t\t<\/div>\n\t\t\t\t<\/div>\n\t\t\t\t<div class=\"elementor-element elementor-element-4136e1d elementor-widget elementor-widget-image-carousel\" data-id=\"4136e1d\" data-element_type=\"widget\" data-e-type=\"widget\" data-settings=\"{&quot;slides_to_show&quot;:&quot;1&quot;,&quot;navigation&quot;:&quot;none&quot;,&quot;pause_on_hover&quot;:&quot;no&quot;,&quot;pause_on_interaction&quot;:&quot;no&quot;,&quot;autoplay_speed&quot;:2500,&quot;speed&quot;:1000,&quot;autoplay&quot;:&quot;yes&quot;,&quot;infinite&quot;:&quot;yes&quot;,&quot;effect&quot;:&quot;slide&quot;}\" data-widget_type=\"image-carousel.default\">\n\t\t\t\t<div class=\"elementor-widget-container\">\n\t\t\t\t\t\t\t<div class=\"elementor-image-carousel-wrapper swiper\" role=\"region\" aria-roledescription=\"carousel\" aria-label=\"\u0412\u0440\u0442\u0435\u0448\u043a\u0430 \u0441\u043b\u0438\u043a\u0430\" dir=\"ltr\">\n\t\t\t<div class=\"elementor-image-carousel swiper-wrapper\" aria-live=\"off\">\n\t\t\t\t\t\t\t\t<div class=\"swiper-slide\" role=\"group\" aria-roledescription=\"slide\" aria-label=\"1 of 2\"><figure class=\"swiper-slide-inner\"><img decoding=\"async\" class=\"swiper-slide-image\" src=\"https:\/\/algo.swiss\/wp-content\/uploads\/2022\/09\/Team_2022.png\" alt=\"Team_2022\" \/><\/figure><\/div><div class=\"swiper-slide\" role=\"group\" aria-roledescription=\"slide\" aria-label=\"2 of 2\"><figure class=\"swiper-slide-inner\"><img decoding=\"async\" class=\"swiper-slide-image\" src=\"https:\/\/algo.swiss\/wp-content\/uploads\/2022\/09\/Studio.png\" alt=\"Studio\" \/><\/figure><\/div>\t\t\t<\/div>\n\t\t\t\t\t\t\t\n\t\t\t\t\t\t\t\t\t<\/div>\n\t\t\t\t\t\t<\/div>\n\t\t\t\t<\/div>\n\t\t\t\t\t<\/div>\n\t\t<\/div>\n\t\t\t\t\t<\/div>\n\t\t<\/section>\n\t\t\t\t<section class=\"elementor-section elementor-top-section elementor-element elementor-element-b7141de elementor-section-boxed elementor-section-height-default elementor-section-height-default\" data-id=\"b7141de\" data-element_type=\"section\" data-e-type=\"section\">\n\t\t\t\t\t\t<div class=\"elementor-container elementor-column-gap-default\">\n\t\t\t\t\t<div class=\"elementor-column elementor-col-50 elementor-top-column elementor-element elementor-element-8d0249c\" data-id=\"8d0249c\" data-element_type=\"column\" data-e-type=\"column\">\n\t\t\t<div class=\"elementor-widget-wrap elementor-element-populated\">\n\t\t\t\t\t\t<div class=\"elementor-element elementor-element-d290a33 elementor-widget elementor-widget-text-editor\" data-id=\"d290a33\" data-element_type=\"widget\" data-e-type=\"widget\" data-widget_type=\"text-editor.default\">\n\t\t\t\t<div class=\"elementor-widget-container\">\n\t\t\t\t\t\t\t\t\t<p><strong>Obuka na ALGO Akademiji lepote<\/strong><\/p>\n<p>Obuka kao telesni terapeut, konsultant za 3 dana<br \/>Sadr\u017eaj programa obuke:<br \/>\u2013 8 razli\u010ditih tretmana tela (teorija i praksa)<br \/>\u2013 Marketing i prodaja<br \/>\u2013 Osnivanje i vo\u0111enje sopstvenog kozmeti\u010dkog salona<br \/>\u2013 Ku\u0107ni tretmani \u2013 \u00abMobile Beauty\u00bb<br \/>\u2013 Podr\u0161ka tokom i nakon treninga<\/p>\n<p>Ciljna grupa<br \/>Odrasli stariji od 18 godina \u2013 Informacije o ceni: CHF 790.-<\/p>\n<p>Datum: pon-sub (zatvoreno nedeljom)<\/p>\n\t\t\t\t\t\t\t\t<\/div>\n\t\t\t\t<\/div>\n\t\t\t\t<div class=\"elementor-element elementor-element-3dc971f elementor-widget elementor-widget-image\" data-id=\"3dc971f\" data-element_type=\"widget\" data-e-type=\"widget\" data-widget_type=\"image.default\">\n\t\t\t\t<div class=\"elementor-widget-container\">\n\t\t\t\t\t\t\t\t\t\t\t\t\t\t\t<img fetchpriority=\"high\" decoding=\"async\" width=\"600\" height=\"600\" src=\"https:\/\/algo.swiss\/wp-content\/uploads\/2022\/09\/Studio_klein_V2.png\" class=\"attachment-full size-full wp-image-1214\" alt=\"\" srcset=\"https:\/\/algo.swiss\/wp-content\/uploads\/2022\/09\/Studio_klein_V2.png 600w, https:\/\/algo.swiss\/wp-content\/uploads\/2022\/09\/Studio_klein_V2-300x300.png 300w, https:\/\/algo.swiss\/wp-content\/uploads\/2022\/09\/Studio_klein_V2-100x100.png 100w, https:\/\/algo.swiss\/wp-content\/uploads\/2022\/09\/Studio_klein_V2-150x150.png 150w\" sizes=\"(max-width: 600px) 100vw, 600px\" \/>\t\t\t\t\t\t\t\t\t\t\t\t\t\t\t<\/div>\n\t\t\t\t<\/div>\n\t\t\t\t\t<\/div>\n\t\t<\/div>\n\t\t\t\t<div class=\"elementor-column elementor-col-50 elementor-top-column elementor-element elementor-element-276a150\" data-id=\"276a150\" data-element_type=\"column\" data-e-type=\"column\">\n\t\t\t<div class=\"elementor-widget-wrap elementor-element-populated\">\n\t\t\t\t\t\t<div class=\"elementor-element elementor-element-130f2eb elementor-widget elementor-widget-text-editor\" data-id=\"130f2eb\" data-element_type=\"widget\" data-e-type=\"widget\" data-widget_type=\"text-editor.default\">\n\t\t\t\t<div class=\"elementor-widget-container\">\n\t\t\t\t\t\t\t\t\t<p><strong>Samozapo\u0161ljavanje kao vlasnik licence<\/strong><\/p>\n<p>POKRENITE SOPSTVENI CENTAR LEPOTE I ZDRAVLJA!<\/p>\n<p>ALGO Beauti je uspe\u0161na kompanija u oblasti lepote i zdravlja i nudi vam ekskluzivnu mogu\u0107nost kupovine jednog od na\u0161ih centara.<br \/>Po\u010dinjete sa klju\u010d u ruke i profesionalno opremljen posao i da su u crnom od prvog dana rada!<br \/>Sa na\u0161im iskustvom i podr\u0161kom, mi \u0107emo vas dovesti do uspeha!<\/p>\n<p><strong>Na\u0161a ponuda<\/strong><\/p>\n<ul>\n<li>Klju\u010d u ruke u va\u0161em regionu<\/li>\n<li>Inovativne metode le\u010denja tela i lica.<\/li>\n<li>Razni najsavremeniji aparati za telo i lice.<\/li>\n<li>Visoko kvalitetan asortiman proizvoda<\/li>\n<li>Ciljana marketin\u0161ka ponuda<\/li>\n<li>Pratnja i obuka tokom prvih 6 meseci<\/li>\n<li>Neograni\u010dena savetodavna podr\u0161ka na\u0161eg stru\u010dnog osoblja<\/li>\n<\/ul>\n<p>Cena od CHF 30 000.-<\/p>\n\t\t\t\t\t\t\t\t<\/div>\n\t\t\t\t<\/div>\n\t\t\t\t\t<\/div>\n\t\t<\/div>\n\t\t\t\t\t<\/div>\n\t\t<\/section>\n\t\t\t\t<\/div>\n\t\t","protected":false},"excerpt":{"rendered":"<p>Tra\u017eimo prodajne agente koji \u017eele da nau\u010de koncept ALGO Figura Bella sa skra\u0107enim ili punim radnim vremenom i \u017eele da planiraju dugoro\u010dnu karijeru kod nas. Ako ste pozitivni, komunikativni i prisutni, onda ste dobrodo\u0161li da nam se pridru\u017eite. Obuka na ALGO Akademiji lepote Obuka kao telesni terapeut, konsultant za 3 danaSadr\u017eaj programa obuke:\u2013 8 razli\u010ditih [&hellip;]<\/p>\n","protected":false},"author":1,"featured_media":0,"parent":0,"menu_order":0,"comment_status":"closed","ping_status":"closed","template":"","meta":{"footnotes":""},"class_list":["post-1370","page","type-page","status-publish","hentry"],"_links":{"self":[{"href":"https:\/\/algo.swiss\/sr\/wp-json\/wp\/v2\/pages\/1370","targetHints":{"allow":["GET"]}}],"collection":[{"href":"https:\/\/algo.swiss\/sr\/wp-json\/wp\/v2\/pages"}],"about":[{"href":"https:\/\/algo.swiss\/sr\/wp-json\/wp\/v2\/types\/page"}],"author":[{"embeddable":true,"href":"https:\/\/algo.swiss\/sr\/wp-json\/wp\/v2\/users\/1"}],"replies":[{"embeddable":true,"href":"https:\/\/algo.swiss\/sr\/wp-json\/wp\/v2\/comments?post=1370"}],"version-history":[{"count":1,"href":"https:\/\/algo.swiss\/sr\/wp-json\/wp\/v2\/pages\/1370\/revisions"}],"predecessor-version":[{"id":1371,"href":"https:\/\/algo.swiss\/sr\/wp-json\/wp\/v2\/pages\/1370\/revisions\/1371"}],"wp:attachment":[{"href":"https:\/\/algo.swiss\/sr\/wp-json\/wp\/v2\/media?parent=1370"}],"curies":[{"name":"wp","href":"https:\/\/api.w.org\/{rel}","templated":true}]}}