{"id":1385,"date":"2022-09-09T19:26:41","date_gmt":"2022-09-09T17:26:41","guid":{"rendered":"https:\/\/algo.swiss\/otisak\/"},"modified":"2025-01-19T21:39:13","modified_gmt":"2025-01-19T20:39:13","slug":"otisak","status":"publish","type":"page","link":"https:\/\/algo.swiss\/sr\/otisak\/","title":{"rendered":"Otisak"},"content":{"rendered":"\t\t<div data-elementor-type=\"wp-page\" data-elementor-id=\"1385\" class=\"elementor elementor-1385 elementor-664\" data-elementor-post-type=\"page\">\n\t\t\t\t\t\t<section class=\"elementor-section elementor-top-section elementor-element elementor-element-b59346d elementor-section-boxed elementor-section-height-default elementor-section-height-default\" data-id=\"b59346d\" data-element_type=\"section\" data-e-type=\"section\">\n\t\t\t\t\t\t<div class=\"elementor-container elementor-column-gap-default\">\n\t\t\t\t\t<div class=\"elementor-column elementor-col-100 elementor-top-column elementor-element elementor-element-8c12c98\" data-id=\"8c12c98\" data-element_type=\"column\" data-e-type=\"column\">\n\t\t\t<div class=\"elementor-widget-wrap elementor-element-populated\">\n\t\t\t\t\t\t<div class=\"elementor-element elementor-element-dd0a722 elementor-widget elementor-widget-heading\" data-id=\"dd0a722\" data-element_type=\"widget\" data-e-type=\"widget\" data-widget_type=\"heading.default\">\n\t\t\t\t<div class=\"elementor-widget-container\">\n\t\t\t\t\t<h2 class=\"elementor-heading-title elementor-size-default\">Otisak<\/h2>\t\t\t\t<\/div>\n\t\t\t\t<\/div>\n\t\t\t\t<div class=\"elementor-element elementor-element-2ba73b7 elementor-widget elementor-widget-html\" data-id=\"2ba73b7\" data-element_type=\"widget\" data-e-type=\"widget\" data-widget_type=\"html.default\">\n\t\t\t\t<div class=\"elementor-widget-container\">\n\t\t\t\t\t<p><strong><i>Kontakt adresa<\/i><\/strong><\/p><p>Algo lepota AVESTA<br>Ostring 44<br>8105 Regensdorf<br>\u0160vajcarska<\/p><p>E-po\u0161ta:<br>info@algo-beauty.ch \/ info@algo.swiss<\/p><br><br><p><strong><i>Ovla\u0161\u0107eno lice (a)<\/i><\/strong><\/p>Dana Aleksandri\u0107, generalni direktor<br><br><p><strong><i>Upis u privredni registar<\/i><\/strong><\/p>Registrovani naziv kompanije:<br><strong>Algo lepota AVESTA<\/strong><br><br>ID kompanije (UID):<br><strong>\u0426E-206.165.037<\/strong><br><br><p>PDV broj<br><strong>CHE-206.165.037 MWST<\/strong><br><br><br><\/p><p><strong><i>Izjava o odricanju od odgovornosti<\/i><\/strong><\/p>Autor ne preuzima nikakvu odgovornost u pogledu ispravnosti, ta\u010dnosti, aktuelnosti, pouzdanosti i potpunosti informacija.<p>Zahtevi za odgovornost prema autoru za materijalnu ili nematerijalnu \u0161tetu nastalu usled pristupa ili kori\u0161\u0107enja ili nekori\u0161\u0107enja objavljenih informacija, zloupotrebe veze ili tehni\u010dkih kvarova su isklju\u010deni.<\/p><p>Sve ponude su neobavezuju\u0107e. Autor izri\u010dito zadr\u017eava pravo da promeni, dopuni ili izbri\u0161e delove stranica ili celokupnu ponudu bez posebne najave ili da privremeno ili trajno prekine objavljivanje. <\/p><br><br><p><strong><i>Odricanje od odgovornosti za linkove<\/i><\/strong><\/p><p>Reference i linkovi na veb stranice tre\u0107ih strana su izvan na\u0161e oblasti odgovornosti. Svaka odgovornost za takve sajtove je odbijen. Pristup i kori\u0161\u0107enje takvih sajtova je na sopstveni rizik korisnika.  <\/p><br><br><p><strong><i>Autorska prava<\/i><\/strong><\/p><p>Autorska prava i sva druga prava na sadr\u017eaj, slike, fotografije ili druge datoteke na ovom sajtu pripadaju isklju\u010divo <strong>kompaniji Algo Beauti AVESTA<\/strong> ili posebno imenovanim nosiocima prava. Za reprodukciju bilo kog elementa, unapred se mora dobiti pismena saglasnost nosioca autorskih prava. <\/p><br><!--ACHTUNG: Wenn Sie die Quelle ohne Erlaubnis von SwissAnwalt entfernen, dann begehen Sie eine Urheberrechtsverletzung welche in jedem Fall geahndet wird.-->Izvor: <a href=\"https:\/\/www.swissanwalt.ch\" target=\"_blank\" rel=\"noopener\">SwissAnwalt<\/a><!--Bitte beachten Sie die AGB von SwissAnwalt betreffend allf&auml;llig anfallenden Kosten bei Weglassen der Quelle!-->\t\t\t\t<\/div>\n\t\t\t\t<\/div>\n\t\t\t\t\t<\/div>\n\t\t<\/div>\n\t\t\t\t\t<\/div>\n\t\t<\/section>\n\t\t\t\t<\/div>\n\t\t","protected":false},"excerpt":{"rendered":"<p>Otisak Kontakt adresa Algo lepota AVESTAOstring 448105 Regensdorf\u0160vajcarska E-po\u0161ta:info@algo-beauty.ch \/ info@algo.swiss Ovla\u0161\u0107eno lice (a) Dana Aleksandri\u0107, generalni direktor Upis u privredni registar Registrovani naziv kompanije:Algo lepota AVESTA ID kompanije (UID):\u0426E-206.165.037 PDV brojCHE-206.165.037 MWST Izjava o odricanju od odgovornosti Autor ne preuzima nikakvu odgovornost u pogledu ispravnosti, ta\u010dnosti, aktuelnosti, pouzdanosti i potpunosti informacija. Zahtevi za odgovornost [&hellip;]<\/p>\n","protected":false},"author":1,"featured_media":0,"parent":0,"menu_order":0,"comment_status":"closed","ping_status":"closed","template":"","meta":{"footnotes":""},"class_list":["post-1385","page","type-page","status-publish","hentry"],"_links":{"self":[{"href":"https:\/\/algo.swiss\/sr\/wp-json\/wp\/v2\/pages\/1385","targetHints":{"allow":["GET"]}}],"collection":[{"href":"https:\/\/algo.swiss\/sr\/wp-json\/wp\/v2\/pages"}],"about":[{"href":"https:\/\/algo.swiss\/sr\/wp-json\/wp\/v2\/types\/page"}],"author":[{"embeddable":true,"href":"https:\/\/algo.swiss\/sr\/wp-json\/wp\/v2\/users\/1"}],"replies":[{"embeddable":true,"href":"https:\/\/algo.swiss\/sr\/wp-json\/wp\/v2\/comments?post=1385"}],"version-history":[{"count":1,"href":"https:\/\/algo.swiss\/sr\/wp-json\/wp\/v2\/pages\/1385\/revisions"}],"predecessor-version":[{"id":1386,"href":"https:\/\/algo.swiss\/sr\/wp-json\/wp\/v2\/pages\/1385\/revisions\/1386"}],"wp:attachment":[{"href":"https:\/\/algo.swiss\/sr\/wp-json\/wp\/v2\/media?parent=1385"}],"curies":[{"name":"wp","href":"https:\/\/api.w.org\/{rel}","templated":true}]}}