{"id":1233,"date":"2022-09-01T18:24:24","date_gmt":"2022-09-01T16:24:24","guid":{"rendered":"https:\/\/algo.swiss\/shop\/%d0%bf%d0%b2%d1%86-%d0%b0%d0%bb%d0%b3%d0%be-%d1%81%d0%bf%d0%b0-%d0%be%d0%b4%d0%b5%d0%bb%d0%be-%d0%b1%d1%80-%d0%ba%d1%81%d0%bd%d1%83%d0%bc%d0%ba%d1%81-%d1%85%d0%b8%d0%b3%d0%b8%d1%98%d0%b5%d0%bd\/"},"modified":"2025-01-19T21:33:25","modified_gmt":"2025-01-19T20:33:25","slug":"%d0%bf%d0%b2%d1%86-%d0%b0%d0%bb%d0%b3%d0%be-%d1%81%d0%bf%d0%b0-%d0%be%d0%b4%d0%b5%d0%bb%d0%be-%d0%b1%d1%80-%d0%ba%d1%81%d0%bd%d1%83%d0%bc%d0%ba%d1%81-%d1%85%d0%b8%d0%b3%d0%b8%d1%98%d0%b5%d0%bd","status":"publish","type":"product","link":"https:\/\/algo.swiss\/sr\/shop\/%d0%bf%d0%b2%d1%86-%d0%b0%d0%bb%d0%b3%d0%be-%d1%81%d0%bf%d0%b0-%d0%be%d0%b4%d0%b5%d0%bb%d0%be-%d0%b1%d1%80-%d0%ba%d1%81%d0%bd%d1%83%d0%bc%d0%ba%d1%81-%d1%85%d0%b8%d0%b3%d0%b8%d1%98%d0%b5%d0%bd\/","title":{"rendered":"PVC-ALGO spa odelo br KSNUMKS &#8211; higijensko odelo"},"content":{"rendered":"","protected":false},"excerpt":{"rendered":"<ul>\n<li>PVC<\/li>\n<li>mo\u017ee se prati na maksimalno 30 &#8211; 40 \u00b0C<\/li>\n<li>Mogu\u0107e ma\u0161ine za su\u0161enje ve\u0161a<\/li>\n<\/ul>\n","protected":false},"featured_media":1234,"template":"","meta":[],"product_brand":[],"product_cat":[62],"product_tag":[],"class_list":{"0":"post-1233","1":"product","2":"type-product","3":"status-publish","4":"has-post-thumbnail","6":"product_cat-62","7":"product_shipping_class-63","9":"first","10":"instock","11":"taxable","12":"shipping-taxable","13":"purchasable","14":"product-type-simple"},"_links":{"self":[{"href":"https:\/\/algo.swiss\/sr\/wp-json\/wp\/v2\/product\/1233","targetHints":{"allow":["GET"]}}],"collection":[{"href":"https:\/\/algo.swiss\/sr\/wp-json\/wp\/v2\/product"}],"about":[{"href":"https:\/\/algo.swiss\/sr\/wp-json\/wp\/v2\/types\/product"}],"wp:featuredmedia":[{"embeddable":true,"href":"https:\/\/algo.swiss\/sr\/wp-json\/wp\/v2\/media\/1234"}],"wp:attachment":[{"href":"https:\/\/algo.swiss\/sr\/wp-json\/wp\/v2\/media?parent=1233"}],"wp:term":[{"taxonomy":"product_brand","embeddable":true,"href":"https:\/\/algo.swiss\/sr\/wp-json\/wp\/v2\/product_brand?post=1233"},{"taxonomy":"product_cat","embeddable":true,"href":"https:\/\/algo.swiss\/sr\/wp-json\/wp\/v2\/product_cat?post=1233"},{"taxonomy":"product_tag","embeddable":true,"href":"https:\/\/algo.swiss\/sr\/wp-json\/wp\/v2\/product_tag?post=1233"}],"curies":[{"name":"wp","href":"https:\/\/api.w.org\/{rel}","templated":true}]}}