{"id":1235,"date":"2022-09-01T18:32:59","date_gmt":"2022-09-01T16:32:59","guid":{"rendered":"https:\/\/algo.swiss\/shop\/%d0%b4%d0%b5%d1%82%d0%be%d0%ba%d1%81%d0%b8%d0%ba%d0%b0%d1%86%d0%b8%d1%98%d0%b0-%d0%b1%d1%80-1-200-%d0%bc%d0%bb\/"},"modified":"2025-01-19T21:33:27","modified_gmt":"2025-01-19T20:33:27","slug":"%d0%b4%d0%b5%d1%82%d0%be%d0%ba%d1%81%d0%b8%d0%ba%d0%b0%d1%86%d0%b8%d1%98%d0%b0-%d0%b1%d1%80-1-200-%d0%bc%d0%bb","status":"publish","type":"product","link":"https:\/\/algo.swiss\/sr\/shop\/%d0%b4%d0%b5%d1%82%d0%be%d0%ba%d1%81%d0%b8%d0%ba%d0%b0%d1%86%d0%b8%d1%98%d0%b0-%d0%b1%d1%80-1-200-%d0%bc%d0%bb\/","title":{"rendered":"DETOKSIKACIJA br. 1 (200 ml)"},"content":{"rendered":"","protected":false},"excerpt":{"rendered":"<p><strong>Detoksikacija tela sa DETOKS-om iz soli \u0161vajcarskih Alpa<\/strong><\/p>\n<p>Krema sa dejstvom protiv celulita, masnih naslaga, edema i ne\u010disto\u0107a. Formula sadr\u017ei me\u0161avinu aktivnih sastojaka koji se bore protiv bolesti na vi\u0161e frontova. Ekstrakt spiruline, karnitin i kofein stimuli\u0161u lipolizu. Spirulina ja\u010da i restrukturira, dok karnitin vr\u0161i za\u0161titnu vaskularnu aktivnost. \u0160vajcarske Alpske soli ubrzavaju metabolizam ko\u017ee, \u0161to je pogodno za svakodnevnu upotrebu uz intenzivniju i ne\u017eniju detoksikaciju. <strong>Aplikacije:<\/strong><br \/>\nNanesite na o\u010di\u0161\u0107enu ko\u017eu po celom telu osim lica i masirajte dok se krema potpuno ne upije<br \/>\n.200 ml je dovoljno za cca. 15 &#8211; 20 telesnih aplikacija    <\/p>\n","protected":false},"featured_media":1236,"template":"","meta":[],"product_brand":[],"product_cat":[62],"product_tag":[],"class_list":{"0":"post-1235","1":"product","2":"type-product","3":"status-publish","4":"has-post-thumbnail","6":"product_cat-62","7":"product_shipping_class-63","9":"first","10":"instock","11":"taxable","12":"shipping-taxable","13":"purchasable","14":"product-type-simple"},"_links":{"self":[{"href":"https:\/\/algo.swiss\/sr\/wp-json\/wp\/v2\/product\/1235","targetHints":{"allow":["GET"]}}],"collection":[{"href":"https:\/\/algo.swiss\/sr\/wp-json\/wp\/v2\/product"}],"about":[{"href":"https:\/\/algo.swiss\/sr\/wp-json\/wp\/v2\/types\/product"}],"wp:featuredmedia":[{"embeddable":true,"href":"https:\/\/algo.swiss\/sr\/wp-json\/wp\/v2\/media\/1236"}],"wp:attachment":[{"href":"https:\/\/algo.swiss\/sr\/wp-json\/wp\/v2\/media?parent=1235"}],"wp:term":[{"taxonomy":"product_brand","embeddable":true,"href":"https:\/\/algo.swiss\/sr\/wp-json\/wp\/v2\/product_brand?post=1235"},{"taxonomy":"product_cat","embeddable":true,"href":"https:\/\/algo.swiss\/sr\/wp-json\/wp\/v2\/product_cat?post=1235"},{"taxonomy":"product_tag","embeddable":true,"href":"https:\/\/algo.swiss\/sr\/wp-json\/wp\/v2\/product_tag?post=1235"}],"curies":[{"name":"wp","href":"https:\/\/api.w.org\/{rel}","templated":true}]}}