{"id":1241,"date":"2022-09-02T16:34:55","date_gmt":"2022-09-02T14:34:55","guid":{"rendered":"https:\/\/algo.swiss\/shop\/%d1%84%d1%80%d0%b5%d1%81%d1%85-%d0%bd%d0%be-2-200-%d0%bc%d0%bb\/"},"modified":"2025-01-19T21:35:03","modified_gmt":"2025-01-19T20:35:03","slug":"%d1%84%d1%80%d0%b5%d1%81%d1%85-%d0%bd%d0%be-2-200-%d0%bc%d0%bb","status":"publish","type":"product","link":"https:\/\/algo.swiss\/sr\/shop\/%d1%84%d1%80%d0%b5%d1%81%d1%85-%d0%bd%d0%be-2-200-%d0%bc%d0%bb\/","title":{"rendered":"FRESH No. 2 (200 ml)"},"content":{"rendered":"","protected":false},"excerpt":{"rendered":"<p><strong>Blagostanje, sve\u017eina i toniranje sa sve\u017eim solima<\/strong><br \/>\n\u0161vajcarskih AlpaSve\u017ei gel na bazi prirodnog mentola pove\u0107ava lokalnu metaboli\u010dku aktivnost stimuli\u0161u\u0107i hladne receptore, nakon \u010dega sledi vazokonstriktivni efekat. Zbog neposrednog ose\u0107aja sve\u017eine i blagostanja, proizvod je optimalan protiv ne\u010disto\u0107a celulita, atonije tkiva i te\u017eine zbog edema.<\/p>\n<p><strong>Aplikacije:<\/strong><br \/>\nNanesite proizvod na podru\u010dja koja se tretiraju i masirajte dok se potpuno ne apsorbuje. Efekat hla\u0111enja traje oko 30-40 minuta.<br \/>\n200 ml je dovoljno za cca. 15 &#8211; 20 telesnih aplikacija <\/p>\n","protected":false},"featured_media":1242,"template":"","meta":[],"product_brand":[],"product_cat":[62],"product_tag":[],"class_list":{"0":"post-1241","1":"product","2":"type-product","3":"status-publish","4":"has-post-thumbnail","6":"product_cat-62","7":"product_shipping_class-63","9":"first","10":"instock","11":"taxable","12":"shipping-taxable","13":"purchasable","14":"product-type-simple"},"_links":{"self":[{"href":"https:\/\/algo.swiss\/sr\/wp-json\/wp\/v2\/product\/1241","targetHints":{"allow":["GET"]}}],"collection":[{"href":"https:\/\/algo.swiss\/sr\/wp-json\/wp\/v2\/product"}],"about":[{"href":"https:\/\/algo.swiss\/sr\/wp-json\/wp\/v2\/types\/product"}],"wp:featuredmedia":[{"embeddable":true,"href":"https:\/\/algo.swiss\/sr\/wp-json\/wp\/v2\/media\/1242"}],"wp:attachment":[{"href":"https:\/\/algo.swiss\/sr\/wp-json\/wp\/v2\/media?parent=1241"}],"wp:term":[{"taxonomy":"product_brand","embeddable":true,"href":"https:\/\/algo.swiss\/sr\/wp-json\/wp\/v2\/product_brand?post=1241"},{"taxonomy":"product_cat","embeddable":true,"href":"https:\/\/algo.swiss\/sr\/wp-json\/wp\/v2\/product_cat?post=1241"},{"taxonomy":"product_tag","embeddable":true,"href":"https:\/\/algo.swiss\/sr\/wp-json\/wp\/v2\/product_tag?post=1241"}],"curies":[{"name":"wp","href":"https:\/\/api.w.org\/{rel}","templated":true}]}}