{"id":1249,"date":"2022-09-09T08:52:54","date_gmt":"2022-09-09T06:52:54","guid":{"rendered":"https:\/\/algo.swiss\/shop\/%d1%83%d0%b5%d0%bb%d0%bd%d0%b5%d1%81-%d1%86%d0%be%d0%bc%d0%b1%d0%be\/"},"modified":"2025-01-19T21:37:06","modified_gmt":"2025-01-19T20:37:06","slug":"%d1%83%d0%b5%d0%bb%d0%bd%d0%b5%d1%81-%d1%86%d0%be%d0%bc%d0%b1%d0%be","status":"publish","type":"product","link":"https:\/\/algo.swiss\/sr\/shop\/%d1%83%d0%b5%d0%bb%d0%bd%d0%b5%d1%81-%d1%86%d0%be%d0%bc%d0%b1%d0%be\/","title":{"rendered":"Uelnes Combo"},"content":{"rendered":"","protected":false},"excerpt":{"rendered":"<p><strong> KSNUMKSk DETOK No.KSNUMKS + KSNUMKSk higijensko odijelo + KSNUMKSk FRESH No.KSNUMKS <\/strong><\/p>\n<p> <strong> Detoksikacija tela DETOK sa \u0161vajcarskim alpskim solima<\/strong><br \/>\nKrema sa dejstvom protiv celulita, masnih naslaga, edema i ne\u010disto\u0107a. Formula sadr\u017ei me\u0161avinu aktivnih sastojaka koji se bore protiv bolesti na vi\u0161e frontova. Ekstrakt spiruline, karnitin i kofein stimuli\u0161u lipolizu. Spirulina ja\u010da i restrukturira, dok karnitin vr\u0161i za\u0161titnu vaskularnu aktivnost. <strong>\u0160vajcarske Alpske soli ubrzavaju<\/strong> metabolizam ko\u017ee, \u0161to je pogodno za svakodnevnu upotrebu uz intenzivniju i ne\u017eniju detoksikaciju.<\/p>\n<p><strong>Primena<\/strong>: Nanesite DETOK No.KSNUMKS i stavite higijensko odelo. Efektivno vreme 30 do 60 minuta.<\/p>\n<p><strong>Blagostanje, sve\u017eina i toniranje FRESH sa \u0161vajcarskim alpskim solima<\/strong><br \/>\nIstu\u0161irajte se i osu\u0161ite. Sada mo\u017eete naneti FRESH N\u00b02 kremu na problemati\u010dna podru\u010dja, ili na celo telo ako \u017eelite intenzivniji efekat. Gel-kao FRESH No.2 Krema koja izaziva lokalno pove\u0107anje metaboli\u010dke aktivnosti stimuli\u0161u\u0107i hladne receptore, nakon \u010dega sledi povr\u0161inski adstrigentni efekat i reakcija. Iz tih razloga, to je optimalan proizvod protiv celulita, ne\u010disto\u0107a, atonija tkiva i te\u017eine izazvane edemom. Efekat soli \u0161vajcarskih Alpa \u010dini vas i va\u0161 ceo organizam efikasnijim, a rezerve se obnavljaju.<\/p>\n","protected":false},"featured_media":1250,"template":"","meta":[],"product_brand":[],"product_cat":[62],"product_tag":[],"class_list":{"0":"post-1249","1":"product","2":"type-product","3":"status-publish","4":"has-post-thumbnail","6":"product_cat-62","7":"product_shipping_class-63","9":"first","10":"instock","11":"taxable","12":"shipping-taxable","13":"purchasable","14":"product-type-simple"},"_links":{"self":[{"href":"https:\/\/algo.swiss\/sr\/wp-json\/wp\/v2\/product\/1249","targetHints":{"allow":["GET"]}}],"collection":[{"href":"https:\/\/algo.swiss\/sr\/wp-json\/wp\/v2\/product"}],"about":[{"href":"https:\/\/algo.swiss\/sr\/wp-json\/wp\/v2\/types\/product"}],"wp:featuredmedia":[{"embeddable":true,"href":"https:\/\/algo.swiss\/sr\/wp-json\/wp\/v2\/media\/1250"}],"wp:attachment":[{"href":"https:\/\/algo.swiss\/sr\/wp-json\/wp\/v2\/media?parent=1249"}],"wp:term":[{"taxonomy":"product_brand","embeddable":true,"href":"https:\/\/algo.swiss\/sr\/wp-json\/wp\/v2\/product_brand?post=1249"},{"taxonomy":"product_cat","embeddable":true,"href":"https:\/\/algo.swiss\/sr\/wp-json\/wp\/v2\/product_cat?post=1249"},{"taxonomy":"product_tag","embeddable":true,"href":"https:\/\/algo.swiss\/sr\/wp-json\/wp\/v2\/product_tag?post=1249"}],"curies":[{"name":"wp","href":"https:\/\/api.w.org\/{rel}","templated":true}]}}