{"id":1251,"date":"2022-09-09T08:37:43","date_gmt":"2022-09-09T06:37:43","guid":{"rendered":"https:\/\/algo.swiss\/shop\/%d1%82%d0%b5%d0%bb%d0%be-%d0%bf%d1%80%d0%b5%d1%82%d0%bf%d0%bb%d0%b0%d1%82%d0%b0-8-%d1%82%d1%80%d0%b5%d1%82%d0%bc%d0%b0%d0%bd%d0%b0\/"},"modified":"2025-01-19T21:36:27","modified_gmt":"2025-01-19T20:36:27","slug":"%d1%82%d0%b5%d0%bb%d0%be-%d0%bf%d1%80%d0%b5%d1%82%d0%bf%d0%bb%d0%b0%d1%82%d0%b0-8-%d1%82%d1%80%d0%b5%d1%82%d0%bc%d0%b0%d0%bd%d0%b0","status":"publish","type":"product","link":"https:\/\/algo.swiss\/sr\/shop\/%d1%82%d0%b5%d0%bb%d0%be-%d0%bf%d1%80%d0%b5%d1%82%d0%bf%d0%bb%d0%b0%d1%82%d0%b0-8-%d1%82%d1%80%d0%b5%d1%82%d0%bc%d0%b0%d0%bd%d0%b0\/","title":{"rendered":"Telo Pretplata (8 tretmana)"},"content":{"rendered":"","protected":false},"excerpt":{"rendered":"<p><strong>O\u010cISTITE, DETOKSIFIKUJTE, SMR\u0160AVITE I ZATEGNITE TKIVO!<\/strong><\/p>\n<p>U potrazi za optimalnim sistemom za pro\u010di\u0161\u0107avanje, detoksikaciju, toniranje i ciljani gubitak te\u017eine, uveli smo <strong>preko KSNUMKS razli\u010ditih tretmana tela<\/strong> i prona\u0161li odgovor: Na\u0161e razli\u010dite instrumentalne aplikacije u kombinaciji sa prirodnim detoksikacijskim tretmanima tela posti\u017eu najbolje rezultate i na potpuno prirodan na\u010din. To uklju\u010duje ciljani gubitak te\u017eine i problemati\u010dna podru\u010dja kao \u0161to su abdomen, kukovi, zadnjica i butine, smanjenje celulita, promocija cirkulacije krvi. Tretmani imaju opu\u0161taju\u0107e, diuretik, metabolizam-poja\u010davanje, zatezanje tkiva, antispazmodik efekat i ja\u010daju imuni sistem.<\/p>\n<p>Besplatne konsultacije i tretmani se obavljaju u ALGO Beauti, Tramstrasse 3, 8050 Cirih. Info + imenovanja na 044 558 80 88, <a href=\"mailto:info@algo-beauty.ch\">info@algo-beauty.ch<\/a>.<\/p>\n","protected":false},"featured_media":1252,"template":"","meta":[],"product_brand":[],"product_cat":[62],"product_tag":[],"class_list":{"0":"post-1251","1":"product","2":"type-product","3":"status-publish","4":"has-post-thumbnail","6":"product_cat-62","7":"product_shipping_class-63","9":"first","10":"instock","11":"virtual","12":"taxable","13":"purchasable","14":"product-type-simple"},"_links":{"self":[{"href":"https:\/\/algo.swiss\/sr\/wp-json\/wp\/v2\/product\/1251","targetHints":{"allow":["GET"]}}],"collection":[{"href":"https:\/\/algo.swiss\/sr\/wp-json\/wp\/v2\/product"}],"about":[{"href":"https:\/\/algo.swiss\/sr\/wp-json\/wp\/v2\/types\/product"}],"wp:featuredmedia":[{"embeddable":true,"href":"https:\/\/algo.swiss\/sr\/wp-json\/wp\/v2\/media\/1252"}],"wp:attachment":[{"href":"https:\/\/algo.swiss\/sr\/wp-json\/wp\/v2\/media?parent=1251"}],"wp:term":[{"taxonomy":"product_brand","embeddable":true,"href":"https:\/\/algo.swiss\/sr\/wp-json\/wp\/v2\/product_brand?post=1251"},{"taxonomy":"product_cat","embeddable":true,"href":"https:\/\/algo.swiss\/sr\/wp-json\/wp\/v2\/product_cat?post=1251"},{"taxonomy":"product_tag","embeddable":true,"href":"https:\/\/algo.swiss\/sr\/wp-json\/wp\/v2\/product_tag?post=1251"}],"curies":[{"name":"wp","href":"https:\/\/api.w.org\/{rel}","templated":true}]}}