{"id":1255,"date":"2022-11-30T21:35:46","date_gmt":"2022-11-30T20:35:46","guid":{"rendered":"https:\/\/algo.swiss\/shop\/%d0%bc%d0%be%d1%80%d0%b8%d0%bd%d0%b3%d0%b0-%d1%81%d0%b5%d0%bc%d0%b5%d0%bd%d0%b0\/"},"modified":"2025-01-19T21:33:26","modified_gmt":"2025-01-19T20:33:26","slug":"%d0%bc%d0%be%d1%80%d0%b8%d0%bd%d0%b3%d0%b0-%d1%81%d0%b5%d0%bc%d0%b5%d0%bd%d0%b0","status":"publish","type":"product","link":"https:\/\/algo.swiss\/sr\/shop\/%d0%bc%d0%be%d1%80%d0%b8%d0%bd%d0%b3%d0%b0-%d1%81%d0%b5%d0%bc%d0%b5%d0%bd%d0%b0\/","title":{"rendered":"Moringa semena"},"content":{"rendered":"","protected":false},"excerpt":{"rendered":"<p><a href=\"https:\/\/www.facebook.com\/1023412924369951\/videos\/239185696993996\/?extid=NS-UNK-UNK-UNK-AN_GK0T-GK1C\" target=\"_blank\" rel=\"noopener\">Na video GALILEO u vezi semena moringe<\/a><\/p>\n<p><strong>Efekat i doziranje:<\/strong><\/p>\n<ul>\n<li>BIO sertifikovan FSSC 22000<\/li>\n<li>Vegan<\/li>\n<li>Ko\u0161er sertifikovan<\/li>\n<\/ul>\n<p>Seme drveta rena (Moringa oleifera) dolazi iz Ju\u017ene Afrike. Seme moringe pogodno je za uzgoj sopstvenog drveta Moringe. Seme se tako\u0111e mo\u017ee jesti sirovo, pe\u010deno, kuvano ili kao klice. \u010cak i tlo, oni oboga\u0107uju mnoge pripreme. Ukus semena je intenzivno gorko-sladak. Seme moringe je jedino prirodno \u010dudo koje \u010dini prljavu vodu pitkom. Nezavisne laboratorije i 700 studija pokazale su da mogu filtrirati pola litre najprljavije vode sa jednim ili dva mlevena semena moringe i u\u010diniti je pitkom nakon samo jednog sata. Tako\u0111e mo\u017eete jesti ove olju\u0161tene semenke i regenerisati i izle\u010diti celo telo. <strong>Zdravstveni efekti semena Moringe:<\/strong><br \/>\nVisok sadr\u017eaj vlakana u semenu moringe \u010dini da se ose\u0107ate puno, zauzeto i \u010disti probavni sistem. Osu\u0161eno seme tako\u0111e poma\u017ee da ima pozitivan efekat na metabolizam: Bioaktivni sastojci poma\u017eu, na primer, da:       <\/p>\n<ul>\n<li>sni\u017eavaju nivo \u0161e\u0107era u krvi i lipida u krvi, pa \u010dak i podr\u017eavaju terapiju u slu\u010daju dijabetesa,<\/li>\n<li>nadoknaditi nedostatke minerala i elemenata u tragovima, kao \u0161to su cink, gvo\u017e\u0111e ili kalcijum,<\/li>\n<li>degenerativni, bolne inflamatorne bolesti mi\u0161i\u0107no-skeletnog sistema i postoje dokazi da<\/li>\n<li>sastojci uzrokuju \u0107elijsku smrt tumorskih \u0107elija.<\/li>\n<\/ul>\n<p>Vitamini, minerali i skoro 30 razli\u010ditih antioksidanata \u010dine seme pravom bombom protiv starenja. Antiinflamatorna, antioksidativna i antisepti\u010dka svojstva semena moringe tako\u0111e poma\u017eu kod ko\u017enih bolesti kao \u0161to su ekcem, neurodermatitis, psorijaza: ko\u017ea mo\u017ee da skladi\u0161ti vi\u0161e vlage i oporavi se. <\/p>\n<p><strong>Kako se uzimaju sjemenke Moringe?<\/strong><br \/>\nMoringa semena treba smatrati kao neku vrstu pasulja ili gra\u0161ka povr\u0107a kada je sve\u017ee. Ali postoje i drugi na\u010dini da se to koristi. Ukus je potpuno druga\u010diji od ora\u0161astih plodova ili semenki. Visok udeo vlakana i supstanci kao \u0161to su glikozidi senfnog ulja, zajedno sa nekim drugim sastojcima, \u010dine ga hranom sa sna\u017enim efektom &#8222;\u010di\u0161\u0107enja&#8220;. Pored toga, postoje i neki drugi sastojci, pozitivno nabijeni, proteini rastvorljivi u vodi koji vezuju zaga\u0111iva\u010de u vodi. Pored toga, postoje antibakterijske supstance. Sve ovo \u010dini seme mo\u0107an filter za zaga\u0111enu vodu. Seme tako\u0111e vezuje sve vrste toksina, mikroorganizama i &#8222;otpadnih proizvoda&#8220; u telu. Stoga, ako ih pojedete previ\u0161e na po\u010detku, pro\u0107i \u0107ete kroz grubo unutra\u0161nje \u010di\u0161\u0107enje leka. Zbog toga se preporu\u010duje spora aklimatizacija na novu hranu. Kada se probavni sistem navikne na njih, daju za\u010dinjenu notu supama, varivima ili sosovima. Su\u0161eni i mljeveni, pogodni su i za pe\u010denje kola\u010da, hleba ili keksa. Zbog intenzivnog ukusa rotkvice, relativno male koli\u010dine su uvek dovoljne. Neke izjave ukazuju na to da su samo dva ili tri semena moringe dnevno u stanju da reguli\u0161u metabolizam \u0161e\u0107era, \u010dak i kod dijabetesa. Eksperimenti bez konsultacije sa medicinskim stru\u010dnjakom nisu preporu\u010dljivi, ali pa\u017eljiv poku\u0161aj sa veoma niskom dozom ne bi trebalo da bude \u0161tetan. <strong>Doziranje semena moringe:<\/strong><br \/>\nAko \u017eelite da koristite seme moringe, trebalo bi da po\u010dnete sa izuzetno niskom dozom, kao \u0161to je ve\u0107 opisano: U osnovnom stanju, preporu\u010dena dnevna koli\u010dina za po\u010detak bi odgovarala oko jednoj ka\u0161i\u010dici, ili ukupno dve do tri olju\u0161tene semenke. <strong>Na\u0161a preporuka:<\/strong><br \/>\nKada ste uzeli olju\u0161tene seme, jedite seme sa desetinama pre nego \u0161to ih progutate. Na kraju, molim vas popijte malo vode sa njom. Zavr\u0161etak je sladak i ukusan.  <\/p>\n","protected":false},"featured_media":1256,"template":"","meta":[],"product_brand":[],"product_cat":[62],"product_tag":[],"class_list":{"0":"post-1255","1":"product","2":"type-product","3":"status-publish","4":"has-post-thumbnail","6":"product_cat-62","7":"product_shipping_class-64","9":"first","10":"instock","11":"taxable","12":"shipping-taxable","13":"purchasable","14":"product-type-variable"},"_links":{"self":[{"href":"https:\/\/algo.swiss\/sr\/wp-json\/wp\/v2\/product\/1255","targetHints":{"allow":["GET"]}}],"collection":[{"href":"https:\/\/algo.swiss\/sr\/wp-json\/wp\/v2\/product"}],"about":[{"href":"https:\/\/algo.swiss\/sr\/wp-json\/wp\/v2\/types\/product"}],"wp:featuredmedia":[{"embeddable":true,"href":"https:\/\/algo.swiss\/sr\/wp-json\/wp\/v2\/media\/1256"}],"wp:attachment":[{"href":"https:\/\/algo.swiss\/sr\/wp-json\/wp\/v2\/media?parent=1255"}],"wp:term":[{"taxonomy":"product_brand","embeddable":true,"href":"https:\/\/algo.swiss\/sr\/wp-json\/wp\/v2\/product_brand?post=1255"},{"taxonomy":"product_cat","embeddable":true,"href":"https:\/\/algo.swiss\/sr\/wp-json\/wp\/v2\/product_cat?post=1255"},{"taxonomy":"product_tag","embeddable":true,"href":"https:\/\/algo.swiss\/sr\/wp-json\/wp\/v2\/product_tag?post=1255"}],"curies":[{"name":"wp","href":"https:\/\/api.w.org\/{rel}","templated":true}]}}