{"id":1266,"date":"2022-11-30T19:57:14","date_gmt":"2022-11-30T18:57:14","guid":{"rendered":"https:\/\/algo.swiss\/shop\/%d0%b0%d0%bb%d0%b3%d0%be-%d1%81%d0%bf%d0%b0-%d0%b5%d0%bd%d0%b5%d1%80%d0%b3y-%d0%bb%d0%b8%d0%b2%d0%b5-%d0%b1%d0%b5%d0%b7-%d0%bf%d1%80%d0%be%d0%b8%d0%b7%d0%b2%d0%be%d0%b4%d0%b0\/"},"modified":"2025-01-19T21:38:14","modified_gmt":"2025-01-19T20:38:14","slug":"%d0%b0%d0%bb%d0%b3%d0%be-%d1%81%d0%bf%d0%b0-%d0%b5%d0%bd%d0%b5%d1%80%d0%b3y-%d0%bb%d0%b8%d0%b2%d0%b5-%d0%b1%d0%b5%d0%b7-%d0%bf%d1%80%d0%be%d0%b8%d0%b7%d0%b2%d0%be%d0%b4%d0%b0","status":"publish","type":"product","link":"https:\/\/algo.swiss\/sr\/shop\/%d0%b0%d0%bb%d0%b3%d0%be-%d1%81%d0%bf%d0%b0-%d0%b5%d0%bd%d0%b5%d1%80%d0%b3y-%d0%bb%d0%b8%d0%b2%d0%b5-%d0%b1%d0%b5%d0%b7-%d0%bf%d1%80%d0%be%d0%b8%d0%b7%d0%b2%d0%be%d0%b4%d0%b0\/","title":{"rendered":"ALGO Spa &#8211; ENERGY Live (bez proizvoda)"},"content":{"rendered":"","protected":false},"excerpt":{"rendered":"<p><strong>Popusti od 25 komada na zahtev<\/strong><\/p>\n<p>Stavite dvodelno crno higijensko PVC odelo, a zatim zlatno ALGO Spa odelo (ovaj proces traje 1-2 minuta). Uklju\u010dite vreme (30-60 min) za \u017eeljenu primenu:<\/p>\n<ul>\n<li>Pre\u010di\u0161\u0107avanje i detoksikacija<\/li>\n<li>Drena\u017ea tela<\/li>\n<li>Ubrzanje metabolizma<\/li>\n<li>Smanjenje obima i zatezanje ko\u017ee<\/li>\n<li>Protiv napetosti mi\u0161i\u0107a i le\u0111a<\/li>\n<li>Protiv \u017ealbi na zglobove<\/li>\n<li>Ja\u010danje imunog sistema<\/li>\n<li>Regulisanje problema sa cirkulacijom<\/li>\n<li>Gubitak te\u017eine i anticelulit<\/li>\n<\/ul>\n<p>ALGO Spa odelo uklju\u010duje: KSNUMKSk <a href=\"https:\/\/algo.swiss\/shop\/algo-spa-pvc-hygiene-anzug\/\" target=\"_blank\" rel=\"noopener\">higijensko odijelo za pranje<\/a>, zlatno ALGO spa odijelo.<\/p>\n","protected":false},"featured_media":1267,"template":"","meta":[],"product_brand":[],"product_cat":[62],"product_tag":[],"class_list":{"0":"post-1266","1":"product","2":"type-product","3":"status-publish","4":"has-post-thumbnail","6":"product_cat-62","7":"product_shipping_class-63","9":"first","10":"instock","11":"taxable","12":"shipping-taxable","13":"purchasable","14":"product-type-simple"},"_links":{"self":[{"href":"https:\/\/algo.swiss\/sr\/wp-json\/wp\/v2\/product\/1266","targetHints":{"allow":["GET"]}}],"collection":[{"href":"https:\/\/algo.swiss\/sr\/wp-json\/wp\/v2\/product"}],"about":[{"href":"https:\/\/algo.swiss\/sr\/wp-json\/wp\/v2\/types\/product"}],"wp:featuredmedia":[{"embeddable":true,"href":"https:\/\/algo.swiss\/sr\/wp-json\/wp\/v2\/media\/1267"}],"wp:attachment":[{"href":"https:\/\/algo.swiss\/sr\/wp-json\/wp\/v2\/media?parent=1266"}],"wp:term":[{"taxonomy":"product_brand","embeddable":true,"href":"https:\/\/algo.swiss\/sr\/wp-json\/wp\/v2\/product_brand?post=1266"},{"taxonomy":"product_cat","embeddable":true,"href":"https:\/\/algo.swiss\/sr\/wp-json\/wp\/v2\/product_cat?post=1266"},{"taxonomy":"product_tag","embeddable":true,"href":"https:\/\/algo.swiss\/sr\/wp-json\/wp\/v2\/product_tag?post=1266"}],"curies":[{"name":"wp","href":"https:\/\/api.w.org\/{rel}","templated":true}]}}