{"id":1492,"date":"2025-10-15T18:35:32","date_gmt":"2025-10-15T16:35:32","guid":{"rendered":"https:\/\/algo.swiss\/shop\/vaucer-za-oporavak-i-opustanje-misica\/"},"modified":"2025-10-15T18:35:32","modified_gmt":"2025-10-15T16:35:32","slug":"vaucer-za-oporavak-i-opustanje-misica","status":"publish","type":"product","link":"https:\/\/algo.swiss\/sr\/shop\/vaucer-za-oporavak-i-opustanje-misica\/","title":{"rendered":"Vau\u010der za oporavak i opu\u0161tanje mi\u0161i\u0107a"},"content":{"rendered":"","protected":false},"excerpt":{"rendered":"","protected":false},"featured_media":1474,"template":"","meta":[],"product_brand":[],"product_cat":[62],"product_tag":[],"class_list":{"0":"post-1492","1":"product","2":"type-product","3":"status-publish","4":"has-post-thumbnail","6":"product_cat-62","8":"first","9":"instock","10":"taxable","11":"shipping-taxable","12":"purchasable","13":"product-type-simple"},"_links":{"self":[{"href":"https:\/\/algo.swiss\/sr\/wp-json\/wp\/v2\/product\/1492","targetHints":{"allow":["GET"]}}],"collection":[{"href":"https:\/\/algo.swiss\/sr\/wp-json\/wp\/v2\/product"}],"about":[{"href":"https:\/\/algo.swiss\/sr\/wp-json\/wp\/v2\/types\/product"}],"wp:featuredmedia":[{"embeddable":true,"href":"https:\/\/algo.swiss\/sr\/wp-json\/wp\/v2\/media\/1474"}],"wp:attachment":[{"href":"https:\/\/algo.swiss\/sr\/wp-json\/wp\/v2\/media?parent=1492"}],"wp:term":[{"taxonomy":"product_brand","embeddable":true,"href":"https:\/\/algo.swiss\/sr\/wp-json\/wp\/v2\/product_brand?post=1492"},{"taxonomy":"product_cat","embeddable":true,"href":"https:\/\/algo.swiss\/sr\/wp-json\/wp\/v2\/product_cat?post=1492"},{"taxonomy":"product_tag","embeddable":true,"href":"https:\/\/algo.swiss\/sr\/wp-json\/wp\/v2\/product_tag?post=1492"}],"curies":[{"name":"wp","href":"https:\/\/api.w.org\/{rel}","templated":true}]}}