{"id":1502,"date":"2025-10-15T18:36:23","date_gmt":"2025-10-15T16:36:23","guid":{"rendered":"https:\/\/algo.swiss\/shop\/vaucer-metabolicki-ubrzanje-i-oporavak-misica\/"},"modified":"2025-10-15T18:36:23","modified_gmt":"2025-10-15T16:36:23","slug":"vaucer-metabolicki-ubrzanje-i-oporavak-misica","status":"publish","type":"product","link":"https:\/\/algo.swiss\/sr\/shop\/vaucer-metabolicki-ubrzanje-i-oporavak-misica\/","title":{"rendered":"Vau\u010der Metaboli\u010dki ubrzanje i oporavak mi\u0161i\u0107a"},"content":{"rendered":"","protected":false},"excerpt":{"rendered":"","protected":false},"featured_media":1544,"template":"","meta":[],"product_brand":[],"product_cat":[62],"product_tag":[],"class_list":{"0":"post-1502","1":"product","2":"type-product","3":"status-publish","4":"has-post-thumbnail","6":"product_cat-62","8":"first","9":"instock","10":"taxable","11":"shipping-taxable","12":"purchasable","13":"product-type-simple"},"_links":{"self":[{"href":"https:\/\/algo.swiss\/sr\/wp-json\/wp\/v2\/product\/1502","targetHints":{"allow":["GET"]}}],"collection":[{"href":"https:\/\/algo.swiss\/sr\/wp-json\/wp\/v2\/product"}],"about":[{"href":"https:\/\/algo.swiss\/sr\/wp-json\/wp\/v2\/types\/product"}],"wp:featuredmedia":[{"embeddable":true,"href":"https:\/\/algo.swiss\/sr\/wp-json\/wp\/v2\/media\/1544"}],"wp:attachment":[{"href":"https:\/\/algo.swiss\/sr\/wp-json\/wp\/v2\/media?parent=1502"}],"wp:term":[{"taxonomy":"product_brand","embeddable":true,"href":"https:\/\/algo.swiss\/sr\/wp-json\/wp\/v2\/product_brand?post=1502"},{"taxonomy":"product_cat","embeddable":true,"href":"https:\/\/algo.swiss\/sr\/wp-json\/wp\/v2\/product_cat?post=1502"},{"taxonomy":"product_tag","embeddable":true,"href":"https:\/\/algo.swiss\/sr\/wp-json\/wp\/v2\/product_tag?post=1502"}],"curies":[{"name":"wp","href":"https:\/\/api.w.org\/{rel}","templated":true}]}}